{"id":9499,"date":"2025-08-14T08:51:29","date_gmt":"2025-08-14T07:51:29","guid":{"rendered":"https:\/\/sei.gov.cz\/?page_id=9499"},"modified":"2025-08-15T12:12:58","modified_gmt":"2025-08-15T11:12:58","slug":"vyjadrovani-sei-ve-stavebnich-rizenich","status":"publish","type":"page","link":"https:\/\/sei.gov.cz\/?page_id=9499","title":{"rendered":"Vyjad\u0159ov\u00e1n\u00ed SEI ve stavebn\u00edch \u0159\u00edzen\u00edch"},"content":{"rendered":"\n<p>Podle \u00a7 13 z\u00e1kona \u010d. 406\/2000 Sb., o hospoda\u0159en\u00ed energi\u00ed, ve zn\u011bn\u00ed pozd\u011bj\u0161\u00edch p\u0159edpis\u016f (d\u00e1le jen \u201ez\u00e1kon \u010d. 406\/2000 Sb.\u201c), je St\u00e1tn\u00ed energetick\u00e1 inspekce dot\u010den\u00fdm org\u00e1nem stavebn\u00edho \u0159\u00edzen\u00ed v t\u011bchto p\u0159\u00edpadech:<\/p>\n\n\n\n<ul class=\"wp-block-list\">\n<li><em>&nbsp;nej\u010dast\u011bji \u017e\u00e1d\u00e1-li stavebn\u00edk o kolauda\u010dn\u00ed rozhodnut\u00ed v p\u0159\u00edpad\u011b v\u00fdstavby nov\u00e9 budovy* (plat\u00ed pro budovy nad 750 m<\/em><em><sup>2<\/sup><\/em><em>&nbsp;energeticky vzta\u017en\u00e9 plochy**)<\/em><\/li>\n<\/ul>\n\n\n\n<p>Stavebn\u00edk dokl\u00e1d\u00e1 pr\u016fkazem energetick\u00e9 n\u00e1ro\u010dnosti budovy pln\u011bn\u00ed po\u017eadavk\u016f z\u00e1kona \u010d. 406\/2000 Sb.,<em>&nbsp;<\/em><\/p>\n\n\n\n<p><strong>* definice podle&nbsp; \u00a7 2 odst. 1 p\u00edsm. s) z\u00e1kona \u010d. 406\/2000 Sb., zm\u011bna dokon\u010den\u00e9 budovy na v\u00edce ne\u017e 25 % celkov\u00e9 plochy ob\u00e1lky budovy,<\/strong><\/p>\n\n\n\n<p><strong>** definice podle&nbsp; \u00a7 2 odst. 1 p\u00edsm. r) z\u00e1kona \u010d. 406\/2000 Sb., vn\u011bj\u0161\u00ed p\u016fdorysn\u00e1 plocha v\u0161ech prostor\u016f s upravovan\u00fdm vnit\u0159n\u00edm prost\u0159ed\u00edm ve v\u0161ech podla\u017e\u00edch budovy nebo jej\u00ed ucelen\u00e9 \u010d\u00e1sti<\/strong><\/p>\n\n\n\n<ul class=\"wp-block-list\">\n<li><em>d\u00e1le pak v p\u0159\u00edpad\u011b \u017e\u00e1dosti o povolen\u00ed z\u00e1m\u011bru zm\u011bny zp\u016fsobu vyt\u00e1p\u011bn\u00ed budovy p\u0159ipojen\u00e9 na soustavu z\u00e1sobov\u00e1n\u00ed tepelnou energi\u00ed<\/em><\/li>\n<\/ul>\n\n\n\n<p>Zde mus\u00ed b\u00fdt prok\u00e1z\u00e1no, \u017ee zm\u011bnou ve vyt\u00e1p\u011bn\u00ed nedojde ke zv\u00fd\u0161en\u00ed hodnot ukazatele energetick\u00e9 n\u00e1ro\u010dnosti budovy bu\u010f celkov\u00e9 dodan\u00e9 energie nebo prim\u00e1rn\u00ed energie z neobnoviteln\u00fdch zdroj\u016f. To je dolo\u017eeno rovn\u011b\u017e pr\u016fkazem energetick\u00e9 n\u00e1ro\u010dnosti budovy, kdy dle n\u00e1zoru SEI je pot\u0159eba dolo\u017eit pr\u016fkazy dva, a to pro star\u00fd a nov\u00fd stav, aby mohlo doj\u00edt k po\u017eadovan\u00e9mu porovn\u00e1n\u00ed.<\/p>\n\n\n\n<ul class=\"wp-block-list\">\n<li><em>posledn\u00edm, a ne p\u0159\u00edli\u0161 \u010dast\u00fdm p\u0159\u00edpadem je, kdy\u017e se povoluje z\u00e1m\u011br v\u00fdrobny tepla o celkov\u00e9m tepeln\u00e9m p\u0159\u00edkonu nad 20 MW<\/em><\/li>\n<\/ul>\n\n\n\n<p>S ohledem na v\u00fdznamnost takov\u00e9ho zdroje je ka\u017ed\u00fd p\u0159\u00edpad \u0159e\u0161en individu\u00e1ln\u011b.<\/p>\n\n\n\n<p><strong>Ve v\u00fd\u0161e vyjmenovan\u00fdch p\u0159\u00edpadech vyd\u00e1v\u00e1 St\u00e1tn\u00ed energetick\u00e1 inspekce nov\u011b tzv. vyj\u00e1d\u0159en\u00ed.<\/strong><strong><\/strong><\/p>\n\n\n\n<p>Obecn\u00fd vzor \u017e\u00e1dosti o vyj\u00e1d\u0159en\u00ed doporu\u010den\u00fd Ministerstvem pro m\u00edstn\u00ed rozvoj&nbsp; pro \u00fa\u010dely nov\u00e9ho stavebn\u00edho z\u00e1kona ke sta\u017een\u00ed:<\/p>\n\n\n\n<p>vzor ve form\u00e1tu word (velikost souboru 73 kB):&nbsp;<a href=\"https:\/\/sei.gov.cz\/wp-content\/uploads\/F2_ZADOST-O-VYJADRENI-NEBO-ZAVAZNE-STANOVISKO-DO_VZOR_26072024_fin-1.docx\">zde<\/a><\/p>\n\n\n\n<p>vzor ve form\u00e1tu pdf (soubor ulo\u017een\u00fd na str\u00e1nk\u00e1ch MMR, velikost souboru 328 kB):&nbsp;<a href=\"https:\/\/mmr.gov.cz\/getattachment\/Ministerstvo\/Stavebni-pravo\/Pravo-a-legislativa\/Novy-stavebni-zakon\/Formulare\/Nepovinne-formulare-(1)\/Dotcene-organy\/Dokumenty\/Zadost-o-vyjadreni-nebo-zavazne-stanovisko-dotcene\/F2_ZADOST-O-VYJADRENI-NEBO-ZAVAZNE-STANOVISKO-DO_VZOR_26072024_fin.pdf.aspx?lang=cs-CZ&amp;ext=.pdf\">zde<\/a><\/p>\n\n\n\n<p><strong>Kdo vy\u0159izuje \u017e\u00e1dosti o vyj\u00e1d\u0159en\u00ed<\/strong><\/p>\n\n\n\n<p>Vyj\u00e1d\u0159en\u00ed SEI vy\u0159izuj\u00ed p\u0159\u00edslu\u0161n\u00e9&nbsp;<strong>\u00fazemn\u00ed inspektor\u00e1ty SEI podle um\u00edst\u011bn\u00ed \u0159e\u0161en\u00e9 budovy (v\u00fdrobny)<\/strong>. Proto \u017e\u00e1dosti o vyj\u00e1d\u0159en\u00ed SEI v p\u0159\u00edpad\u011b osobn\u00edho doru\u010den\u00ed, nebo doru\u010den\u00ed prost\u0159ednictv\u00edm poskytovatele doru\u010dovac\u00edch slu\u017eeb,&nbsp; doporu\u010dujeme zas\u00edlat p\u0159\u00edmo jim. Skrze informa\u010dn\u00ed syt\u00e9m stavebn\u00edho \u0159\u00edzen\u00ed (d\u00e1le jen ISS\u0158), resp. port\u00e1l stavebn\u00edka je toto p\u0159id\u011blov\u00e1n\u00ed automatick\u00e9. Kontakty na \u00fazemn\u00ed inspektor\u00e1ty SEI naleznete zde:<\/p>\n\n\n\n<p><a href=\"https:\/\/sei.gov.cz\/?page_id=3575\" data-type=\"page\" data-id=\"3575\">\u00dazI SEI dle kraj\u016f<\/a><\/p>\n\n\n\n<p><strong>Zp\u016fsoby pod\u00e1n\u00ed \u017e\u00e1dosti<\/strong><strong><\/strong><\/p>\n\n\n\n<p>\u017d\u00e1dost o povolen\u00ed z\u00e1m\u011bru nebo o \u017e\u00e1dost o kolauda\u010dn\u00ed rozhodnut\u00ed pod\u00e1v\u00e1 stavebn\u00edk elektronicky prost\u0159ednictv\u00edm tzv.&nbsp;<a href=\"https:\/\/portal.stavebnisprava.gov.cz\/\">port\u00e1lu stavebn\u00edka.<\/a>&nbsp;Jeliko\u017e se jedn\u00e1 o \u0159\u00edzen\u00ed podle z\u00e1kona \u010d. 283\/2021 Sb., stavebn\u00ed z\u00e1kon, ve zn\u011bn\u00ed pozd\u011bj\u0161\u00edch p\u0159edpis\u016f (d\u00e1le jen \u201estavebn\u00ed z\u00e1kon\u201c), jsou tato \u0159\u00edzen\u00ed vedena stavebn\u00edmi \u00fa\u0159ady. Podle \u00a7 173 stavebn\u00edho z\u00e1kona, eviduj\u00ed stavebn\u00ed \u00fa\u0159ady&nbsp; ve\u0161ker\u00e9 \u00fakony a ve\u0161ker\u00e9 p\u00edsemnosti v ISS\u0158. Komunikace mezi stavebn\u00edmi \u00fa\u0159ady a dot\u010den\u00fdmi org\u00e1ny prob\u00edh\u00e1 rovn\u011b\u017e p\u0159es ISS\u0158 a stavebn\u00ed \u00fa\u0159ad by si tedy m\u011bl vy\u017e\u00e1dat vyj\u00e1d\u0159en\u00ed SEI skrze tyto port\u00e1ly. Pokud chce stavebn\u00edk urychlit cel\u00fd proces, m\u016f\u017ee je\u0161t\u011b p\u0159ed pod\u00e1n\u00edm \u017e\u00e1dosti nap\u0159. o kolauda\u010dn\u00ed rozhodnut\u00ed po\u017e\u00e1dat SEI o jej\u00ed vyj\u00e1d\u0159en\u00ed k tomuto budouc\u00edmu kolauda\u010dn\u00edmu rozhodnut\u00ed klasick\u00fdmi cestami:<\/p>\n\n\n\n<ul class=\"wp-block-list\">\n<li>datovou schr\u00e1nkou \u2013 scan formul\u00e1\u0159e \u017e\u00e1dosti,<\/li>\n\n\n\n<li>osobn\u011b \u2013 formul\u00e1\u0159 \u017e\u00e1dosti o vyj\u00e1d\u0159en\u00ed mus\u00ed b\u00fdt podeps\u00e1n, v p\u0159\u00edpad\u011b elektronick\u00e9ho podpisu mus\u00ed b\u00fdt doru\u010dena i konverzn\u00ed dolo\u017eka, p\u0159\u00edlohy lze po dohod\u011b zaslat e-mailem nebo p\u0159in\u00e9st v elektronick\u00e9 podob\u011b na DVD nebo CD,<\/li>\n\n\n\n<li>po\u0161tou \u2013 formul\u00e1\u0159 \u017e\u00e1dosti o vyj\u00e1d\u0159en\u00ed mus\u00ed b\u00fdt podeps\u00e1n, v p\u0159\u00edpad\u011b elektronick\u00e9ho podpisu mus\u00ed b\u00fdt doru\u010dena i konverzn\u00ed dolo\u017eka. P\u0159\u00edlohy je mo\u017eno zaslat po\u0161tou v ti\u0161t\u011bn\u00e9 podob\u011b spole\u010dn\u011b s \u017e\u00e1dost\u00ed nebo p\u0159ilo\u017eit v elektronick\u00e9 podob\u011b na DVD nebo CD,<\/li>\n\n\n\n<li>e-mailem \u2013 formul\u00e1\u0159 \u017e\u00e1dosti mus\u00ed b\u00fdt podeps\u00e1n elektronicky. V&nbsp;p\u0159\u00edpad\u011b zasl\u00e1n\u00ed scanu \u017e\u00e1dosti opat\u0159en\u00e9 vlastnoru\u010dn\u00edm podpisem mus\u00ed b\u00fdt p\u0159ilo\u017eena konverzn\u00ed dolo\u017eka (vyhotovuje CzechPoint nap\u0159. \u010cesk\u00e1 po\u0161ta) nebo do 5 pracovn\u00edch dn\u00ed mus\u00ed b\u00fdt origin\u00e1l \u017e\u00e1dosti doru\u010den po\u0161tou nebo osobn\u011b na p\u0159\u00edslu\u0161n\u00fd \u00fazemn\u00ed inspektor\u00e1t SEI.<\/li>\n<\/ul>\n\n\n\n<p>SEI pak tuto \u017e\u00e1dost do informa\u010dn\u00edho syst\u00e9mu zaeviduje, po\u0161le ji stavebn\u00edkovi a dal\u0161\u00ed kroky prob\u00edhaj\u00ed ji\u017e standardn\u011b p\u0159es v\u00fd\u0161e uveden\u00e9 port\u00e1ly.<\/p>\n\n\n\n<h2 class=\"wp-block-heading\">Aktuality<\/h2>\n\n\n\n<div class=\"wp-block-query is-layout-flow wp-block-query-is-layout-flow\"><ul class=\"wp-block-post-template is-layout-flow wp-block-post-template-is-layout-flow\"><li class=\"wp-block-post post-9188 post type-post status-publish format-standard has-post-thumbnail hentry category-aktuality category-stavebni-rizeni tag-uvodni-stranka latest_post\">\n\n<div class=\"wp-block-columns alignwide is-layout-flex wp-container-core-columns-is-layout-9d6595d7 wp-block-columns-is-layout-flex\">\n<div class=\"wp-block-column is-layout-flow wp-block-column-is-layout-flow\" style=\"flex-basis:20%\"><figure class=\"wp-block-post-featured-image\"><a href=\"https:\/\/sei.gov.cz\/?p=9188\" target=\"_self\"  ><img loading=\"lazy\" decoding=\"async\" width=\"120\" height=\"114\" src=\"https:\/\/sei.gov.cz\/wp-content\/uploads\/Doc-Search.svg\" class=\"attachment-post-thumbnail size-post-thumbnail wp-post-image\" alt=\"Role SEI podle \u00a7 13 odst. 2 z\u00e1kona o hospoda\u0159en\u00ed energi\u00ed\" style=\"object-fit:cover;\" \/><\/a><\/figure><\/div>\n\n\n\n<div class=\"wp-block-column is-layout-flow wp-block-column-is-layout-flow\" style=\"flex-basis:80%\"><h2 class=\"wp-block-post-title\"><a href=\"https:\/\/sei.gov.cz\/?p=9188\" target=\"_self\" >Role SEI podle \u00a7 13 odst. 2 z\u00e1kona o hospoda\u0159en\u00ed energi\u00ed<\/a><\/h2>\n\n<div class=\"wp-block-post-date\"><time datetime=\"2025-07-03T08:51:06+01:00\">3. \u010dervence 2025<\/time><\/div>\n\n<div class=\"wp-block-post-excerpt\"><p class=\"wp-block-post-excerpt__excerpt\">Podle \u00a7 13 odst. 2 z\u00e1kona \u010d. 406\/2000 Sb., o hospoda\u0159en\u00ed energi\u00ed, ve zn\u011bn\u00ed pozd\u011bj\u0161\u00edch p\u0159edpis\u016f, je St\u00e1tn\u00ed energetick\u00e1 inspekce (\u201eSEI\u201c) dot\u010den\u00fdm org\u00e1nem v t\u011bchto p\u0159\u00edpadech: V t\u011bchto uveden\u00fdch p\u0159\u00edpadech vyd\u00e1v\u00e1 SEI stanoviska v r\u00e1mci veden\u00fdch \u0159\u00edzen\u00ed. Do\u0161lo tedy k \u00faprav\u011b oproti p\u0159edchoz\u00ed verzi legislativy a SEI ji\u017e ne\u0159e\u0161\u00ed po\u0159izov\u00e1n\u00ed \u00fazemn\u00ed pl\u00e1novac\u00ed dokumentace v p\u0159\u00edpad\u011b,&hellip; <\/p><\/div><\/div>\n<\/div>\n\n<\/li><li class=\"wp-block-post post-9069 post type-post status-publish format-standard has-post-thumbnail hentry category-archiv-uredni_deska category-stavebni-rizeni latest_post\">\n\n<div class=\"wp-block-columns alignwide is-layout-flex wp-container-core-columns-is-layout-9d6595d7 wp-block-columns-is-layout-flex\">\n<div class=\"wp-block-column is-layout-flow wp-block-column-is-layout-flow\" style=\"flex-basis:20%\"><figure class=\"wp-block-post-featured-image\"><a href=\"https:\/\/sei.gov.cz\/?p=9069\" target=\"_self\"  ><img loading=\"lazy\" decoding=\"async\" width=\"117\" height=\"114\" src=\"https:\/\/sei.gov.cz\/wp-content\/uploads\/Petition-1.svg\" class=\"attachment-post-thumbnail size-post-thumbnail wp-post-image\" alt=\"Vyjad\u0159ov\u00e1n\u00ed SEI ve stavebn\u00edch \u0159\u00edzen\u00edch\" style=\"object-fit:cover;\" \/><\/a><\/figure><\/div>\n\n\n\n<div class=\"wp-block-column is-layout-flow wp-block-column-is-layout-flow\" style=\"flex-basis:80%\"><h2 class=\"wp-block-post-title\"><a href=\"https:\/\/sei.gov.cz\/?p=9069\" target=\"_self\" >Vyjad\u0159ov\u00e1n\u00ed SEI ve stavebn\u00edch \u0159\u00edzen\u00edch<\/a><\/h2>\n\n<div class=\"wp-block-post-date\"><time datetime=\"2024-12-04T14:15:00+01:00\">4. prosince 2024<\/time><\/div>\n\n<div class=\"wp-block-post-excerpt\"><p class=\"wp-block-post-excerpt__excerpt\">Podle \u00a7 13 z\u00e1kona \u010d. 406\/2000 Sb., o hospoda\u0159en\u00ed energi\u00ed, ve zn\u011bn\u00ed pozd\u011bj\u0161\u00edch p\u0159edpis\u016f (d\u00e1le jen &#8222;z\u00e1kon \u010d. 406\/2000 Sb.&#8220;), je St\u00e1tn\u00ed energetick\u00e1 inspekce dot\u010den\u00fdm org\u00e1nem stavebn\u00edho \u0159\u00edzen\u00ed v t\u011bchto p\u0159\u00edpadech: Stavebn\u00edk dokl\u00e1d\u00e1 pr\u016fkazem energetick\u00e9 n\u00e1ro\u010dnosti budovy pln\u011bn\u00ed po\u017eadavk\u016f z\u00e1kona \u010d. 406\/2000 Sb., * definice podle\u00a0 \u00a7 2 odst. 1 p\u00edsm. r) z\u00e1kona \u010d. 406\/2000&hellip; <\/p><\/div><\/div>\n<\/div>\n\n<\/li><li class=\"wp-block-post post-9049 post type-post status-publish format-standard has-post-thumbnail hentry category-archiv-uredni_deska category-stavebni-rizeni latest_post\">\n\n<div class=\"wp-block-columns alignwide is-layout-flex wp-container-core-columns-is-layout-9d6595d7 wp-block-columns-is-layout-flex\">\n<div class=\"wp-block-column is-layout-flow wp-block-column-is-layout-flow\" style=\"flex-basis:20%\"><figure class=\"wp-block-post-featured-image\"><a href=\"https:\/\/sei.gov.cz\/?p=9049\" target=\"_self\"  ><img loading=\"lazy\" decoding=\"async\" width=\"120\" height=\"114\" src=\"https:\/\/sei.gov.cz\/wp-content\/uploads\/Doc-Search.svg\" class=\"attachment-post-thumbnail size-post-thumbnail wp-post-image\" alt=\"Metodick\u00fd pokyn MMR pro kolaudaci staveb povolen\u00fdch podle p\u0159edchoz\u00edch verz\u00ed stavebn\u00edch z\u00e1kon\u016f\" style=\"object-fit:cover;\" \/><\/a><\/figure><\/div>\n\n\n\n<div class=\"wp-block-column is-layout-flow wp-block-column-is-layout-flow\" style=\"flex-basis:80%\"><h2 class=\"wp-block-post-title\"><a href=\"https:\/\/sei.gov.cz\/?p=9049\" target=\"_self\" >Metodick\u00fd pokyn MMR pro kolaudaci staveb povolen\u00fdch podle p\u0159edchoz\u00edch verz\u00ed stavebn\u00edch z\u00e1kon\u016f<\/a><\/h2>\n\n<div class=\"wp-block-post-date\"><time datetime=\"2024-08-27T14:05:00+01:00\">27. srpna 2024<\/time><\/div>\n\n<div class=\"wp-block-post-excerpt\"><p class=\"wp-block-post-excerpt__excerpt\">Ministerstvo pro m\u00edstn\u00ed rozvoj, jako\u017eto v\u011bcn\u00fd gestor stavebn\u00edho z\u00e1kona, vydalo metodick\u00fd pokyn t\u00fdkaj\u00edc\u00ed se kolaudov\u00e1n\u00ed staveb povolen\u00fdch podle p\u0159edchoz\u00edch verz\u00ed stavebn\u00edch z\u00e1kon\u016f. Tento metodick\u00fd pokyn zahrnuje rovn\u011b\u017e problematiku \u0159e\u0161enou SEI jako dot\u010den\u00fdm org\u00e1nem podle odst. 1 \u00a713 z\u00e1kona \u010d. 406\/2000 Sb., o hospoda\u0159en\u00ed energi\u00ed, ve zn\u011bn\u00ed pozd\u011bj\u0161\u00edch p\u0159edpis\u016f. V&nbsp;reakci na tento metodick\u00fd pokyn, &nbsp;se kter\u00fdm&hellip; <\/p><\/div><\/div>\n<\/div>\n\n<\/li><li class=\"wp-block-post post-9018 post type-post status-publish format-standard has-post-thumbnail hentry category-stavebni-rizeni latest_post\">\n\n<div class=\"wp-block-columns alignwide is-layout-flex wp-container-core-columns-is-layout-9d6595d7 wp-block-columns-is-layout-flex\">\n<div class=\"wp-block-column is-layout-flow wp-block-column-is-layout-flow\" style=\"flex-basis:20%\"><figure class=\"wp-block-post-featured-image\"><a href=\"https:\/\/sei.gov.cz\/?p=9018\" target=\"_self\"  ><img loading=\"lazy\" decoding=\"async\" width=\"117\" height=\"114\" src=\"https:\/\/sei.gov.cz\/wp-content\/uploads\/Petition-1.svg\" class=\"attachment-post-thumbnail size-post-thumbnail wp-post-image\" alt=\"Vyj\u00e1d\u0159en\u00ed k z\u00e1vazn\u00fdm stanovisk\u016fm\" style=\"object-fit:cover;\" \/><\/a><\/figure><\/div>\n\n\n\n<div class=\"wp-block-column is-layout-flow wp-block-column-is-layout-flow\" style=\"flex-basis:80%\"><h2 class=\"wp-block-post-title\"><a href=\"https:\/\/sei.gov.cz\/?p=9018\" target=\"_self\" >Vyj\u00e1d\u0159en\u00ed k z\u00e1vazn\u00fdm stanovisk\u016fm<\/a><\/h2>\n\n<div class=\"wp-block-post-date\"><time datetime=\"2023-08-03T13:50:59+01:00\">3. srpna 2023<\/time><\/div>\n\n<div class=\"wp-block-post-excerpt\"><p class=\"wp-block-post-excerpt__excerpt\">St\u00e1tn\u00ed energetick\u00e1 inspekce i nad\u00e1le vyd\u00e1v\u00e1 z\u00e1vazn\u00e1 stanoviska ve smyslu z\u00e1kona \u010d. 406\/2000 Sb., o hospoda\u0159en\u00ed energi\u00ed, ve zn\u011bn\u00ed pozd\u011bj\u0161\u00edch p\u0159edpis\u016f,\u00a0pokud je stanovena povinnost plnit po\u017eadavky na energetickou n\u00e1ro\u010dnost budovy podle prov\u00e1d\u011bc\u00edho pr\u00e1vn\u00edho p\u0159edpisu a p\u0159i pod\u00e1n\u00ed \u017e\u00e1dosti o stavebn\u00ed povolen\u00ed, \u017e\u00e1dosti o spole\u010dn\u00e9 povolen\u00ed, kter\u00fdm se stavba umis\u0165uje a povoluje, \u017e\u00e1dosti o zm\u011bnu stavby&hellip; <\/p><\/div><\/div>\n<\/div>\n\n<\/li><\/ul><\/div>\n","protected":false},"excerpt":{"rendered":"<p>Podle \u00a7 13 z\u00e1kona \u010d. 406\/2000 Sb., o hospoda\u0159en\u00ed energi\u00ed, ve zn\u011bn\u00ed pozd\u011bj\u0161\u00edch p\u0159edpis\u016f (d\u00e1le jen \u201ez\u00e1kon \u010d. 406\/2000 Sb.\u201c), je St\u00e1tn\u00ed energetick\u00e1 inspekce dot\u010den\u00fdm org\u00e1nem stavebn\u00edho \u0159\u00edzen\u00ed v t\u011bchto p\u0159\u00edpadech: Stavebn\u00edk dokl\u00e1d\u00e1 pr\u016fkazem energetick\u00e9 n\u00e1ro\u010dnosti budovy pln\u011bn\u00ed po\u017eadavk\u016f z\u00e1kona \u010d. 406\/2000 Sb.,&nbsp; * definice podle&nbsp; \u00a7 2 odst. 1 p\u00edsm. s) z\u00e1kona \u010d. 406\/2000 &hellip; <\/p>\n","protected":false},"author":21,"featured_media":0,"parent":0,"menu_order":0,"comment_status":"closed","ping_status":"closed","template":"","meta":{"footnotes":""},"class_list":["post-9499","page","type-page","status-publish","hentry","latest_post"],"_links":{"self":[{"href":"https:\/\/sei.gov.cz\/index.php?rest_route=\/wp\/v2\/pages\/9499","targetHints":{"allow":["GET"]}}],"collection":[{"href":"https:\/\/sei.gov.cz\/index.php?rest_route=\/wp\/v2\/pages"}],"about":[{"href":"https:\/\/sei.gov.cz\/index.php?rest_route=\/wp\/v2\/types\/page"}],"author":[{"embeddable":true,"href":"https:\/\/sei.gov.cz\/index.php?rest_route=\/wp\/v2\/users\/21"}],"replies":[{"embeddable":true,"href":"https:\/\/sei.gov.cz\/index.php?rest_route=%2Fwp%2Fv2%2Fcomments&post=9499"}],"version-history":[{"count":6,"href":"https:\/\/sei.gov.cz\/index.php?rest_route=\/wp\/v2\/pages\/9499\/revisions"}],"predecessor-version":[{"id":9586,"href":"https:\/\/sei.gov.cz\/index.php?rest_route=\/wp\/v2\/pages\/9499\/revisions\/9586"}],"wp:attachment":[{"href":"https:\/\/sei.gov.cz\/index.php?rest_route=%2Fwp%2Fv2%2Fmedia&parent=9499"}],"curies":[{"name":"wp","href":"https:\/\/api.w.org\/{rel}","templated":true}]}}