{"id":9496,"date":"2025-08-14T08:48:10","date_gmt":"2025-08-14T07:48:10","guid":{"rendered":"https:\/\/sei.gov.cz\/?page_id=9496"},"modified":"2025-08-15T12:13:19","modified_gmt":"2025-08-15T11:13:19","slug":"kontrola-systemu-vytapeni-a-systemu-klimatizace","status":"publish","type":"page","link":"https:\/\/sei.gov.cz\/?page_id=9496","title":{"rendered":"Kontrola syst\u00e9m\u016f vyt\u00e1p\u011bn\u00ed a syst\u00e9m\u016f klimatizace"},"content":{"rendered":"\n<p>Vyt\u00e1p\u011bn\u00ed a v&nbsp;dne\u0161n\u00ed dob\u011b st\u00e1le aktu\u00e1ln\u011bj\u0161\u00ed chlazen\u00ed budovy m\u00e1 obecn\u011b nejvy\u0161\u0161\u00ed pod\u00edl spot\u0159eby energie v&nbsp;budov\u00e1ch. Z&nbsp;tohoto d\u016fvodu je pot\u0159eba v\u011bnovat t\u011bmto syst\u00e9m\u016fm pozornost, p\u0159isp\u00edvat k udr\u017eov\u00e1n\u00ed jejich spr\u00e1vn\u00e9ho provozu v souladu se specifikac\u00ed v\u00fdrobku a zaji\u0161\u0165ovat optim\u00e1ln\u00ed v\u00fdkon z hlediska environment\u00e1ln\u00edho, bezpe\u010dnostn\u00edho a energetick\u00e9ho&nbsp;pohledu. Proto je v&nbsp;z\u00e1kon\u011b \u010d. 406\/2000 Sb., o hospoda\u0159en\u00ed energi\u00ed, ve zn\u011bn\u00ed pozd\u011bj\u0161\u00edch p\u0159edpis\u016f (d\u00e1le jen \u201ez\u00e1kon\u201c) uvedeno, \u017ee m\u00e1 ka\u017ed\u00fd vlastn\u00edk budovy nebo spole\u010denstv\u00ed vlastn\u00edk\u016f budovy (d\u00e1le jen \u201eSVJ\u201c) zajistit pravidelnou (p\u011btiletou) kontrolu (p\u0159\u00edstupn\u00fdch \u010d\u00e1st\u00ed) provozovan\u00e9ho syst\u00e9mu vyt\u00e1p\u011bn\u00ed budovy nebo&nbsp;kombinovan\u00e9ho syst\u00e9mu vyt\u00e1p\u011bn\u00ed a v\u011btr\u00e1n\u00ed budovy a provozovan\u00e9ho syst\u00e9mu klimatizace nebo kombinovan\u00e9ho syst\u00e9mu klimatizace a v\u011btr\u00e1n\u00ed, v\u017edy se jmenovit\u00fdm v\u00fdkonem nad 70 kW, jej\u00edm\u017e&nbsp;v\u00fdsledkem je zpr\u00e1va o kontrole syst\u00e9mu. Zpr\u00e1vu vypracov\u00e1v\u00e1 tzv. energetick\u00fd specialista s&nbsp;p\u0159\u00edslu\u0161n\u00fdm opr\u00e1vn\u011bn\u00edm. V\u00edce je uvedeno v&nbsp;\u00a7 6a z\u00e1kona a vyhl\u00e1\u0161ce \u010d. 38\/2022, o kontrole provozovan\u00e9ho syst\u00e9mu vyt\u00e1p\u011bn\u00ed a kombinovan\u00e9ho syst\u00e9mu vyt\u00e1p\u011bn\u00ed a v\u011btr\u00e1n\u00ed a vyhl\u00e1\u0161ce \u010d. 284\/2022 Sb., o kontrole provozovan\u00e9ho syst\u00e9mu klimatizace a kombinovan\u00e9ho syst\u00e9mu klimatizace a v\u011btr\u00e1n\u00ed.<\/p>\n\n\n\n<h2 class=\"wp-block-heading\">Aktuality<\/h2>\n\n\n\n<div class=\"wp-block-query is-layout-flow wp-block-query-is-layout-flow\"><ul class=\"wp-block-post-template is-layout-flow wp-block-post-template-is-layout-flow\"><li class=\"wp-block-post post-8963 post type-post status-publish format-standard has-post-thumbnail hentry category-aktuality category-kontrola-systemu-vytapeni-a-klimatizace tag-uvodni-stranka latest_post\">\n\n<div class=\"wp-block-columns alignwide is-layout-flex wp-container-core-columns-is-layout-9d6595d7 wp-block-columns-is-layout-flex\">\n<div class=\"wp-block-column is-layout-flow wp-block-column-is-layout-flow\" style=\"flex-basis:20%\"><figure class=\"wp-block-post-featured-image\"><a href=\"https:\/\/sei.gov.cz\/?p=8963\" target=\"_self\"  ><img loading=\"lazy\" decoding=\"async\" width=\"117\" height=\"114\" src=\"https:\/\/sei.gov.cz\/wp-content\/uploads\/Petition-1.svg\" class=\"attachment-post-thumbnail size-post-thumbnail wp-post-image\" alt=\"SEI se v MF Dnes vyj\u00e1d\u0159ila k povinnosti revize syst\u00e9mu vyt\u00e1p\u011bn\u00ed\" style=\"object-fit:cover;\" \/><\/a><\/figure><\/div>\n\n\n\n<div class=\"wp-block-column is-layout-flow wp-block-column-is-layout-flow\" style=\"flex-basis:80%\"><h2 class=\"wp-block-post-title\"><a href=\"https:\/\/sei.gov.cz\/?p=8963\" target=\"_self\" >SEI se v MF Dnes vyj\u00e1d\u0159ila k povinnosti revize syst\u00e9mu vyt\u00e1p\u011bn\u00ed<\/a><\/h2>\n\n<div class=\"wp-block-post-date\"><time datetime=\"2025-03-24T14:20:38+01:00\">24. b\u0159ezna 2025<\/time><\/div>\n\n<div class=\"wp-block-post-excerpt\"><p class=\"wp-block-post-excerpt__excerpt\">Ve v\u00edkendov\u00e9 Mlad\u00e9 Front\u011b Dnes vy\u0161el \u010dl\u00e1nek t\u00fdkaj\u00edc\u00ed se povinnosti majitel\u016f budov zajistit revizi syst\u00e9mu vyt\u00e1p\u011bn\u00ed. V sou\u010dasn\u00e9 dob\u011b na trhu popt\u00e1vka p\u0159evy\u0161uje nab\u00eddku. Energetick\u00fdch specialist\u016f zam\u011b\u0159uj\u00edc\u00edch se na kontrolu syst\u00e9m\u016f vyt\u00e1p\u011bn\u00ed je velmi m\u00e1lo, co\u017e souvis\u00ed i s po\u010dtem budov, kter\u00e9 touto kontrolou pro\u0161ly. K t\u00e9matu se vyj\u00e1d\u0159ila i SEI, kter\u00e1 dohl\u00ed\u017e\u00ed na pln\u011bn\u00ed&hellip; <\/p><\/div><\/div>\n<\/div>\n\n<\/li><li class=\"wp-block-post post-9039 post type-post status-publish format-standard has-post-thumbnail hentry category-archiv-uredni_deska category-kontrola-systemu-vytapeni-a-klimatizace latest_post\">\n\n<div class=\"wp-block-columns alignwide is-layout-flex wp-container-core-columns-is-layout-9d6595d7 wp-block-columns-is-layout-flex\">\n<div class=\"wp-block-column is-layout-flow wp-block-column-is-layout-flow\" style=\"flex-basis:20%\"><figure class=\"wp-block-post-featured-image\"><a href=\"https:\/\/sei.gov.cz\/?p=9039\" target=\"_self\"  ><img loading=\"lazy\" decoding=\"async\" width=\"117\" height=\"114\" src=\"https:\/\/sei.gov.cz\/wp-content\/uploads\/Petition-1.svg\" class=\"attachment-post-thumbnail size-post-thumbnail wp-post-image\" alt=\"Vyj\u00e1d\u0159en\u00ed k povinnosti zajistit zpr\u00e1vu o kontrole syst\u00e9mu vyt\u00e1p\u011bn\u00ed a kombinovan\u00e9ho syst\u00e9mu vyt\u00e1p\u011bn\u00ed a v\u011btr\u00e1n\u00ed\" style=\"object-fit:cover;\" \/><\/a><\/figure><\/div>\n\n\n\n<div class=\"wp-block-column is-layout-flow wp-block-column-is-layout-flow\" style=\"flex-basis:80%\"><h2 class=\"wp-block-post-title\"><a href=\"https:\/\/sei.gov.cz\/?p=9039\" target=\"_self\" >Vyj\u00e1d\u0159en\u00ed k povinnosti zajistit zpr\u00e1vu o kontrole syst\u00e9mu vyt\u00e1p\u011bn\u00ed a kombinovan\u00e9ho syst\u00e9mu vyt\u00e1p\u011bn\u00ed a v\u011btr\u00e1n\u00ed<\/a><\/h2>\n\n<div class=\"wp-block-post-date\"><time datetime=\"2023-11-01T14:01:00+01:00\">1. listopadu 2023<\/time><\/div>\n\n<div class=\"wp-block-post-excerpt\"><p class=\"wp-block-post-excerpt__excerpt\">St\u00e1tn\u00ed energetick\u00e1 inspekce upozor\u0148uje na povinnost danou \u00a7 6a odst. 1 z\u00e1kona \u010d. 406\/2000 Sb., o hospoda\u0159en\u00ed energi\u00ed, ve zn\u011bn\u00ed pozd\u011bj\u0161\u00edch p\u0159edpis\u016f: Vlastn\u00edk budovy, spole\u010denstv\u00ed vlastn\u00edk\u016f jednotek nebo v p\u0159\u00edpad\u011b, \u017ee spole\u010denstv\u00ed vlastn\u00edk\u016f jednotek nevzniklo, spr\u00e1vce jsou u provozovan\u00e9ho syst\u00e9mu vyt\u00e1p\u011bn\u00ed budovy nebo kombinovan\u00e9ho syst\u00e9mu vyt\u00e1p\u011bn\u00ed a v\u011btr\u00e1n\u00ed budovy se jmenovit\u00fdm v\u00fdkonem nad 70 kW&hellip; <\/p><\/div><\/div>\n<\/div>\n\n<\/li><li class=\"wp-block-post post-1521 post type-post status-publish format-standard has-post-thumbnail hentry category-archiv-uredni_deska category-kontrola-systemu-vytapeni-a-klimatizace latest_post\">\n\n<div class=\"wp-block-columns alignwide is-layout-flex wp-container-core-columns-is-layout-9d6595d7 wp-block-columns-is-layout-flex\">\n<div class=\"wp-block-column is-layout-flow wp-block-column-is-layout-flow\" style=\"flex-basis:20%\"><figure class=\"wp-block-post-featured-image\"><a href=\"https:\/\/sei.gov.cz\/?p=1521\" target=\"_self\"  ><img loading=\"lazy\" decoding=\"async\" width=\"120\" height=\"114\" src=\"https:\/\/sei.gov.cz\/wp-content\/uploads\/Doc-Search.svg\" class=\"attachment-post-thumbnail size-post-thumbnail wp-post-image\" alt=\"Pravideln\u00e1 kontrola provozovan\u00fdch kotl\u016f a rozvod\u016f tepeln\u00e9 energie\" style=\"object-fit:cover;\" \/><\/a><\/figure><\/div>\n\n\n\n<div class=\"wp-block-column is-layout-flow wp-block-column-is-layout-flow\" style=\"flex-basis:80%\"><h2 class=\"wp-block-post-title\"><a href=\"https:\/\/sei.gov.cz\/?p=1521\" target=\"_self\" >Pravideln\u00e1 kontrola provozovan\u00fdch kotl\u016f a rozvod\u016f tepeln\u00e9 energie<\/a><\/h2>\n\n<div class=\"wp-block-post-date\"><time datetime=\"2015-09-18T12:43:41+01:00\">18. z\u00e1\u0159\u00ed 2015<\/time><\/div>\n\n<div class=\"wp-block-post-excerpt\"><p class=\"wp-block-post-excerpt__excerpt\">Kontrola provozovan\u00fdch kotl\u016f a p\u0159\u00edslu\u0161n\u00fdch rozvod\u016f tepeln\u00e9 energie slou\u017e\u00ed k hodnocen\u00ed jejich \u00fa\u010dinnosti, dimenzov\u00e1n\u00ed, provozuschopnosti a \u00fadr\u017eby. Sou\u010d\u00e1st\u00ed kontroly je tak\u00e9 doporu\u010den\u00ed k udr\u017een\u00ed, nebo zlep\u0161en\u00ed sou\u010dasn\u00e9ho technick\u00e9ho stavu za\u0159\u00edzen\u00ed. Po\u017eadavek na rozsah, zp\u016fsob a\u00a0\u010detnost prov\u00e1d\u011bn\u00ed kontroly kotl\u016f a\u00a0rozvod\u016f tepeln\u00e9 energie a\u00a0vzor a\u00a0obsah zpr\u00e1vy o\u00a0t\u011bchto kontrol\u00e1ch stanovuje vyhl\u00e1\u0161ka \u010d. 194\/2013 Sb., o kontrole kotl\u016f a&hellip; <\/p><\/div><\/div>\n<\/div>\n\n<\/li><li class=\"wp-block-post post-1387 post type-post status-publish format-standard has-post-thumbnail hentry category-archiv-uredni_deska category-budovy-prispevky category-kontrola-systemu-vytapeni-a-klimatizace latest_post\">\n\n<div class=\"wp-block-columns alignwide is-layout-flex wp-container-core-columns-is-layout-9d6595d7 wp-block-columns-is-layout-flex\">\n<div class=\"wp-block-column is-layout-flow wp-block-column-is-layout-flow\" style=\"flex-basis:20%\"><figure class=\"wp-block-post-featured-image\"><a href=\"https:\/\/sei.gov.cz\/?p=1387\" target=\"_self\"  ><img loading=\"lazy\" decoding=\"async\" width=\"120\" height=\"114\" src=\"https:\/\/sei.gov.cz\/wp-content\/uploads\/Doc-Search.svg\" class=\"attachment-post-thumbnail size-post-thumbnail wp-post-image\" alt=\"Pravideln\u00e9 kontroly klimatiza\u010dn\u00edch syst\u00e9m\u016f\" style=\"object-fit:cover;\" \/><\/a><\/figure><\/div>\n\n\n\n<div class=\"wp-block-column is-layout-flow wp-block-column-is-layout-flow\" style=\"flex-basis:80%\"><h2 class=\"wp-block-post-title\"><a href=\"https:\/\/sei.gov.cz\/?p=1387\" target=\"_self\" >Pravideln\u00e9 kontroly klimatiza\u010dn\u00edch syst\u00e9m\u016f<\/a><\/h2>\n\n<div class=\"wp-block-post-date\"><time datetime=\"2015-09-16T16:23:22+01:00\">16. z\u00e1\u0159\u00ed 2015<\/time><\/div>\n\n<div class=\"wp-block-post-excerpt\"><p class=\"wp-block-post-excerpt__excerpt\">Kontrola\u00a0provozovan\u00fdch klimatiza\u010dn\u00edch syst\u00e9m\u016f\u00a0hodnot\u00ed \u00fa\u010dinnost, dimenzov\u00e1n\u00ed, provozuschopnost a\u00a0\u00fadr\u017ebu provozovan\u00fdch za\u0159\u00edzen\u00ed. Sou\u010d\u00e1st\u00ed kontroly je tak\u00e9 doporu\u010den\u00ed k udr\u017een\u00ed, nebo zlep\u0161en\u00ed sou\u010dasn\u00e9ho technick\u00e9ho stavu za\u0159\u00edzen\u00ed. Po\u017eadavek na rozsah, \u010detnost a\u00a0zp\u016fsob prov\u00e1d\u011bn\u00ed kontroly klimatiza\u010dn\u00edch syst\u00e9m\u016f a\u00a0vzor a\u00a0obsah zpr\u00e1vy o\u00a0t\u011bchto kontrol\u00e1ch upravuje vyhl\u00e1\u0161ka \u010d. 193\/2013 Sb., o kontrole klimatiza\u010dn\u00edch syst\u00e9m\u016f. Kontrola se vztahuje na takov\u00fd klimatiza\u010dn\u00ed syst\u00e9m, kter\u00fd upravuje vnit\u0159n\u00ed&hellip; <\/p><\/div><\/div>\n<\/div>\n\n<\/li><\/ul><\/div>\n","protected":false},"excerpt":{"rendered":"<p>Vyt\u00e1p\u011bn\u00ed a v&nbsp;dne\u0161n\u00ed dob\u011b st\u00e1le aktu\u00e1ln\u011bj\u0161\u00ed chlazen\u00ed budovy m\u00e1 obecn\u011b nejvy\u0161\u0161\u00ed pod\u00edl spot\u0159eby energie v&nbsp;budov\u00e1ch. Z&nbsp;tohoto d\u016fvodu je pot\u0159eba v\u011bnovat t\u011bmto syst\u00e9m\u016fm pozornost, p\u0159isp\u00edvat k udr\u017eov\u00e1n\u00ed jejich spr\u00e1vn\u00e9ho provozu v souladu se specifikac\u00ed v\u00fdrobku a zaji\u0161\u0165ovat optim\u00e1ln\u00ed v\u00fdkon z hlediska environment\u00e1ln\u00edho, bezpe\u010dnostn\u00edho a energetick\u00e9ho&nbsp;pohledu. Proto je v&nbsp;z\u00e1kon\u011b \u010d. 406\/2000 Sb., o hospoda\u0159en\u00ed energi\u00ed, ve zn\u011bn\u00ed &hellip; <\/p>\n","protected":false},"author":21,"featured_media":0,"parent":0,"menu_order":0,"comment_status":"closed","ping_status":"closed","template":"","meta":{"footnotes":""},"class_list":["post-9496","page","type-page","status-publish","hentry","latest_post"],"_links":{"self":[{"href":"https:\/\/sei.gov.cz\/index.php?rest_route=\/wp\/v2\/pages\/9496","targetHints":{"allow":["GET"]}}],"collection":[{"href":"https:\/\/sei.gov.cz\/index.php?rest_route=\/wp\/v2\/pages"}],"about":[{"href":"https:\/\/sei.gov.cz\/index.php?rest_route=\/wp\/v2\/types\/page"}],"author":[{"embeddable":true,"href":"https:\/\/sei.gov.cz\/index.php?rest_route=\/wp\/v2\/users\/21"}],"replies":[{"embeddable":true,"href":"https:\/\/sei.gov.cz\/index.php?rest_route=%2Fwp%2Fv2%2Fcomments&post=9496"}],"version-history":[{"count":5,"href":"https:\/\/sei.gov.cz\/index.php?rest_route=\/wp\/v2\/pages\/9496\/revisions"}],"predecessor-version":[{"id":9587,"href":"https:\/\/sei.gov.cz\/index.php?rest_route=\/wp\/v2\/pages\/9496\/revisions\/9587"}],"wp:attachment":[{"href":"https:\/\/sei.gov.cz\/index.php?rest_route=%2Fwp%2Fv2%2Fmedia&parent=9496"}],"curies":[{"name":"wp","href":"https:\/\/api.w.org\/{rel}","templated":true}]}}