{"id":9487,"date":"2025-08-14T08:41:16","date_gmt":"2025-08-14T07:41:16","guid":{"rendered":"https:\/\/sei.gov.cz\/?page_id=9487"},"modified":"2025-08-28T06:24:54","modified_gmt":"2025-08-28T05:24:54","slug":"energeticky-specialista","status":"publish","type":"page","link":"https:\/\/sei.gov.cz\/?page_id=9487","title":{"rendered":"Energetick\u00fd specialista"},"content":{"rendered":"\n<p><strong>Kdo je energetick\u00fd specialista?<\/strong><\/p>\n\n\n\n<p>Energetick\u00fd specialista je podle z\u00e1kona \u010d. 406\/2000 Sb. o hospoda\u0159en\u00ed energi\u00ed:<\/p>\n\n\n\n<p>fyzick\u00e1 osoba, kter\u00e1<\/p>\n\n\n\n<ol class=\"wp-block-list\">\n<li>slo\u017e\u00ed odbornou zkou\u0161ku podle \u00a7 10a z\u00e1kona,<\/li>\n\n\n\n<li>je pln\u011b sv\u00e9pr\u00e1vn\u00e1,<\/li>\n\n\n\n<li>je bez\u00fahonn\u00e1 a<\/li>\n\n\n\n<li>je odborn\u011b zp\u016fsobil\u00e1, nebo<\/li>\n<\/ol>\n\n\n\n<p>pr\u00e1vnick\u00e1 osoba, kter\u00e1<\/p>\n\n\n\n<ol class=\"wp-block-list\">\n<li>je bez\u00fahonn\u00e1 a,<\/li>\n\n\n\n<li>ur\u010d\u00ed alespo\u0148 jednu fyzickou osobu, kter\u00e1 je k&nbsp;\u017eadateli v&nbsp;pracovn\u00edm nebo obdobn\u00e9m pom\u011bru a kter\u00e1 podepsala souhlas s&nbsp;v\u00fdkonem \u010dinnost\u00ed pro pr\u00e1vnickou osobu. Tato ur\u010den\u00e1 osoba mus\u00ed b\u00fdt dr\u017eitelem opr\u00e1vn\u011bn\u00ed k&nbsp;v\u00fdkonu \u010dinnosti energetick\u00e9ho specialisty.<\/li>\n<\/ol>\n\n\n\n<p>Energetick\u00fd specialista na z\u00e1klad\u011b opr\u00e1vn\u011bn\u00ed k&nbsp;v\u00fdkonu \u010dinnosti ud\u011blen\u00e9ho Ministerstvem obchodu a pr\u016fmyslu (Ministerstvo):<\/p>\n\n\n\n<ol class=\"wp-block-list\">\n<li>prov\u00e1d\u00ed energetick\u00fd audit a zpracov\u00e1v\u00e1 energetick\u00fd posudek,<\/li>\n\n\n\n<li>zpracov\u00e1v\u00e1 pr\u016fkaz,<\/li>\n\n\n\n<li>prov\u00e1d\u00ed kontroly provozovan\u00fdch syst\u00e9m\u016f vyt\u00e1p\u011bn\u00ed a kombinovan\u00fdch syst\u00e9m\u016f vyt\u00e1p\u011bn\u00ed a v\u011btr\u00e1n\u00ed,<\/li>\n\n\n\n<li>prov\u00e1d\u00ed kontroly provozovan\u00fdch syst\u00e9m\u016f klimatizace a kombinovan\u00fdch syst\u00e9m\u016f klimatizace a v\u011btr\u00e1n\u00ed.<\/li>\n<\/ol>\n\n\n\n<p><strong>Jak z\u00edskat opr\u00e1vn\u011bn\u00ed energetick\u00e9ho specialisty?<\/strong><\/p>\n\n\n\n<p>Osoba, kter\u00e1 se chce st\u00e1t energetick\u00fdm specialistou, mus\u00ed podat \u017d\u00e1dost o ud\u011blen\u00ed opr\u00e1vn\u011bn\u00ed k&nbsp;v\u00fdkonu \u010dinnosti energetick\u00e9ho specialisty, kter\u00e1 se pod\u00e1v\u00e1 na formul\u00e1\u0159i dle vyhl\u00e1\u0161ky \u010d.&nbsp;280\/2023 Sb. a je ke sta\u017een\u00ed zde:<\/p>\n\n\n\n<p><a href=\"https:\/\/www.mpo.cz\/assets\/cz\/energetika\/uspory-energie\/energeticti-specialiste\/jak-se-stat-energetickym-specialistou\/2023\/11\/Zadost-o-udeleni-opravneni-energetickeho-specialisty---fyzicka-osoba.docx\">Zadost-o-udeleni-opravneni-energetickeho-specialisty\u2014fyzicka-osoba.docx<\/a><\/p>\n\n\n\n<p><a href=\"https:\/\/www.mpo.cz\/assets\/cz\/energetika\/uspory-energie\/energeticti-specialiste\/jak-se-stat-energetickym-specialistou\/2023\/11\/Zadost-o-udeleni-opravneni-energetickeho-specialisty---pravnicka-osoba.docx\">Zadost-o-udeleni-opravneni-energetickeho-specialisty\u2014pravnicka-osoba.docx<\/a><\/p>\n\n\n\n<p>\u017d\u00e1dost v\u010detn\u011b p\u0159\u00edloh dle vyhl\u00e1\u0161ky \u010d.&nbsp;280\/2023 Sb. je nutn\u00e9 doru\u010dit Ministerstvu, a to:<\/p>\n\n\n\n<ol class=\"wp-block-list\">\n<li>fyzicky na adresu: Ministerstvo pr\u016fmyslu a obchodu, odbor energetick\u00e9 \u00fa\u010dinnosti a&nbsp;\u00faspor, Na Franti\u0161ku 32, 110 15 Praha 1; \u00fa\u0159edn\u00ed hodiny podatelny naleznete na&nbsp;internetov\u00fdch str\u00e1nk\u00e1ch Ministerstva, nebo<\/li>\n\n\n\n<li>prost\u0159ednictv\u00edm provozovatele po\u0161tovn\u00edch slu\u017eeb na adresu Ministerstva pr\u016fmyslu a&nbsp;obchodu, Na Franti\u0161ku 32, PS\u010c 110 15 Praha 1 (v adrese pros\u00edm uve\u010fte pod slovy \u201eMinisterstvo pr\u016fmyslu a obchodu\u201c slova \u201eodbor energetick\u00e9 \u00fa\u010dinnosti a \u00faspor\u201c), nebo<\/li>\n\n\n\n<li>doru\u010den\u00edm do datov\u00e9 schr\u00e1nky ID: bxtaaw4, nebo<\/li>\n\n\n\n<li>vypln\u011bn\u00edm elektronick\u00e9 \u017e\u00e1dosti na adrese: <a href=\"https:\/\/www.mpo-enex.cz\/registrace\/\">https:\/\/www.mpo-enex.cz\/registrace\/<\/a>.<\/li>\n<\/ol>\n\n\n\n<p><strong>Odborn\u00e1 zkou\u0161ka<\/strong><\/p>\n\n\n\n<p>Odbornou zkou\u0161ku po\u0159\u00e1d\u00e1 St\u00e1tn\u00ed energetick\u00e1 inspekce, \u00dast\u0159edn\u00ed inspektor\u00e1t, Gorazdova 1969\/ 24, 120 00 Praha 2.<\/p>\n\n\n\n<p>Odbornou zkou\u0161ku vykon\u00e1v\u00e1 uchaze\u010d pro ka\u017edou \u010dinnost energetick\u00e9ho specialisty samostatn\u011b.<\/p>\n\n\n\n<p>St\u00e1tn\u00ed energetick\u00e1 inspekce p\u00edsemn\u011b vyrozum\u00ed uchaze\u010de nejm\u00e9n\u011b 30 dn\u016f p\u0159ed kon\u00e1n\u00edm zkou\u0161ky o<\/p>\n\n\n\n<ol class=\"wp-block-list\">\n<li>datu, m\u00edstu a \u010dase jej\u00edho kon\u00e1n\u00ed,<\/li>\n\n\n\n<li>tematick\u00fdch zku\u0161ebn\u00edch okruz\u00edch, v&nbsp;jejich\u017e r\u00e1mci bude ov\u011b\u0159ov\u00e1na jeho odborn\u00e1 zp\u016fsobilost k&nbsp;prov\u00e1d\u011bn\u00ed \u010dinnosti uveden\u00e9 v&nbsp;\u017e\u00e1dosti o ud\u011blen\u00ed opr\u00e1vn\u011bn\u00ed k&nbsp;v\u00fdkonu \u010dinnosti energetick\u00e9ho specialisty.<\/li>\n<\/ol>\n\n\n\n<p>Tematick\u00e9 zku\u0161ebn\u00ed okruhy zve\u0159ej\u0148uje Ministerstvo pr\u016fmyslu a obchodu na sv\u00fdch internetov\u00fdch str\u00e1nk\u00e1ch; spolu s tematick\u00fdmi zku\u0161ebn\u00edmi okruhy zve\u0159ej\u0148uje ministerstvo tak\u00e9 seznam pr\u00e1vn\u00edch p\u0159edpis\u016f, technick\u00fdch norem a technick\u00fdch dokument\u016f z oblast\u00ed souvisej\u00edc\u00edch s v\u00fdkonem jednotliv\u00fdch \u010dinnost\u00ed energetick\u00e9ho specialisty.<\/p>\n\n\n\n<p>Tematick\u00e9 zku\u0161ebn\u00ed okruhy ke sta\u017een\u00ed zde:&nbsp;<a href=\"https:\/\/www.mpo.cz\/assets\/cz\/energetika\/uspory-energie\/energeticti-specialiste\/jak-se-stat-energetickym-specialistou\/2023\/10\/Tematicke-zkusebni-okruhy-pro-ustni-cast-odborne-zkousky-pro-jednotlive-typy-opravneni-a_1.pdf\">Tematicke-zkusebni-okruhy-pro-ustni-cast-odborne-zkousky-pro-jednotlive-typy-opravneni-a_1.pdf<\/a><\/p>\n\n\n\n<p>Odborn\u00e1 zkou\u0161ka je tvo\u0159ena \u010d\u00e1st\u00ed p\u00edsemnou a \u010d\u00e1st\u00ed \u00fastn\u00ed a v\u017edy jen pro jednu \u010dinnost energetick\u00e9ho specialisty. &nbsp;Ob\u011b \u010d\u00e1sti zkou\u0161ky uchaze\u010d vykon\u00e1v\u00e1 v&nbsp;jednom dni, s v\u00fdjimkou p\u0159\u00edpad\u016f opravn\u00e9 zkou\u0161ky, kdy je v n\u00e1hradn\u00edm term\u00ednu skl\u00e1d\u00e1na bu\u010f op\u011bt zkou\u0161ka v pln\u00e9m rozsahu, nebo pouze jej\u00ed \u00fastn\u00ed \u010d\u00e1st, pokud v \u0159\u00e1dn\u00e9m term\u00ednu uchaze\u010d neusp\u011bl pouze v t\u00e9to \u010d\u00e1sti odborn\u00e9 zkou\u0161ky.<\/p>\n\n\n\n<p>Slo\u017een\u00ed p\u00edsemn\u00e9 \u010d\u00e1sti odborn\u00e9 zkou\u0161ky s&nbsp;hodnocen\u00edm klasifika\u010dn\u00edm stupn\u011bm \u201evyhov\u011bl\u201c je&nbsp;p\u0159edpokladem pro kon\u00e1n\u00ed \u00fastn\u00ed \u010d\u00e1sti zkou\u0161ky.<\/p>\n\n\n\n<p>P\u00edsemn\u00e1 \u010d\u00e1st zkou\u0161ky se skl\u00e1d\u00e1 z&nbsp;80 ot\u00e1zek pro ov\u011b\u0159en\u00ed odborn\u00e9 zp\u016fsobilosti uchaze\u010de k&nbsp;prov\u00e1d\u011bn\u00ed energetick\u00e9ho auditu a energetick\u00e9ho posudku a trv\u00e1 90 minut. Pro ostatn\u00ed \u010dinnosti se p\u00edsemn\u00e1 \u010d\u00e1st zkou\u0161ky skl\u00e1d\u00e1 z&nbsp;50 ot\u00e1zek a trv\u00e1 60 minut. Pokud uchaze\u010d dos\u00e1hne minim\u00e1ln\u011b 80 % spr\u00e1vn\u00fdch odpov\u011bd\u00ed, je hodnocen klasifika\u010dn\u00edm stupn\u011bm \u201evyhov\u011bl\u201c. V\u00fdsledek p\u00edsemn\u00e9 \u010d\u00e1sti zkou\u0161ky sd\u011bl\u00ed zku\u0161ebn\u00ed komise uchaze\u010di osobn\u011b po vyhodnocen\u00ed testu.<\/p>\n\n\n\n<p>V r\u00e1mci \u00fastn\u00ed \u010d\u00e1sti zkou\u0161ky si \u017eadatel losuje t\u0159i tematick\u00e9 okruhy, nad kter\u00fdmi n\u00e1sledn\u011b prob\u00edh\u00e1 rozprava p\u0159ed zku\u0161ebn\u00ed komis\u00ed. &nbsp;O v\u00fdsledku \u00fastn\u00ed \u010d\u00e1sti zkou\u0161ky hlasuj\u00ed p\u0159\u00edtomn\u00ed \u010dlenov\u00e9 zku\u0161ebn\u00ed komise, a to pro ka\u017ed\u00fd klasifika\u010dn\u00ed stupe\u0148 samostatn\u011b. V\u00fdsledek \u00fastn\u00ed \u010d\u00e1sti zkou\u0161ky ozn\u00e1m\u00ed uchaze\u010di zku\u0161ebn\u00ed komise po ukon\u010den\u00ed hlasov\u00e1n\u00ed.<\/p>\n\n\n\n<p>Pokud je uchaze\u010d u odborn\u00e9 zkou\u0161ky v&nbsp;\u0159\u00e1dn\u00e9m term\u00ednu hodnocen klasifika\u010dn\u00edm stupn\u011bm \u201enevyhov\u011bl\u201c, m\u016f\u017ee ji jedenkr\u00e1t opakovat v&nbsp;term\u00ednu opravn\u00e9m, a to bu\u010f jen \u00fastn\u00ed \u010d\u00e1st zkou\u0161ky, nebo celou zkou\u0161ku.<\/p>\n\n\n\n<p>Opr\u00e1vn\u011bn\u00ed k v\u00fdkonu \u010dinnosti vyd\u00e1v\u00e1 \u017eadateli Ministerstvo, a to formou rozhodnut\u00ed o ud\u011blen\u00ed opr\u00e1vn\u011bn\u00ed, kter\u00e9 je vyd\u00e1v\u00e1no do 30 dn\u00ed od absolvov\u00e1n\u00ed zkou\u0161ky (spr\u00e1vn\u00ed lh\u016fta). Rozhodnut\u00ed nab\u00fdv\u00e1 platnosti 16 dnem po obdr\u017een\u00ed, jeliko\u017e lze proti v\u00fdroku rozhodnut\u00ed podat rozklad podle \u00a7 152 odst. 1 spr\u00e1vn\u00edho \u0159\u00e1du, a to do 15 dn\u016f ode dne doru\u010den\u00ed rozhodnut\u00ed. Po uplynut\u00ed t\u00e9to doby nab\u00fdv\u00e1 rozhodnut\u00ed pr\u00e1vn\u00ed moci a energetick\u00fd specialista m\u016f\u017ee za\u010d\u00edt p\u0159\u00edslu\u0161nou \u010dinnost vykon\u00e1vat.<\/p>\n\n\n\n<p>Spolu se zaslan\u00fdm rozhodnut\u00edm o ud\u011blen\u00ed opr\u00e1vn\u011bn\u00ed k v\u00fdkonu \u010dinnosti energetick\u00e9ho specialisty je zas\u00edl\u00e1n dokument s p\u0159ihla\u0161ovac\u00edmi \u00fadaji do evidence Ministerstva o proveden\u00fdch \u010dinnostech energetick\u00e9ho specialisty (d\u00e1le jen \u201eENEX\u201c), kam energetick\u00fd specialista v souladu se z\u00e1konem \u010d. 406\/2000 Sb. pr\u016fb\u011b\u017en\u011b p\u0159ed\u00e1v\u00e1 p\u00edsemnou zpr\u00e1vu o sv\u00e9 \u010dinnosti.<\/p>\n\n\n\n<p><strong>Omluva z&nbsp;odborn\u00e9 zkou\u0161ky<\/strong><\/p>\n\n\n\n<p>Jestli\u017ee byl \u017eadatel vyzv\u00e1n ze strany St\u00e1tn\u00ed energetick\u00e9 inspekce, aby se dostavil ke zkou\u0161ce, a&nbsp;nastane situace, \u017ee se \u017eadatel nem\u016f\u017ee z ur\u010dit\u00fdch d\u016fvod\u016f ke zkou\u0161ce dostavit (nemoc \u010di ud\u00e1lost, kter\u00e1 ne\u0161la dop\u0159edu p\u0159edv\u00eddat), m\u016f\u017ee se \u017eadatel ze zkou\u0161ky 1x omluvit, a to p\u00edsemn\u011b<\/p>\n\n\n\n<ul class=\"wp-block-list\">\n<li>doru\u010den\u00edm do datov\u00e9 schr\u00e1nky ID: hq2aev4.<\/li>\n\n\n\n<li>fyzicky na adresu: St\u00e1tn\u00ed energetick\u00e1 inspekce, Gorazdova 24, 120 00 Praha 2; \u00fa\u0159edn\u00ed hodiny podatelny naleznete na internetov\u00fdch str\u00e1nk\u00e1ch St\u00e1tn\u00ed energetick\u00e9 inspekce<\/li>\n\n\n\n<li>prost\u0159ednictv\u00edm provozovatele po\u0161tovn\u00edch slu\u017eeb na adresu St\u00e1tn\u00ed energetick\u00e9 inspekce, St\u00e1tn\u00ed energetick\u00e1 inspekce, Gorazdova 24, 120 00 Praha 2;<\/li>\n<\/ul>\n\n\n\n<p>Uchaze\u010d bude vyrozum\u011bn o n\u00e1hradn\u00edm term\u00ednu.<\/p>\n\n\n\n<p>Jednac\u00ed \u0159\u00e1d zku\u0161ebn\u00ed komise, kter\u00fd upravuje dal\u0161\u00ed podrobnosti jej\u00edho jedn\u00e1n\u00ed naleznete zde:&nbsp;<a href=\"https:\/\/sei.gov.cz\/wp-content\/uploads\/Jednaci_rad_ZK.pdf\" data-type=\"link\" data-id=\"https:\/\/sei.gov.cz\/wp-content\/uploads\/Jednaci_rad_ZK.pdf\">Jednac\u00ed \u0159\u00e1d zku\u0161ebn\u00ed komise<\/a><\/p>\n\n\n\n<h2 class=\"wp-block-heading\">Aktuality<\/h2>\n\n\n\n<div class=\"wp-block-query is-layout-flow wp-block-query-is-layout-flow\"><ul class=\"wp-block-post-template is-layout-flow wp-block-post-template-is-layout-flow\"><li class=\"wp-block-post post-9686 post type-post status-publish format-standard has-post-thumbnail hentry category-aktuality category-energeticti-specialiste category-uredni_deska category-uspory-energii latest_post\">\n\n<div class=\"wp-block-columns alignwide is-layout-flex wp-container-core-columns-is-layout-9d6595d7 wp-block-columns-is-layout-flex\">\n<div class=\"wp-block-column is-layout-flow wp-block-column-is-layout-flow\" style=\"flex-basis:20%\"><figure class=\"wp-block-post-featured-image\"><a href=\"https:\/\/sei.gov.cz\/?p=9686\" target=\"_self\"  ><img loading=\"lazy\" decoding=\"async\" width=\"117\" height=\"114\" src=\"https:\/\/sei.gov.cz\/wp-content\/uploads\/Petition-1.svg\" class=\"attachment-post-thumbnail size-post-thumbnail wp-post-image\" alt=\"Term\u00edny zkou\u0161ek uchaze\u010d\u016f o opr\u00e1vn\u011bn\u00ed energetick\u00e9ho specialisty\" style=\"object-fit:cover;\" \/><\/a><\/figure><\/div>\n\n\n\n<div class=\"wp-block-column is-layout-flow wp-block-column-is-layout-flow\" style=\"flex-basis:80%\"><h2 class=\"wp-block-post-title\"><a href=\"https:\/\/sei.gov.cz\/?p=9686\" target=\"_self\" >Term\u00edny zkou\u0161ek uchaze\u010d\u016f o opr\u00e1vn\u011bn\u00ed energetick\u00e9ho specialisty<\/a><\/h2>\n\n<div class=\"wp-block-post-date\"><time datetime=\"2025-09-03T12:26:50+01:00\">3. z\u00e1\u0159\u00ed 2025<\/time><\/div>\n\n<div class=\"wp-block-post-excerpt\"><p class=\"wp-block-post-excerpt__excerpt\">V n\u00e1sleduj\u00edc\u00edm \u010dl\u00e1nku m\u016f\u017eete naj\u00edt nejbli\u017e\u0161\u00ed term\u00edny zkou\u0161ek pro uchaze\u010de o opr\u00e1vn\u011bn\u00ed energetick\u00e9ho specialisty. <\/p><\/div><\/div>\n<\/div>\n\n<\/li><li class=\"wp-block-post post-9033 post type-post status-publish format-standard has-post-thumbnail hentry category-archiv-uredni_deska category-budovy-prispevky category-energeticti-specialiste latest_post\">\n\n<div class=\"wp-block-columns alignwide is-layout-flex wp-container-core-columns-is-layout-9d6595d7 wp-block-columns-is-layout-flex\">\n<div class=\"wp-block-column is-layout-flow wp-block-column-is-layout-flow\" style=\"flex-basis:20%\"><figure class=\"wp-block-post-featured-image\"><a href=\"https:\/\/sei.gov.cz\/?p=9033\" target=\"_self\"  ><img loading=\"lazy\" decoding=\"async\" width=\"120\" height=\"114\" src=\"https:\/\/sei.gov.cz\/wp-content\/uploads\/Doc-Search.svg\" class=\"attachment-post-thumbnail size-post-thumbnail wp-post-image\" alt=\"Stanovisko Ministerstva pr\u016fmyslu a obchodu k v\u00fdpo\u010dtu spot\u0159eby prim\u00e1rn\u00ed energie v energetick\u00e9m posudku\" style=\"object-fit:cover;\" \/><\/a><\/figure><\/div>\n\n\n\n<div class=\"wp-block-column is-layout-flow wp-block-column-is-layout-flow\" style=\"flex-basis:80%\"><h2 class=\"wp-block-post-title\"><a href=\"https:\/\/sei.gov.cz\/?p=9033\" target=\"_self\" >Stanovisko Ministerstva pr\u016fmyslu a obchodu k v\u00fdpo\u010dtu spot\u0159eby prim\u00e1rn\u00ed energie v energetick\u00e9m posudku<\/a><\/h2>\n\n<div class=\"wp-block-post-date\"><time datetime=\"2023-09-12T13:59:00+01:00\">12. z\u00e1\u0159\u00ed 2023<\/time><\/div>\n\n<div class=\"wp-block-post-excerpt\"><p class=\"wp-block-post-excerpt__excerpt\">https:\/\/www.mpo.cz\/cz\/energetika\/energeticka-ucinnost\/stanovisko-ministerstva-prumyslu-a-obchodu-k-vypoctu-spotreby-primarni-energie-v-energetickem-posudku&#8211;276396 <\/p><\/div><\/div>\n<\/div>\n\n<\/li><li class=\"wp-block-post post-6692 post type-post status-publish format-standard has-post-thumbnail hentry category-archiv-uredni_deska category-energeticti-specialiste latest_post\">\n\n<div class=\"wp-block-columns alignwide is-layout-flex wp-container-core-columns-is-layout-9d6595d7 wp-block-columns-is-layout-flex\">\n<div class=\"wp-block-column is-layout-flow wp-block-column-is-layout-flow\" style=\"flex-basis:20%\"><figure class=\"wp-block-post-featured-image\"><a href=\"https:\/\/sei.gov.cz\/?p=6692\" target=\"_self\"  ><img loading=\"lazy\" decoding=\"async\" width=\"120\" height=\"114\" src=\"https:\/\/sei.gov.cz\/wp-content\/uploads\/Doc-Search.svg\" class=\"attachment-post-thumbnail size-post-thumbnail wp-post-image\" alt=\"Spole\u010dn\u00e9 stanovisko MPO a SEI ke Komponent\u011b 2_8\" style=\"object-fit:cover;\" \/><\/a><\/figure><\/div>\n\n\n\n<div class=\"wp-block-column is-layout-flow wp-block-column-is-layout-flow\" style=\"flex-basis:80%\"><h2 class=\"wp-block-post-title\"><a href=\"https:\/\/sei.gov.cz\/?p=6692\" target=\"_self\" >Spole\u010dn\u00e9 stanovisko MPO a SEI ke Komponent\u011b 2_8<\/a><\/h2>\n\n<div class=\"wp-block-post-date\"><time datetime=\"2022-06-15T10:40:09+01:00\">15. \u010dervna 2022<\/time><\/div>\n\n<div class=\"wp-block-post-excerpt\"><p class=\"wp-block-post-excerpt__excerpt\">Spole\u010dn\u00e9 stanovisko MPO a SEI ke Komponent\u011b 2_8.pdf <\/p><\/div><\/div>\n<\/div>\n\n<\/li><li class=\"wp-block-post post-6338 post type-post status-publish format-standard has-post-thumbnail hentry category-archiv-uredni_deska category-budovy-prispevky category-energeticti-specialiste latest_post\">\n\n<div class=\"wp-block-columns alignwide is-layout-flex wp-container-core-columns-is-layout-9d6595d7 wp-block-columns-is-layout-flex\">\n<div class=\"wp-block-column is-layout-flow wp-block-column-is-layout-flow\" style=\"flex-basis:20%\"><figure class=\"wp-block-post-featured-image\"><a href=\"https:\/\/sei.gov.cz\/?p=6338\" target=\"_self\"  ><img loading=\"lazy\" decoding=\"async\" width=\"120\" height=\"114\" src=\"https:\/\/sei.gov.cz\/wp-content\/uploads\/Doc-Search.svg\" class=\"attachment-post-thumbnail size-post-thumbnail wp-post-image\" alt=\"Informace ke zm\u011bn\u011b p\u0159i vyd\u00e1v\u00e1n\u00ed z\u00e1vazn\u00fdch stanovisek od 1. 1. 2022\" style=\"object-fit:cover;\" \/><\/a><\/figure><\/div>\n\n\n\n<div class=\"wp-block-column is-layout-flow wp-block-column-is-layout-flow\" style=\"flex-basis:80%\"><h2 class=\"wp-block-post-title\"><a href=\"https:\/\/sei.gov.cz\/?p=6338\" target=\"_self\" >Informace ke zm\u011bn\u011b p\u0159i vyd\u00e1v\u00e1n\u00ed z\u00e1vazn\u00fdch stanovisek od 1. 1. 2022<\/a><\/h2>\n\n<div class=\"wp-block-post-date\"><time datetime=\"2021-12-13T11:11:32+01:00\">13. prosince 2021<\/time><\/div>\n\n<div class=\"wp-block-post-excerpt\"><p class=\"wp-block-post-excerpt__excerpt\">Dne 1. 1. 2022 vstupuje novelizac\u00ed \u00a0z\u00e1kona \u010d. 406\/2000 Sb., o hospoda\u0159en\u00ed energi\u00ed, ve zn\u011bn\u00ed pozd\u011bj\u0161\u00edch p\u0159edpis\u016f (d\u00e1le jen \u201eZHE\u201c) v\u00a0platnost zm\u011bna \u00a7 13 odst. 1 pro vyd\u00e1v\u00e1n\u00ed z\u00e1vazn\u00fdch stanovisek. Z\u00e1kon \u010d.\u00a0382\/2021 Sb. m\u011bn\u00ed \u00a7 13 odst. 1 ZHE s\u00a0\u00fa\u010dinnost\u00ed od 1. 1. 2022, kde doch\u00e1z\u00ed ke zv\u00fd\u0161en\u00ed hranice celkov\u00e9 energeticky vzta\u017en\u00e9 plochy budov (tato&hellip; <\/p><\/div><\/div>\n<\/div>\n\n<\/li><li class=\"wp-block-post post-6330 post type-post status-publish format-standard has-post-thumbnail hentry category-archiv-uredni_deska category-budovy-prispevky category-energeticti-specialiste latest_post\">\n\n<div class=\"wp-block-columns alignwide is-layout-flex wp-container-core-columns-is-layout-9d6595d7 wp-block-columns-is-layout-flex\">\n<div class=\"wp-block-column is-layout-flow wp-block-column-is-layout-flow\" style=\"flex-basis:20%\"><figure class=\"wp-block-post-featured-image\"><a href=\"https:\/\/sei.gov.cz\/?p=6330\" target=\"_self\"  ><img loading=\"lazy\" decoding=\"async\" width=\"120\" height=\"114\" src=\"https:\/\/sei.gov.cz\/wp-content\/uploads\/Doc-Search.svg\" class=\"attachment-post-thumbnail size-post-thumbnail wp-post-image\" alt=\"Informace ke zm\u011bn\u011b po\u017eadavk\u016f na v\u00fdstavbu nov\u00fdch budov od 1. 1. 2022\" style=\"object-fit:cover;\" \/><\/a><\/figure><\/div>\n\n\n\n<div class=\"wp-block-column is-layout-flow wp-block-column-is-layout-flow\" style=\"flex-basis:80%\"><h2 class=\"wp-block-post-title\"><a href=\"https:\/\/sei.gov.cz\/?p=6330\" target=\"_self\" >Informace ke zm\u011bn\u011b po\u017eadavk\u016f na v\u00fdstavbu nov\u00fdch budov od 1. 1. 2022<\/a><\/h2>\n\n<div class=\"wp-block-post-date\"><time datetime=\"2021-12-13T11:01:42+01:00\">13. prosince 2021<\/time><\/div>\n\n<div class=\"wp-block-post-excerpt\"><p class=\"wp-block-post-excerpt__excerpt\">Dne 1. 1. 2022 vstupuj\u00ed v\u00a0platnost zm\u011bny po\u017eadavk\u016f na v\u00fdstavbu nov\u00fdch budov s\u00a0t\u00e9m\u011b\u0159 nulovou spot\u0159ebou energie. \u017d\u00e1dn\u00fd ze zm\u011bnov\u00fdch z\u00e1kon\u016f (z\u00e1kon \u010d. 284\/2021 Sb., z\u00e1kon \u010d. 362\/2021 Sb. a z\u00e1kon \u010d.\u00a0382\/2021 Sb.), kter\u00e9 vstoupily v\u00a0platnost v\u00a02. polovin\u011b roku 2021 a kter\u00e9 m\u011bn\u00ed ZHE s\u00a0\u00fa\u010dinnost\u00ed od 1. 1. 2022, nezm\u011bnil zn\u011bn\u00ed \u00a7 7 odst. 1 a&hellip; <\/p><\/div><\/div>\n<\/div>\n\n<\/li><\/ul><\/div>\n","protected":false},"excerpt":{"rendered":"<p>Kdo je energetick\u00fd specialista? Energetick\u00fd specialista je podle z\u00e1kona \u010d. 406\/2000 Sb. o hospoda\u0159en\u00ed energi\u00ed: fyzick\u00e1 osoba, kter\u00e1 pr\u00e1vnick\u00e1 osoba, kter\u00e1 Energetick\u00fd specialista na z\u00e1klad\u011b opr\u00e1vn\u011bn\u00ed k&nbsp;v\u00fdkonu \u010dinnosti ud\u011blen\u00e9ho Ministerstvem obchodu a pr\u016fmyslu (Ministerstvo): Jak z\u00edskat opr\u00e1vn\u011bn\u00ed energetick\u00e9ho specialisty? Osoba, kter\u00e1 se chce st\u00e1t energetick\u00fdm specialistou, mus\u00ed podat \u017d\u00e1dost o ud\u011blen\u00ed opr\u00e1vn\u011bn\u00ed k&nbsp;v\u00fdkonu \u010dinnosti energetick\u00e9ho &hellip; <\/p>\n","protected":false},"author":21,"featured_media":0,"parent":0,"menu_order":0,"comment_status":"closed","ping_status":"closed","template":"","meta":{"footnotes":""},"class_list":["post-9487","page","type-page","status-publish","hentry","latest_post"],"_links":{"self":[{"href":"https:\/\/sei.gov.cz\/index.php?rest_route=\/wp\/v2\/pages\/9487","targetHints":{"allow":["GET"]}}],"collection":[{"href":"https:\/\/sei.gov.cz\/index.php?rest_route=\/wp\/v2\/pages"}],"about":[{"href":"https:\/\/sei.gov.cz\/index.php?rest_route=\/wp\/v2\/types\/page"}],"author":[{"embeddable":true,"href":"https:\/\/sei.gov.cz\/index.php?rest_route=\/wp\/v2\/users\/21"}],"replies":[{"embeddable":true,"href":"https:\/\/sei.gov.cz\/index.php?rest_route=%2Fwp%2Fv2%2Fcomments&post=9487"}],"version-history":[{"count":11,"href":"https:\/\/sei.gov.cz\/index.php?rest_route=\/wp\/v2\/pages\/9487\/revisions"}],"predecessor-version":[{"id":9677,"href":"https:\/\/sei.gov.cz\/index.php?rest_route=\/wp\/v2\/pages\/9487\/revisions\/9677"}],"wp:attachment":[{"href":"https:\/\/sei.gov.cz\/index.php?rest_route=%2Fwp%2Fv2%2Fmedia&parent=9487"}],"curies":[{"name":"wp","href":"https:\/\/api.w.org\/{rel}","templated":true}]}}