{"id":7910,"date":"2024-09-25T07:27:37","date_gmt":"2024-09-25T06:27:37","guid":{"rendered":"https:\/\/sei.gov.cz\/?page_id=7910"},"modified":"2024-09-25T07:27:38","modified_gmt":"2024-09-25T06:27:38","slug":"mapa-stranek","status":"publish","type":"page","link":"https:\/\/sei.gov.cz\/?page_id=7910","title":{"rendered":"Mapa Str\u00e1nek"},"content":{"rendered":"<ul class=\"wp-block-page-list\"><li class=\"wp-block-pages-list__item menu-item-home\"><a class=\"wp-block-pages-list__item__link\" href=\"https:\/\/sei.gov.cz\/\">Aktuality<\/a><\/li><li class=\"wp-block-pages-list__item\"><a class=\"wp-block-pages-list__item__link\" href=\"https:\/\/sei.gov.cz\/?page_id=3607\">Boj s korupc\u00ed<\/a><\/li><li class=\"wp-block-pages-list__item has-child\"><a class=\"wp-block-pages-list__item__link\" href=\"https:\/\/sei.gov.cz\/?page_id=1249\">Budovy<\/a><ul class=\"wp-block-navigation__submenu-container\"><li class=\"wp-block-pages-list__item \"><a class=\"wp-block-pages-list__item__link\" href=\"https:\/\/sei.gov.cz\/?page_id=1345\">\u010casto kladen\u00e9 ot\u00e1zky<\/a><\/li><li class=\"wp-block-pages-list__item \"><a class=\"wp-block-pages-list__item__link\" href=\"https:\/\/sei.gov.cz\/?page_id=1155\">Domovn\u00ed kotle<\/a><\/li><li class=\"wp-block-pages-list__item \"><a class=\"wp-block-pages-list__item__link\" href=\"https:\/\/sei.gov.cz\/?page_id=1160\">Informace k povinnostem<\/a><\/li><li class=\"wp-block-pages-list__item \"><a class=\"wp-block-pages-list__item__link\" href=\"https:\/\/sei.gov.cz\/?page_id=1157\">Klimatizace<\/a><\/li><li class=\"wp-block-pages-list__item \"><a class=\"wp-block-pages-list__item__link\" href=\"https:\/\/sei.gov.cz\/?page_id=1152\">M\u011b\u0159i\u010de tepla<\/a><\/li><li class=\"wp-block-pages-list__item \"><a class=\"wp-block-pages-list__item__link\" href=\"https:\/\/sei.gov.cz\/?page_id=1147\">PENB<\/a><\/li><\/ul><\/li><li class=\"wp-block-pages-list__item\"><a class=\"wp-block-pages-list__item__link\" href=\"https:\/\/sei.gov.cz\/?page_id=9633\">Contact Us<\/a><\/li><li class=\"wp-block-pages-list__item\"><a class=\"wp-block-pages-list__item__link\" href=\"https:\/\/sei.gov.cz\/?page_id=9487\">Energetick\u00fd specialista<\/a><\/li><li class=\"wp-block-pages-list__item\"><a class=\"wp-block-pages-list__item__link\" href=\"https:\/\/sei.gov.cz\/?page_id=9545\">Energetick\u00fd \u0161t\u00edtek<\/a><\/li><li class=\"wp-block-pages-list__item\"><a class=\"wp-block-pages-list__item__link\" href=\"https:\/\/sei.gov.cz\/?page_id=1127\">Informace o podateln\u011b<\/a><\/li><li class=\"wp-block-pages-list__item\"><a class=\"wp-block-pages-list__item__link\" href=\"https:\/\/sei.gov.cz\/?page_id=3476\">Informace zve\u0159ej\u0148ovan\u00e9 podle \u00a7 5 odst. 3<\/a><\/li><li class=\"wp-block-pages-list__item\"><a class=\"wp-block-pages-list__item__link\" href=\"https:\/\/sei.gov.cz\/?page_id=3578\">Inspektor\u00e1ty<\/a><\/li><li class=\"wp-block-pages-list__item\"><a class=\"wp-block-pages-list__item__link\" href=\"https:\/\/sei.gov.cz\/?page_id=2380\">Kniha Po\u0161ty<\/a><\/li><li class=\"wp-block-pages-list__item\"><a class=\"wp-block-pages-list__item__link\" href=\"https:\/\/sei.gov.cz\/?page_id=2335\">Kniha Po\u0161ty 2<\/a><\/li><li class=\"wp-block-pages-list__item\"><a class=\"wp-block-pages-list__item__link\" href=\"https:\/\/sei.gov.cz\/?page_id=8538\">Kontaktn\u00ed formul\u00e1\u0159<\/a><\/li><li class=\"wp-block-pages-list__item has-child\"><a class=\"wp-block-pages-list__item__link\" href=\"https:\/\/sei.gov.cz\/?page_id=3575\">Kontakty<\/a><ul class=\"wp-block-navigation__submenu-container\"><li class=\"wp-block-pages-list__item \"><a class=\"wp-block-pages-list__item__link\" href=\"https:\/\/sei.gov.cz\/?page_id=8671\">\u00dast\u0159edn\u00ed inspektor\u00e1t<\/a><\/li><li class=\"wp-block-pages-list__item \"><a class=\"wp-block-pages-list__item__link\" href=\"https:\/\/sei.gov.cz\/?page_id=8688\">\u00dazemn\u00ed inspektor\u00e1t pro hl. m. Prahu a St\u0159edo\u010desk\u00fd kraj<\/a><\/li><li class=\"wp-block-pages-list__item \"><a class=\"wp-block-pages-list__item__link\" href=\"https:\/\/sei.gov.cz\/?page_id=8692\">\u00dazemn\u00ed inspektor\u00e1t pro Jiho\u010desk\u00fd kraj a Kraj Vyso\u010dina<\/a><\/li><li class=\"wp-block-pages-list__item \"><a class=\"wp-block-pages-list__item__link\" href=\"https:\/\/sei.gov.cz\/?page_id=8714\">\u00dazemn\u00ed inspektor\u00e1t pro Jihomoravsk\u00fd a Zl\u00ednsk\u00fd kraj<\/a><\/li><li class=\"wp-block-pages-list__item \"><a class=\"wp-block-pages-list__item__link\" href=\"https:\/\/sei.gov.cz\/?page_id=8703\">\u00dazemn\u00ed inspektor\u00e1t pro Kr\u00e1lov\u00e9hradeck\u00fd a Pardubick\u00fd kraj<\/a><\/li><li class=\"wp-block-pages-list__item \"><a class=\"wp-block-pages-list__item__link\" href=\"https:\/\/sei.gov.cz\/?page_id=8708\">\u00dazemn\u00ed inspektor\u00e1t pro Libereck\u00fd a \u00dasteck\u00fd kraj<\/a><\/li><li class=\"wp-block-pages-list__item \"><a class=\"wp-block-pages-list__item__link\" href=\"https:\/\/sei.gov.cz\/?page_id=8721\">\u00dazemn\u00ed inspektor\u00e1t pro Moravskoslezsk\u00fd a Olomouck\u00fd kraj<\/a><\/li><li class=\"wp-block-pages-list__item \"><a class=\"wp-block-pages-list__item__link\" href=\"https:\/\/sei.gov.cz\/?page_id=8698\">\u00dazemn\u00ed inspektor\u00e1t pro Plze\u0148sk\u00fd a Karlovarsk\u00fd kraj<\/a><\/li><\/ul><\/li><li class=\"wp-block-pages-list__item\"><a class=\"wp-block-pages-list__item__link\" href=\"https:\/\/sei.gov.cz\/?page_id=9496\">Kontrola syst\u00e9m\u016f vyt\u00e1p\u011bn\u00ed a syst\u00e9m\u016f klimatizace<\/a><\/li><li class=\"wp-block-pages-list__item\"><a class=\"wp-block-pages-list__item__link\" href=\"https:\/\/sei.gov.cz\/?page_id=7910\">Mapa Str\u00e1nek<\/a><\/li><li class=\"wp-block-pages-list__item\"><a class=\"wp-block-pages-list__item__link\" href=\"https:\/\/sei.gov.cz\/?page_id=3458\">Nab\u00eddky prodeje a pron\u00e1jmu majetku st\u00e1tu<\/a><\/li><li class=\"wp-block-pages-list__item has-child\"><a class=\"wp-block-pages-list__item__link\" href=\"https:\/\/sei.gov.cz\/?page_id=77\">O SEI<\/a><ul class=\"wp-block-navigation__submenu-container\"><li class=\"wp-block-pages-list__item \"><a class=\"wp-block-pages-list__item__link\" href=\"https:\/\/sei.gov.cz\/?page_id=494\">Historie SEI<\/a><\/li><li class=\"wp-block-pages-list__item \"><a class=\"wp-block-pages-list__item__link\" href=\"https:\/\/sei.gov.cz\/?page_id=492\">Kari\u00e9ra<\/a><\/li><li class=\"wp-block-pages-list__item \"><a class=\"wp-block-pages-list__item__link\" href=\"https:\/\/sei.gov.cz\/?page_id=4349\">Ochrana osobn\u00edch \u00fadaj\u016f<\/a><\/li><li class=\"wp-block-pages-list__item \"><a class=\"wp-block-pages-list__item__link\" href=\"https:\/\/sei.gov.cz\/?page_id=1393\">Organiza\u010dn\u00ed sch\u00e9ma slu\u017eebn\u00edho \u00fa\u0159adu St\u00e1tn\u00ed energetick\u00e1 inspekce<\/a><\/li><li class=\"wp-block-pages-list__item \"><a class=\"wp-block-pages-list__item__link\" href=\"https:\/\/sei.gov.cz\/?page_id=1202\">P\u0159ehled pr\u00e1vn\u00edch p\u0159edpis\u016f<\/a><\/li><li class=\"wp-block-pages-list__item \"><a class=\"wp-block-pages-list__item__link\" href=\"https:\/\/sei.gov.cz\/?page_id=488\">Statistiky kontrol<\/a><\/li><li class=\"wp-block-pages-list__item \"><a class=\"wp-block-pages-list__item__link\" href=\"https:\/\/sei.gov.cz\/?page_id=369\">V \u010dem V\u00e1m m\u016f\u017ee SEI pomoci?<\/a><\/li><li class=\"wp-block-pages-list__item \"><a class=\"wp-block-pages-list__item__link\" href=\"https:\/\/sei.gov.cz\/?page_id=3735\">Ve\u0159ejn\u00e9 zak\u00e1zky<\/a><\/li><li class=\"wp-block-pages-list__item \"><a class=\"wp-block-pages-list__item__link\" href=\"https:\/\/sei.gov.cz\/?page_id=3298\">Vnit\u0159n\u00ed oznamovac\u00ed syst\u00e9m St\u00e1tn\u00ed energetick\u00e9 inspekce<\/a><\/li><li class=\"wp-block-pages-list__item \"><a class=\"wp-block-pages-list__item__link\" href=\"https:\/\/sei.gov.cz\/?page_id=372\">Z\u00e1kladn\u00ed informace o SEI<\/a><\/li><li class=\"wp-block-pages-list__item \"><a class=\"wp-block-pages-list__item__link\" href=\"https:\/\/sei.gov.cz\/?page_id=490\">Zpr\u00e1vy o \u010dinnosti<\/a><\/li><\/ul><\/li><li class=\"wp-block-pages-list__item\"><a class=\"wp-block-pages-list__item__link\" href=\"https:\/\/sei.gov.cz\/?page_id=7360\">Podporovan\u00e9 zdroje energie<\/a><\/li><li class=\"wp-block-pages-list__item\"><a class=\"wp-block-pages-list__item__link\" href=\"https:\/\/sei.gov.cz\/?page_id=3171\">Povinn\u00e9 informace podle z. \u010d. 106\/1999 Sb.<\/a><\/li><li class=\"wp-block-pages-list__item\"><a class=\"wp-block-pages-list__item__link\" href=\"https:\/\/sei.gov.cz\/?page_id=4351\">Pr\u00e1va subjektu \u00fadaj\u016f<\/a><\/li><li class=\"wp-block-pages-list__item\"><a class=\"wp-block-pages-list__item__link\" href=\"https:\/\/sei.gov.cz\/?page_id=3337\">Profesn\u00ed \u017eivotopisy<\/a><\/li><li class=\"wp-block-pages-list__item\"><a class=\"wp-block-pages-list__item__link\" href=\"https:\/\/sei.gov.cz\/?page_id=3117\">Prohl\u00e1\u0161en\u00ed o p\u0159\u00edstupnosti<\/a><\/li><li class=\"wp-block-pages-list__item\"><a class=\"wp-block-pages-list__item__link\" href=\"https:\/\/sei.gov.cz\/?page_id=9483\">Pr\u016fb\u011b\u017en\u00e9 vzd\u011bl\u00e1v\u00e1n\u00ed energetick\u00fdch specialist\u016f<\/a><\/li><li class=\"wp-block-pages-list__item\"><a class=\"wp-block-pages-list__item__link\" href=\"https:\/\/sei.gov.cz\/?page_id=9504\">Pr\u016fkaz energetick\u00e9 n\u00e1ro\u010dnosti budovy<\/a><\/li><li class=\"wp-block-pages-list__item\"><a class=\"wp-block-pages-list__item__link\" href=\"https:\/\/sei.gov.cz\/?page_id=3339\">Seznam poradc\u016f<\/a><\/li><li class=\"wp-block-pages-list__item\"><a class=\"wp-block-pages-list__item__link\" href=\"https:\/\/sei.gov.cz\/?page_id=9840\">\u00da\u0159edn\u00ed deska<\/a><\/li><li class=\"wp-block-pages-list__item\"><a class=\"wp-block-pages-list__item__link\" href=\"https:\/\/sei.gov.cz\/?page_id=7357\">\u00daspory energi\u00ed<\/a><\/li><li class=\"wp-block-pages-list__item\"><a class=\"wp-block-pages-list__item__link\" href=\"https:\/\/sei.gov.cz\/?page_id=1139\">Vyj\u00e1d\u0159en\u00ed St\u00e1tn\u00ed energetick\u00e9 inspekce k nov\u00e9 povinnosti zpracovat energetick\u00fd audit<\/a><\/li><li class=\"wp-block-pages-list__item\"><a class=\"wp-block-pages-list__item__link\" href=\"https:\/\/sei.gov.cz\/?page_id=9499\">Vyjad\u0159ov\u00e1n\u00ed SEI ve stavebn\u00edch \u0159\u00edzen\u00edch<\/a><\/li><li class=\"wp-block-pages-list__item\"><a class=\"wp-block-pages-list__item__link\" href=\"https:\/\/sei.gov.cz\/?page_id=3474\">Z\u00e1kon o svobodn\u00e9m p\u0159\u00edstupu k informac\u00edm<\/a><\/li><li class=\"wp-block-pages-list__item\"><a class=\"wp-block-pages-list__item__link\" href=\"https:\/\/sei.gov.cz\/?page_id=5366\">Z\u00e1vazn\u00e1 stanoviska<\/a><\/li><\/ul>","protected":false},"excerpt":{"rendered":"","protected":false},"author":21,"featured_media":0,"parent":0,"menu_order":0,"comment_status":"closed","ping_status":"closed","template":"","meta":{"footnotes":""},"class_list":["post-7910","page","type-page","status-publish","hentry","latest_post"],"_links":{"self":[{"href":"https:\/\/sei.gov.cz\/index.php?rest_route=\/wp\/v2\/pages\/7910","targetHints":{"allow":["GET"]}}],"collection":[{"href":"https:\/\/sei.gov.cz\/index.php?rest_route=\/wp\/v2\/pages"}],"about":[{"href":"https:\/\/sei.gov.cz\/index.php?rest_route=\/wp\/v2\/types\/page"}],"author":[{"embeddable":true,"href":"https:\/\/sei.gov.cz\/index.php?rest_route=\/wp\/v2\/users\/21"}],"replies":[{"embeddable":true,"href":"https:\/\/sei.gov.cz\/index.php?rest_route=%2Fwp%2Fv2%2Fcomments&post=7910"}],"version-history":[{"count":2,"href":"https:\/\/sei.gov.cz\/index.php?rest_route=\/wp\/v2\/pages\/7910\/revisions"}],"predecessor-version":[{"id":7912,"href":"https:\/\/sei.gov.cz\/index.php?rest_route=\/wp\/v2\/pages\/7910\/revisions\/7912"}],"wp:attachment":[{"href":"https:\/\/sei.gov.cz\/index.php?rest_route=%2Fwp%2Fv2%2Fmedia&parent=7910"}],"curies":[{"name":"wp","href":"https:\/\/api.w.org\/{rel}","templated":true}]}}