{"id":494,"date":"2015-09-01T15:57:56","date_gmt":"2015-09-01T13:57:56","guid":{"rendered":"http:\/\/10.1.1.10:8080\/wordpress\/?page_id=494"},"modified":"2015-09-01T15:57:56","modified_gmt":"2015-09-01T13:57:56","slug":"historie-sei","status":"publish","type":"page","link":"https:\/\/sei.gov.cz\/?page_id=494","title":{"rendered":"Historie SEI"},"content":{"rendered":"<p>V\u00edce ne\u017e 60. let p\u016fsobnosti SEI v energetice<\/p>\n<p>1952 &#8211; 1962<\/p>\n<p>Vl\u00e1dn\u00edm na\u0159\u00edzen\u00edm \u010d. 47 ze dne 16. z\u00e1\u0159\u00ed 1952 o st\u00e1tn\u00ed energetick\u00e9 inspekci byla vl\u00e1dou republiky \u010ceskoslovensk\u00e9 z\u0159\u00edzena St\u00e1tn\u00ed energetick\u00e1 inspekce (SEI). \u00da\u010delem na\u0159\u00edzen\u00ed bylo \u00fa\u010dinn\u011bji zaji\u0161\u0165ovat hospod\u00e1rn\u00e9 pou\u017e\u00edv\u00e1n\u00ed elekt\u0159iny a prohloubit kontrolu hospoda\u0159en\u00ed elekt\u0159inou. St\u00e1tn\u00ed energetick\u00e1 inspekce byla z\u0159\u00edzena p\u0159i ministerstvu paliv a energetiky. V \u010dele st\u00e1l hlavn\u00ed inspektor, jeho\u017e jmenoval i odvol\u00e1val ministr paliv a energetiky. Hlavn\u00edmu inspektorovi byli pod\u0159\u00edzeni kraj\u0161t\u00ed inspekto\u0159i, kte\u0159\u00ed byli jmenov\u00e1ni i odvol\u00e1v\u00e1ni ministrem paliv a energetiky. Pro v\u00fdkon sv\u00e9 \u010dinnosti m\u011bli hlavn\u00ed inspektor a kraj\u0161t\u00ed inspekto\u0159i pot\u0159ebn\u00fd po\u010det inspektor\u016f, kter\u00e9 jmenoval i odvol\u00e1val hlavn\u00ed inspektor.<\/p>\n<p>Za poru\u0161en\u00ed p\u0159edpis\u016f a opat\u0159en\u00ed k hospod\u00e1rn\u00e9mu u\u017e\u00edv\u00e1n\u00ed elekt\u0159iny ukl\u00e1daly org\u00e1ny st\u00e1tn\u00ed energetick\u00e9 inspekce pokuty z\u00e1vod\u016fm, \u00fastav\u016fm, \u00fa\u0159ad\u016fm, organizac\u00edm a t\u00e9\u017e \u0159editel\u016fm \u010di hlavn\u00edm energetik\u016fm do v\u00fd\u0161e stanoven\u00e9 pr\u00e1vn\u00edm p\u0159edpisem. Pokutu nebylo mo\u017eno ulo\u017eit po uplynut\u00ed \u010dty\u0159 m\u011bs\u00edc\u016f od proveden\u00ed kontroly. Na z\u00e1klad\u011b pravomocn\u00e9ho rozhodnut\u00ed o ulo\u017een\u00ed pokuty byla pokuta inkasov\u00e1na p\u0159\u00edmo z \u00fa\u010dtu z\u00e1vodu na zvl\u00e1\u0161tn\u00ed \u00fa\u010det ministerstva paliv a energetiky.<\/p>\n<p>Podrobn\u011bj\u0161\u00ed prov\u00e1d\u011bc\u00ed pokyny byly stanoveny vyhl\u00e1\u0161kou \u010d. 330\/1952 ministerstva paliv a energetiky o prov\u00e1d\u011bn\u00ed kontrol St\u00e1tn\u00ed energetickou inspekc\u00ed a o \u0159\u00edzen\u00ed ve v\u011bcech pokut. V t\u00e9to vyhl\u00e1\u0161ce se hovo\u0159\u00ed i o tom, \u017ee opr\u00e1vn\u011bn\u00ed SEI ke kontroln\u00ed \u010dinnosti lze vyu\u017e\u00edt i p\u0159i kontrole plynu. Pracovn\u00edci SEI dostali opr\u00e1vn\u011bn\u00ed ke vstupu do pr\u016fmyslov\u00fdch z\u00e1vod\u016f v\u0161ech odv\u011btv\u00ed a mo\u017enost kontroly m\u011b\u0159\u00edc\u00edch za\u0159\u00edzen\u00ed, \u00fadaj\u016f a v\u00fdkaz\u016f. Prvn\u00ed s\u00eddlo \u00fast\u0159ed\u00ed SEI bylo v Lazarsk\u00e9 ulici v Praze. V jednotliv\u00fdch kraj\u00edch byly z\u0159\u00edzeny krajsk\u00e9 pobo\u010dky veden\u00e9 krajsk\u00fdmi inspektory, kte\u0159\u00ed m\u011bli k dispozici ur\u010dit\u00fd po\u010det v\u00fdkonn\u00fdch inspektor\u016f rozd\u011blen\u00fdch do skupin velkoodb\u011bru a moloodb\u011bru. P\u0159ibli\u017en\u011b od roku 1953 za\u010dala SEI p\u016fsobit i na poli hospod\u00e1rn\u00e9ho vyu\u017e\u00edv\u00e1n\u00ed elekt\u0159iny. V t\u00e9m\u017ee roce byla \u010dinnost SEI roz\u0161\u00ed\u0159ena i na oblast plynu a hospoda\u0159en\u00ed s palivy. SEI se za\u010dala zam\u011b\u0159ovat v tzv. p\u00e1smov\u00fdch prov\u011brk\u00e1ch na energeticky n\u00e1ro\u010dn\u00e9 technologie, jako byly pece, kompresory, \u010derpadla apod.<\/p>\n<p>1962 &#8211; 1988<\/p>\n<p>O deset let pozd\u011bji \u010dinnost a metody pr\u00e1ce SEI p\u0159es\u00e1hly r\u00e1mec vl\u00e1dn\u00edho na\u0159\u00edzen\u00ed z roku 1952, a proto byla z\u00e1konem \u010d. 64\/1962 Sb. roz\u0161\u00ed\u0159ena p\u016fsobnost St\u00e1tn\u00ed energetick\u00e9 inspekce. V z\u00e1jmu \u00fa\u010dinn\u011bj\u0161\u00edho vyu\u017e\u00edv\u00e1n\u00ed prvotn\u00edch zdroj\u016f energie a soustavn\u00e9ho zvy\u0161ov\u00e1n\u00ed \u00farovn\u011b hospoda\u0159en\u00ed v\u0161emi druhy paliv a energie byla roz\u0161\u00ed\u0159ena kontroln\u00ed \u010dinnost na kontrolu hospod\u00e1rn\u00e9ho vyu\u017e\u00edv\u00e1n\u00ed v\u0161ech druh\u016f paliv a energie a poskytov\u00e1n\u00ed odborn\u00fdch rad. Dosavadn\u00ed organiza\u010dn\u00ed syst\u00e9m St\u00e1tn\u00ed energetick\u00e1 inspekce byl z\u00e1konem \u010d. 64\/1962 Sb. zachov\u00e1n (z\u0159izovatel, jmenov\u00e1n\u00ed hlavn\u00edho inspektora a n\u00e1sledn\u011b jmenov\u00e1n\u00ed krajsk\u00fdch inspektor\u016f a inspektor\u016f na krajsk\u00fdch pracovi\u0161t\u00edch).<\/p>\n<p>Org\u00e1ny St\u00e1tn\u00ed energetick\u00e9 inspekce prov\u011b\u0159ovaly hospod\u00e1rn\u00e9 vyu\u017e\u00edv\u00e1n\u00ed v\u0161ech druh\u016f paliv a energie u spot\u0159ebitel\u016f tuh\u00fdch a tekut\u00fdch paliv, tepla, plynu a elekt\u0159iny. Za pl\u00fdtv\u00e1n\u00ed palivy nebo energi\u00ed, nedodr\u017eov\u00e1n\u00ed vyhl\u00e1\u0161en\u00fdch regula\u010dn\u00edch opat\u0159en\u00ed, za neod\u016fvodn\u011bn\u00e9 nespln\u011bn\u00ed operativn\u00edch p\u0159\u00edkaz\u016f vydan\u00fdch org\u00e1ny elektr\u00e1rensk\u00e9ho nebo plyn\u00e1rensk\u00e9ho dispe\u010dinku a za znehodnocen\u00ed paliva vadn\u00fdm nebo neodborn\u00fdm uskladn\u011bn\u00edm byly ukl\u00e1d\u00e1ny pokuty organizac\u00edm a odpov\u011bdn\u00fdm pracovn\u00edk\u016fm t\u011bchto organizac\u00ed. Pokuty byly vyb\u00edr\u00e1ny stejn\u00fdm syst\u00e9mem jako v roce 1952, tj. prost\u0159ednictv\u00edm St\u00e1tn\u00ed energetick\u00e9 inspekce se odv\u00e1d\u011bly do st\u00e1tn\u00edho rozpo\u010dtu. Inspekce se stala p\u0159\u00edsp\u011bvkovou organizac\u00ed. V t\u00e9 dob\u011b, cca od roku 1967 se zah\u00e1jila poradensk\u00e1 \u010dinnost, tzv. technick\u00e1 pomoc, kter\u00e1 byla poskytov\u00e1na z\u00e1vod\u016fm a organizac\u00edm. Technick\u00e1 pomoc byla zam\u011b\u0159ena hlavn\u011b na m\u011b\u0159en\u00ed \u00fa\u010dinnosti energetick\u00fdch za\u0159\u00edzen\u00ed a vypracov\u00e1n\u00ed n\u00e1vrh\u016f na zv\u00fd\u0161en\u00ed hospod\u00e1rnosti vyu\u017eit\u00ed paliv a energie. V t\u00e9\u017ee dob\u011b se uk\u00e1zalo, \u017ee z\u00e1va\u017en\u00e9 nedostatky v energetick\u00e9m hospod\u00e1\u0159stv\u00ed vypl\u00fdvaj\u00ed ji\u017e z nedostatk\u016f v projek\u010dn\u00ed \u010dinnosti. Proto byla SEI pov\u011b\u0159ena p\u0159edch\u00e1zet t\u011bmto nedostatk\u016fm ji\u017e v projektov\u00e9 f\u00e1zi prov\u00e1d\u011bn\u00edm expert\u00edz projektov\u00e9 dokumentace. Od roku 1966 byla \u010dinnost SEI roz\u0161\u00ed\u0159ena o v\u00fdchovnou a vzd\u011bl\u00e1vac\u00ed funkci. Do SEI byl za\u010dlen\u011bn Energetick\u00fd institut, jeho\u017e hlavn\u00ed n\u00e1pln\u00ed bylo zvy\u0161ovat kvalifikaci pracovn\u00edk\u016f v pr\u016fmyslov\u00e9 energetice. V t\u00e9to dob\u011b se SEI t\u00e9\u017e profilovala jako ekonomicko-energetick\u00fd poradce vyd\u00e1v\u00e1n\u00edm r\u016fzn\u00fdch odborn\u00fdch publikac\u00ed.<\/p>\n<p>1988 &#8211; 1989<\/p>\n<p>V roce 1987 byl vyd\u00e1n z\u00e1kon \u010d. 88\/1987 Sb. o st\u00e1tn\u00ed energetick\u00e9 inspekci, kter\u00fd ur\u010dil st\u00e1tn\u00ed energetickou inspekci jako\u017eto specializovanou kontrolu hospoda\u0159en\u00ed palivy a energi\u00ed v energetick\u00e9m hospod\u00e1\u0159stv\u00ed. D\u016fraz byl kladen na sni\u017eov\u00e1n\u00ed energetick\u00e9 n\u00e1ro\u010dnosti a racionalizaci energetick\u00e9ho hospod\u00e1\u0159stv\u00ed, kter\u00fdm se rozum\u011blo z\u00edsk\u00e1v\u00e1n\u00ed, zu\u0161lech\u0165ov\u00e1n\u00ed, \u00faprava, p\u0159em\u011bna, p\u0159eprava, skladov\u00e1n\u00ed a spot\u0159eba v\u0161ech druh\u016f paliv a energie. Org\u00e1ny st\u00e1tn\u00ed energetick\u00e9 inspekce byly St\u00e1tn\u00ed energetick\u00e1 inspekce pro \u010ceskou socialistickou republiku a St\u00e1tn\u00ed energetick\u00e1 inspekce pro Slovenskou socialistickou republiku jako\u017eto org\u00e1ny st\u00e1tn\u00ed spr\u00e1vy pod\u0159\u00edzen\u00e9 ministru paliv a energetiky. T\u00edmto z\u00e1konem byl kodifikov\u00e1n stav republikov\u00e9ho rozd\u011blen\u00ed organizac\u00ed, kter\u00fd trval vlastn\u011b ji\u017e od roku 1968. V \u010dele byli hlavn\u00ed inspekto\u0159i, kter\u00e9 jmenoval a odvol\u00e1val ministr paliv a energetiky. V jednotliv\u00fdch kraj\u00edch m\u011bly ob\u011b inspekce sv\u00e9 pobo\u010dky, jejich\u017e s\u00eddla stanovili hlavn\u00ed inspekto\u0159i, a v jejich\u017e \u010dele byli kraj\u0161t\u00ed inspekto\u0159i jmenovan\u00ed a odvol\u00e1van\u00ed hlavn\u00edmi inspektory. Krom\u011b kontroln\u00ed \u010dinnosti se org\u00e1ny St\u00e1tn\u00ed energetick\u00e9 inspekce vyjad\u0159ovaly k hospod\u00e1rn\u00e9mu vyu\u017eit\u00ed paliv a energie vybran\u00fdch staveb a \u00fazemn\u011b pl\u00e1novac\u00ed dokumentaci, spolupracovaly na tvorb\u011b technick\u00fdch norem, posuzovaly v\u00fdvoj, v\u00fdrobu a dovoz energeticky n\u00e1ro\u010dn\u00fdch v\u00fdrobk\u016f a spot\u0159ebi\u010d\u016f, a v neposledn\u00ed \u0159ad\u011b s c\u00edlem p\u0159edch\u00e1zet nedostatk\u016fm org\u00e1ny st\u00e1tn\u00ed energetick\u00e9 inspekce poskytovaly odbornou pomoc a konzultace, roz\u0161i\u0159ovaly v\u011bdeckotechnick\u00e9 a ekonomick\u00e9 informace a zaji\u0161\u0165ovaly odborn\u00e9 specializovan\u00e9 mimo\u0161koln\u00ed vzd\u011bl\u00e1v\u00e1n\u00ed pracovn\u00edk\u016f. Odborn\u00e1 pomoc org\u00e1n\u016fm, organizac\u00edm a ob\u010dan\u016fm se poskytovala za \u00faplatu, konzultace bezplatn\u011b. Hlavn\u00ed inspektor a kraj\u0161t\u00ed inspekto\u0159i mohli ulo\u017eit kontrolovan\u00fdm organizac\u00edm pokuty do v\u00fd\u0161e stanoven\u00e9 pr\u00e1vn\u00edm p\u0159edpisem. Pokuty bylo mo\u017eno ulo\u017eit i odpov\u011bdn\u00fdm pracovn\u00edk\u016fm org\u00e1n\u016f a organizac\u00ed v\u010detn\u011b po\u0159\u00e1dkov\u00e9 pokuty. Ty byly p\u0159\u00edjmem st\u00e1tn\u00edho rozpo\u010dtu federace a jejich spr\u00e1vu vykon\u00e1vala republikov\u00e1 St\u00e1tn\u00ed energetick\u00e1 inspekce. Inspekce byla p\u0159\u00edsp\u011bvkovou organizac\u00ed a byla financov\u00e1na zejm\u00e9na z vlastn\u00edch p\u0159\u00edjm\u016f za technickou pomoc a \u0161kol\u00edc\u00ed a vzd\u011bl\u00e1vac\u00ed \u010dinnost a z men\u0161\u00ed \u010d\u00e1sti z p\u0159\u00edsp\u011bvku st\u00e1tu.<\/p>\n<p>1989 &#8211; 2001<\/p>\n<p>S p\u0159echodem na\u0161\u00ed ekonomiky na tr\u017en\u00ed podm\u00ednky od roku 1989 se zm\u011bnilo zam\u011b\u0159en\u00ed energetick\u00e9 inspekce. Ta se st\u00e1le v\u00edc zam\u011b\u0159ovala na kontrolu \u00fa\u010delnosti st\u00e1tem vynakl\u00e1dan\u00fdch dotac\u00ed do oblasti energetick\u00e9ho hospod\u00e1\u0159stv\u00ed a na ochranu spot\u0159ebitel\u016f p\u0159ed monopoln\u00edm postaven\u00edm v\u00fdrobc\u016f energetick\u00fdch za\u0159\u00edzen\u00ed a spot\u0159ebi\u010d\u016f a tak\u00e9 v\u00fdrobc\u016f a dodavatel\u016f v\u0161ech druh\u016f energi\u00ed. Reakc\u00ed na nov\u00e9 pot\u0159eby ekonomiky byl i nov\u00fd z\u00e1kon \u010d. 222\/1994 Sb., o podm\u00ednk\u00e1ch podnik\u00e1n\u00ed a v\u00fdkonu st\u00e1tn\u00ed spr\u00e1vy v energetick\u00fdch odv\u011btv\u00edch a o St\u00e1tn\u00ed energetick\u00e9 inspekci, kter\u00e1 se t\u00edmto z\u00e1konem stala rozpo\u010dtovou organizac\u00ed s platnost\u00ed od 1.1.1995. SEI byla nad\u00e1le spr\u00e1vcem pokut, ale ji\u017e nemohla inkasovat pokuty p\u0159\u00edmo z \u00fa\u010dtu kontrolovan\u00fdch subjekt\u016f. Pokuty odpov\u011bdn\u00fdm pracovn\u00edk\u016fm byly zru\u0161eny. Postupn\u011b byla ukon\u010dena \u010dinnost Energetick\u00e9ho institutu a technick\u00e1 pomoc a cel\u00e1 \u010dinnost se soust\u0159edila na kontroly, zda dr\u017eitel\u00e9 autorizac\u00ed dodr\u017euj\u00ed ustanoven\u00ed z\u00e1kona a p\u0159edpis\u016f jej prov\u00e1d\u011bj\u00edc\u00edch, zda odb\u011bratel\u00e9 dodr\u017euj\u00ed povinnosti ulo\u017een\u00e9 z\u00e1konem, zda ostatn\u00ed fyzick\u00e9 a pr\u00e1vnick\u00e9 osoby dodr\u017euj\u00ed z\u00e1kazy a omezen\u00ed v ochrann\u00fdch a bezpe\u010dnostn\u00edch p\u00e1smech podle z\u00e1kona. Nad\u00e1le inspekce poskytovala bez\u00faplatn\u011b odbornou pomoc a konzultace v rozsahu sv\u00e9 p\u016fsobnosti. Kontrolovan\u00fdm osob\u00e1m mohla inspekce ulo\u017eit pokutu do v\u00fd\u0161e stanoven\u00e9 t\u00edmto z\u00e1konem s t\u00edm, \u017ee maxim\u00e1ln\u00ed v\u00fd\u0161e pokuty pro pr\u00e1vnick\u00e9 a fyzick\u00e9 osoby podnikaj\u00edc\u00ed podle tohoto z\u00e1kona byla mnohon\u00e1sobn\u011b vy\u0161\u0161\u00ed ne\u017e maximum pokuty pro nepodnikaj\u00edc\u00ed fyzick\u00e9 osoby. V \u010dele organizace st\u00e1l \u00fast\u0159edn\u00ed \u0159editel a v jednotliv\u00fdch kraj\u00edch \u0159editel\u00e9 \u00fazemn\u00edch inspektor\u00e1t\u016f.<\/p>\n<p>2001 &#8211; 2011<\/p>\n<p>Z\u00e1konem \u010d. 458\/2000 Sb., o podm\u00ednk\u00e1ch podnik\u00e1n\u00ed a o v\u00fdkonu st\u00e1tn\u00ed spr\u00e1vy v energetick\u00fdch odv\u011btv\u00edch a o zm\u011bn\u011b n\u011bkter\u00fdch z\u00e1kon\u016f (energetick\u00fd z\u00e1kon), byly od 1.1.2001 z\u00e1sadn\u011b zm\u011bn\u011bny podm\u00ednky podnik\u00e1n\u00ed a v\u00fdkonu st\u00e1tn\u00ed spr\u00e1vy v energetice. St\u00e1tn\u00ed energetick\u00e1 inspekce se stala spr\u00e1vn\u00edm \u00fa\u0159adem pod\u0159\u00edzen\u00fdm Ministerstvu pr\u016fmyslu a obchodu s \u010dlen\u011bn\u00edm na \u00fast\u0159edn\u00ed inspektor\u00e1t a \u00fazemn\u00ed inspektor\u00e1ty. S\u00eddla a \u00fazemn\u00ed p\u016fsobnost \u00fazemn\u00edch inspektor\u00e1t\u016f stanov\u00ed \u00fast\u0159edn\u00ed \u0159editel St\u00e1tn\u00ed energetick\u00e9 inspekce. V \u010dele \u00fast\u0159edn\u00edho inspektor\u00e1tu je \u00fast\u0159edn\u00ed \u0159editel, kter\u00e9ho jmenuje a odvol\u00e1v\u00e1 ministr pr\u016fmyslu a obchodu. V \u010dele \u00fazemn\u00edho inspektor\u00e1tu je \u0159editel, kter\u00e9ho jmenuje, \u0159\u00edd\u00ed a odvol\u00e1v\u00e1 \u00fast\u0159edn\u00ed \u0159editel. St\u00e1tn\u00ed energetick\u00e1 inspekce je organiza\u010dn\u00ed slo\u017ekou st\u00e1tu se s\u00eddlem v Praze. Novelou energetick\u00e9ho z\u00e1kona vydanou ve sb\u00edrce z\u00e1kon\u016f pod \u010d. 670\/2004 Sb., do\u0161lo ke zm\u011bn\u011b s\u00eddla \u00fazemn\u00edch inspektor\u00e1t\u016f a jejich \u00fazemn\u00ed p\u016fsobnosti. Jsou d\u00e1na s\u00eddlem krajsk\u00fdch \u00fa\u0159ad\u016f a \u00fazemn\u00edm obvodem kraje a Magistr\u00e1tu hlavn\u00edho m\u011bsta Prahy.<\/p>\n<p>SEI kontrolovala dodr\u017eov\u00e1n\u00ed energetick\u00e9ho z\u00e1kona, z\u00e1kona \u010d. 406\/2000Sb., o hospoda\u0159en\u00ed energi\u00ed a z\u00e1kona 526\/1990 Sb., o cen\u00e1ch v rozsahu z\u00e1kona 265\/1991 Sb., o p\u016fsobnosti org\u00e1n\u016f \u010cR v oblasti cen. Z\u00e1konem \u010d. 670\/2004 Sb. se p\u016fsobnost SEI d\u00e1le roz\u0161\u00ed\u0159ila na kontrolu dodr\u017eov\u00e1n\u00ed z\u00e1kona \u010d. 180\/2005 Sb., o podpo\u0159e v\u00fdroby elekt\u0159iny z obnoviteln\u00fdch zdroj\u016f energie a o zm\u011bn\u011b n\u011bkter\u00fdch z\u00e1kon\u016f. Kontroly byly zahajov\u00e1ny na n\u00e1vrh Ministerstva pr\u016fmyslu a obchodu, Energetick\u00e9ho regula\u010dn\u00edho \u00fa\u0159adu, \u010di na z\u00e1klad\u011b vlastn\u00edho zji\u0161t\u011bn\u00ed. P\u0159i kontrole bylo postupov\u00e1no dle z\u00e1kona \u010d. 552\/1991 Sb., o st\u00e1tn\u00ed kontrole a z\u00e1kona \u010d. 71\/1967 Sb., o spr\u00e1vn\u00edm \u0159\u00edzen\u00ed (spr\u00e1vn\u00ed \u0159\u00e1d) od roku 2006 pak podle z\u00e1kona \u010d. 500\/2004 Sb., spr\u00e1vn\u00ed \u0159\u00e1d a z\u00e1kona \u010d. 337\/1992 Sb., o spr\u00e1v\u011b dan\u00ed a poplatk\u016f pozd\u011bji podle Da\u0148ov\u00e9ho \u0159\u00e1du.<\/p>\n<p>2011 &#8211;<\/p>\n<p>Novelou energetick\u00e9ho z\u00e1kona v roce 2011 p\u0159e\u0161la \u0159ada kompetenc\u00ed v oblasti kontroln\u00ed \u010dinnosti na Energetick\u00fd regula\u010dn\u00ed \u00fa\u0159ad, a t\u00edm byla nov\u011b podle ustanoven\u00ed \u00a7 93 odst. 1, stanovena p\u016fsobnost SEI, kter\u00e1 v sou\u010dasn\u00e9 dob\u011b kontroluje dodr\u017eov\u00e1n\u00ed t\u011bchto z\u00e1kon\u016f:<\/p>\n<ul>\n<li>z\u00e1kona \u010d. 406\/2000 Sb., o hospoda\u0159en\u00ed energi\u00ed,<\/li>\n<li>z\u00e1kona \u010d. 180\/2005 Sb., o podpo\u0159e v\u00fdroby elekt\u0159iny z obnoviteln\u00fdch zdroj\u016f,<\/li>\n<li>z\u00e1kona \u010d. 526\/1990 Sb., o cen\u00e1ch.<\/li>\n<\/ul>\n<p>St\u00e1tn\u00ed energetick\u00e1 inspekce je organiza\u010dn\u00ed slo\u017ekou st\u00e1tu, je pod\u0159\u00edzena ministerstvu a \u010dlen\u00ed se na \u00fast\u0159edn\u00ed inspektor\u00e1t a \u00fazemn\u00ed inspektor\u00e1ty. \u00dazemn\u00ed inspektor\u00e1ty jsou vnit\u0159n\u00edmi organiza\u010dn\u00edmi jednotkami St\u00e1tn\u00ed energetick\u00e9 inspekce. S\u00eddla \u00fazemn\u00edch inspektor\u00e1t\u016f stanov\u00ed \u00fast\u0159edn\u00ed \u0159editel.<\/p>\n<p>Od 1.1.2013 se kompetence a kontroln\u00ed \u010dinnost St\u00e1tn\u00ed energetick\u00e9 inspekce m\u011bn\u00ed na z\u00e1klad\u011b nov\u00e9ho z\u00e1kona \u010d. 165\/2012 Sb., o podporovan\u00fdch zdroj\u00edch energie a o zm\u011bn\u011b n\u011bkter\u00fdch z\u00e1kon\u016f a na z\u00e1klad\u011b schv\u00e1len\u00e9 novely z\u00e1kona \u010d. 406\/2000 Sb., kter\u00e1 nabude v p\u0159ev\u00e1\u017en\u00e9 m\u00ed\u0159e \u00fa\u010dinnosti od 1.1.2013 a jen\u017e implementuje p\u0159\u00edslu\u0161n\u00e9 sm\u011brnice E\u00da. S ohledem na zvy\u0161ovan\u00e9 po\u017eadavky E\u00da na u\u017eit\u00ed a \u00fa\u010dinnost u\u017eit\u00ed energi\u00ed mus\u00ed inspekce v\u011bnovat roz\u0161\u00ed\u0159enou pozornost i t\u00e9to oblasti. Novelou z\u00e1kona \u010d. 406\/2000 Sb. se upravuj\u00ed a roz\u0161i\u0159uj\u00ed jej\u00ed kontroln\u00ed \u010dinnosti a opr\u00e1vn\u011bn\u00ed v oblasti kontroly otopn\u00fdch soustav, klimatiza\u010dn\u00edch syst\u00e9m\u016f, spln\u011bn\u00ed po\u017eadavk\u016f na u\u017eit\u00ed energie ve v\u00fdrobc\u00edch, p\u0159i vyu\u017e\u00edv\u00e1n\u00ed budov, energetick\u00e9 n\u00e1ro\u010dnosti budov, energetick\u00fdch audit\u016f a energetick\u00fdch posudk\u016f.<\/p>\n<p>St\u00e1tn\u00ed energetick\u00e1 inspekce bude od 1. 1. 2013 v nov\u00e9 pozici z hlediska platnosti nov\u00e9ho z\u00e1kona \u010d. 165\/2012 Sb., kter\u00fdm se m\u011bn\u00ed p\u016fvodn\u00ed podm\u00ednky pro podporu elekt\u0159iny z obnoviteln\u00fdch zdroj\u016f (d\u00e1le jen POZE) v sou\u010dasn\u00e9 dob\u011b stanoven\u00e9 z\u00e1konem \u010d. 180\/2005 Sb. D\u00e1le se do z\u00e1kona \u010d. 165\/2012 Sb. p\u0159ev\u00e1d\u00ed ze z\u00e1kona \u010d. 458\/2000 Sb. podpora elekt\u0159iny z druhotn\u00fdch zdroj\u016f (d\u00e1le jen DZE) a z vysoko\u00fa\u010dinn\u00e9 kombinovan\u00e9 v\u00fdroby elekt\u0159iny a tepla (d\u00e1le jen KVET). Nov\u011b se tak\u00e9 zav\u00e1d\u00ed podpora tepla z obnoviteln\u00fdch zdroj\u016f (d\u00e1le jen TOZE). Dle opr\u00e1vn\u011bn\u00ed \u00a7 48 j\u00ed dan\u00e9 z\u00e1konem \u010d. 165\/2012 Sb. bude vykon\u00e1vat kontroly v tomto nesm\u00edrn\u011b d\u016fle\u017eit\u00e9m segmentu energetiky.<\/p>\n<p>P\u0159ehled \u00fast\u0159edn\u00edch \u0159editel\u016f (hlavn\u00edch inspektor\u016f):<\/p>\n<p>Josef Bou\u0161a 1952 &#8211; 1963<br \/>\nJosef Pokorn\u00fd 1963 &#8211; 1970<br \/>\nIng. Ji\u0159\u00ed Po\u0161ta 1970 &#8211; 1976<br \/>\nIng. Jaroslav Holubec 1976 &#8211; 1985<br \/>\nIng. Josef Klep\u00e1\u010d 1985 &#8211; 1990<br \/>\nIng. Milo\u0161 \u0160t\u011bp 1990 &#8211; 2002<br \/>\nIng. Franti\u0161ek Plech\u00e1\u010d 2002 &#8211; 2008<br \/>\nIng. Petr Holoubek 2008 &#8211; 2010<br \/>\nIng. Pavel Ma\u010far 2010 &#8211; 2011<br \/>\nIng. Petr Holoubek 2011 &#8211; 2014<br \/>\nIng. Pavel Gebauer 2014<\/p>\n","protected":false},"excerpt":{"rendered":"<p>V\u00edce ne\u017e 60. let p\u016fsobnosti SEI v energetice 1952 &#8211; 1962 Vl\u00e1dn\u00edm na\u0159\u00edzen\u00edm \u010d. 47 ze dne 16. z\u00e1\u0159\u00ed 1952 o st\u00e1tn\u00ed energetick\u00e9 inspekci byla vl\u00e1dou republiky \u010ceskoslovensk\u00e9 z\u0159\u00edzena St\u00e1tn\u00ed energetick\u00e1 inspekce (SEI). \u00da\u010delem na\u0159\u00edzen\u00ed bylo \u00fa\u010dinn\u011bji zaji\u0161\u0165ovat hospod\u00e1rn\u00e9 pou\u017e\u00edv\u00e1n\u00ed elekt\u0159iny a prohloubit kontrolu hospoda\u0159en\u00ed elekt\u0159inou. St\u00e1tn\u00ed energetick\u00e1 inspekce byla z\u0159\u00edzena p\u0159i ministerstvu paliv a &hellip; <\/p>\n","protected":false},"author":2,"featured_media":0,"parent":77,"menu_order":0,"comment_status":"closed","ping_status":"closed","template":"template-fullwidth.php","meta":{"footnotes":""},"class_list":["post-494","page","type-page","status-publish","hentry","latest_post"],"_links":{"self":[{"href":"https:\/\/sei.gov.cz\/index.php?rest_route=\/wp\/v2\/pages\/494","targetHints":{"allow":["GET"]}}],"collection":[{"href":"https:\/\/sei.gov.cz\/index.php?rest_route=\/wp\/v2\/pages"}],"about":[{"href":"https:\/\/sei.gov.cz\/index.php?rest_route=\/wp\/v2\/types\/page"}],"author":[{"embeddable":true,"href":"https:\/\/sei.gov.cz\/index.php?rest_route=\/wp\/v2\/users\/2"}],"replies":[{"embeddable":true,"href":"https:\/\/sei.gov.cz\/index.php?rest_route=%2Fwp%2Fv2%2Fcomments&post=494"}],"version-history":[{"count":0,"href":"https:\/\/sei.gov.cz\/index.php?rest_route=\/wp\/v2\/pages\/494\/revisions"}],"up":[{"embeddable":true,"href":"https:\/\/sei.gov.cz\/index.php?rest_route=\/wp\/v2\/pages\/77"}],"wp:attachment":[{"href":"https:\/\/sei.gov.cz\/index.php?rest_route=%2Fwp%2Fv2%2Fmedia&parent=494"}],"curies":[{"name":"wp","href":"https:\/\/api.w.org\/{rel}","templated":true}]}}