{"id":4351,"date":"2018-06-25T09:46:17","date_gmt":"2018-06-25T08:46:17","guid":{"rendered":"https:\/\/sei.gov.cz\/?page_id=4351"},"modified":"2018-06-25T09:46:17","modified_gmt":"2018-06-25T08:46:17","slug":"prava-subjektu-udaju","status":"publish","type":"page","link":"https:\/\/sei.gov.cz\/?page_id=4351","title":{"rendered":"Pr\u00e1va subjektu \u00fadaj\u016f"},"content":{"rendered":"<h1>Pr\u00e1va subjektu \u00fadaj\u016f<\/h1>\n<hr \/>\n<p>&nbsp;<\/p>\n<p><strong>P\u0159\u00edstup k osobn\u00edm \u00fadaj\u016fm<\/strong><\/p>\n<p>Subjekt \u00fadaj\u016f je opr\u00e1vn\u011bn po\u017eadovat informaci, zda osobn\u00ed \u00fadaje, kter\u00e9 se ho t\u00fdkaj\u00ed, jsou \u010di nejsou St\u00e1tn\u00ed energetickou inspekc\u00ed zpracov\u00e1v\u00e1ny, a pokud je tomu tak, m\u00e1 pr\u00e1vo z\u00edskat p\u0159\u00edstup k\u00a0t\u011bmto osobn\u00edm \u00fadaj\u016fm a\u00a0k\u00a0n\u00e1sleduj\u00edc\u00edm informac\u00edm:<\/p>\n<ul>\n<li>\u00da\u010del zpracov\u00e1n\u00ed osobn\u00edch \u00fadaj\u016f;<\/li>\n<li>Kategorie dot\u010den\u00fdch osobn\u00edch \u00fadaj\u016f;<\/li>\n<li>P\u0159\u00edjemci nebo kategorie p\u0159\u00edjemc\u016f osobn\u00edch \u00fadaj\u016f;<\/li>\n<li>Doba, po kterou budou osobn\u00ed \u00fadaje uchov\u00e1v\u00e1ny;<\/li>\n<li>Zdroje osobn\u00edch \u00fadaj\u016f;<\/li>\n<li>Skute\u010dnost, zda doch\u00e1z\u00ed k\u00a0automatizovan\u00e9mu rozhodov\u00e1n\u00ed, v\u010detn\u011b profilov\u00e1n\u00ed.<\/li>\n<\/ul>\n<p>Spr\u00e1vce poskytne prvn\u00ed kopii zpracov\u00e1van\u00fdch osobn\u00edch \u00fadaj\u016f subjektu \u00fadaj\u016f bezplatn\u011b. Za dal\u0161\u00ed kopie na \u017e\u00e1dost Subjektu \u00fadaj\u016f m\u016f\u017ee St\u00e1tn\u00ed energetick\u00e1 inspekce po\u017eadovat p\u0159im\u011b\u0159enou \u00fahradu nep\u0159evy\u0161uj\u00edc\u00ed n\u00e1klady nezbytn\u00e9 na poskytnut\u00ed takov\u00e9 informace.<\/p>\n<p>Subjekt \u00fadaj\u016f m\u00e1 d\u00e1le pr\u00e1vo z\u00edskat osobn\u00ed \u00fadaje, kter\u00e9 se ho t\u00fdkaj\u00ed, je\u017e poskytl Spr\u00e1vce, ve strukturovan\u00e9m, b\u011b\u017en\u011b pou\u017e\u00edvan\u00e9m a strojov\u011b \u010diteln\u00e9m form\u00e1tu, a pr\u00e1vo p\u0159edat tyto \u00fadaje jin\u00e9mu Spr\u00e1vci, a d\u00e1le pr\u00e1vo na to, aby osobn\u00ed \u00fadaje byly p\u0159ed\u00e1ny p\u0159\u00edmo jedn\u00edm spr\u00e1vcem spr\u00e1vci druh\u00e9mu, je-li to technicky provediteln\u00e9.<\/p>\n<p><strong>Pr\u00e1vo na opravu, dopln\u011bn\u00ed \u010di v\u00fdmaz:<\/strong><\/p>\n<p>V\u00a0p\u0159\u00edpad\u011b, \u017ee se Subjekt \u00fadaj\u016f domn\u00edv\u00e1, \u017ee Spr\u00e1vce nebo smluvn\u00ed zpracovatel Spr\u00e1vce prov\u00e1d\u00ed zpracov\u00e1n\u00ed osobn\u00edch \u00fadaj\u016f v rozporu s ochranou soukrom\u00e9ho a osobn\u00edho \u017eivota subjektu \u00fadaj\u016f nebo v\u00a0rozporu se z\u00e1konem, zejm\u00e9na jsou-li osobn\u00ed \u00fadaje nep\u0159esn\u00e9 s ohledem na \u00fa\u010del jejich zpracov\u00e1n\u00ed, m\u016f\u017ee subjekt \u00fadaj\u016f po\u017e\u00e1dat Spr\u00e1vce o opravu \u010di v\u00fdmaz (likvidaci) t\u011bchto osobn\u00edch \u00fadaj\u016f, pop\u0159\u00edpad\u011b omezen\u00ed (blokaci) zpracov\u00e1n\u00ed. D\u00e1le m\u016f\u017ee Subjekt \u00fadaj\u016f vzn\u00e9st n\u00e1mitku proti takov\u00e9mu zpracov\u00e1n\u00ed.<\/p>\n<p><strong>Pr\u00e1vo na omezen\u00ed:<\/strong><\/p>\n<p>Subjekt \u00fadaj\u016f m\u00e1 pr\u00e1vo na to, aby bylo zpracov\u00e1n\u00ed osobn\u00edch \u00fadaj\u016f, kter\u00e9 se p\u0159\u00edmo t\u00fdkaj\u00ed jeho osoby, omezeno.<\/p>\n<p><strong>Pr\u00e1vo na p\u0159enositelnost \u00fadaj\u016f:<\/strong><\/p>\n<p>Subjekt \u00fadaj\u016f m\u00e1 pr\u00e1vo za ur\u010dit\u00fdch podm\u00ednek z\u00edskat osobn\u00ed \u00fadaje, kter\u00e9 se ho t\u00fdkaj\u00ed, a je\u017e spr\u00e1vci poskytl, ve strukturovan\u00e9m, b\u011b\u017en\u011b pou\u017e\u00edvan\u00e9m a strojov\u011b \u010diteln\u00e9m form\u00e1tu, a pr\u00e1vo p\u0159edat tyto \u00fadaje jin\u00e9mu spr\u00e1vci, ani\u017e by tomu p\u016fvodn\u00ed spr\u00e1vce br\u00e1nil. Z\u00e1rove\u0148 m\u00e1 subjekt \u00fadaj\u016f, pokud po\u017e\u00e1d\u00e1, i pr\u00e1vo na to, aby spr\u00e1vce p\u0159edal jeho osobn\u00ed \u00fadaje ve strukturovan\u00e9m, b\u011b\u017en\u011b pou\u017e\u00edvan\u00e9m a strojov\u011b \u010diteln\u00e9m form\u00e1tu jin\u00e9mu spr\u00e1vce, je-li to technicky provediteln\u00e9.<\/p>\n<p><strong>Pr\u00e1vo vzn\u00e9st n\u00e1mitku:<\/strong><\/p>\n<p>Subjekt \u00fadaj\u016f m\u00e1 z d\u016fvod\u016f, t\u00fdkaj\u00edc\u00edch se jeho konkr\u00e9tn\u00ed situace, pr\u00e1vo kdykoli\u00a0vzn\u00e9st n\u00e1mitku\u00a0proti zpracov\u00e1n\u00ed osobn\u00edch \u00fadaj\u016f, kter\u00e9 jsou zpracov\u00e1v\u00e1ny na z\u00e1klad\u011b pr\u00e1vn\u00edch d\u016fvod\u016f:<\/p>\n<ul>\n<li>Zpracov\u00e1n\u00ed je nezbytn\u00e9 pro pln\u011bn\u00ed \u00fakolu prov\u00e1d\u011bn\u00e9ho ve ve\u0159ejn\u00e9m z\u00e1jmu nebo p\u0159i v\u00fdkonu ve\u0159ejn\u00e9 moci, kter\u00fdm je spr\u00e1vce pov\u011b\u0159en;<\/li>\n<li>Zpracov\u00e1n\u00ed je nezbytn\u00e9 pro \u00fa\u010dely opr\u00e1vn\u011bn\u00fdch z\u00e1jm\u016f p\u0159\u00edslu\u0161n\u00e9ho spr\u00e1vce \u010di t\u0159et\u00ed strany.<\/li>\n<\/ul>\n<p>N\u00e1mitku lze vzn\u00e9st i proti zpracov\u00e1n\u00ed osobn\u00edch \u00fadaj\u016f pro \u00fa\u010dely p\u0159\u00edm\u00e9ho marketingu nebo profilov\u00e1n\u00ed. Pokud subjekt \u00fadaj\u016f vznese n\u00e1mitku proti zpracov\u00e1n\u00ed pro \u00fa\u010dely p\u0159\u00edm\u00e9ho marketingu, nebudou ji\u017e osobn\u00ed \u00fadaje pro tyto \u00fa\u010dely zpracov\u00e1v\u00e1ny.<\/p>\n<p><strong>Pr\u00e1vo neb\u00fdt p\u0159edm\u011btem automatizovan\u00e9ho individu\u00e1ln\u00edho rozhodov\u00e1n\u00ed s pr\u00e1vn\u00edmi \u010di obdobn\u00fdmi \u00fa\u010dinky, zahrnuj\u00edc\u00ed i profilov\u00e1n\u00ed:<\/strong><\/p>\n<p>Pr\u00e1vo Subjektu \u00fadaj\u016f, \u017ee nebude p\u0159edm\u011btem rozhodnut\u00ed, zalo\u017een\u00e9ho v\u00fdhradn\u011b na automatizovan\u00e9m zpracov\u00e1n\u00ed, v\u010detn\u011b profilov\u00e1n\u00ed, kter\u00e9 m\u00e1 pro n\u011bho pr\u00e1vn\u00ed \u00fa\u010dinky nebo se ho obdobn\u00fdm zp\u016fsobem v\u00fdznamn\u011b dot\u00fdk\u00e1.\u00a0 Automatizovan\u00e9 rozhodov\u00e1n\u00ed je p\u0159\u00edpustn\u00e9 v p\u0159\u00edpad\u011b, kdy je nezbytn\u00e9 k uzav\u0159en\u00ed nebo pln\u011bn\u00ed smlouvy mezi subjektem \u00fadaj\u016f a spr\u00e1vcem, pokud je povoleno pr\u00e1vem EU nebo \u010dlensk\u00fdm st\u00e1tem, nebo pokud je zalo\u017eeno na v\u00fdslovn\u00e9m souhlasu subjektu \u00fadaj\u016f.<\/p>\n<p>Spr\u00e1vce v\u017edy bez zbyte\u010dn\u00e9ho odkladu, v\u00a0ka\u017ed\u00e9m p\u0159\u00edpad\u011b do jednoho m\u011bs\u00edce od obdr\u017een\u00ed \u017e\u00e1dosti, informuje Subjekt \u00fadaj\u016f o vy\u0159\u00edzen\u00ed jeho \u017e\u00e1dosti.<\/p>\n<p>&nbsp;<\/p>\n","protected":false},"excerpt":{"rendered":"<p>Pr\u00e1va subjektu \u00fadaj\u016f &nbsp; P\u0159\u00edstup k osobn\u00edm \u00fadaj\u016fm Subjekt \u00fadaj\u016f je opr\u00e1vn\u011bn po\u017eadovat informaci, zda osobn\u00ed \u00fadaje, kter\u00e9 se ho t\u00fdkaj\u00ed, jsou \u010di nejsou St\u00e1tn\u00ed energetickou inspekc\u00ed zpracov\u00e1v\u00e1ny, a pokud je tomu tak, m\u00e1 pr\u00e1vo z\u00edskat p\u0159\u00edstup k\u00a0t\u011bmto osobn\u00edm \u00fadaj\u016fm a\u00a0k\u00a0n\u00e1sleduj\u00edc\u00edm informac\u00edm: \u00da\u010del zpracov\u00e1n\u00ed osobn\u00edch \u00fadaj\u016f; Kategorie dot\u010den\u00fdch osobn\u00edch \u00fadaj\u016f; P\u0159\u00edjemci nebo kategorie p\u0159\u00edjemc\u016f osobn\u00edch &hellip; <\/p>\n","protected":false},"author":1,"featured_media":0,"parent":0,"menu_order":0,"comment_status":"closed","ping_status":"closed","template":"","meta":{"footnotes":""},"class_list":["post-4351","page","type-page","status-publish","hentry","latest_post"],"_links":{"self":[{"href":"https:\/\/sei.gov.cz\/index.php?rest_route=\/wp\/v2\/pages\/4351","targetHints":{"allow":["GET"]}}],"collection":[{"href":"https:\/\/sei.gov.cz\/index.php?rest_route=\/wp\/v2\/pages"}],"about":[{"href":"https:\/\/sei.gov.cz\/index.php?rest_route=\/wp\/v2\/types\/page"}],"author":[{"embeddable":true,"href":"https:\/\/sei.gov.cz\/index.php?rest_route=\/wp\/v2\/users\/1"}],"replies":[{"embeddable":true,"href":"https:\/\/sei.gov.cz\/index.php?rest_route=%2Fwp%2Fv2%2Fcomments&post=4351"}],"version-history":[{"count":1,"href":"https:\/\/sei.gov.cz\/index.php?rest_route=\/wp\/v2\/pages\/4351\/revisions"}],"predecessor-version":[{"id":4354,"href":"https:\/\/sei.gov.cz\/index.php?rest_route=\/wp\/v2\/pages\/4351\/revisions\/4354"}],"wp:attachment":[{"href":"https:\/\/sei.gov.cz\/index.php?rest_route=%2Fwp%2Fv2%2Fmedia&parent=4351"}],"curies":[{"name":"wp","href":"https:\/\/api.w.org\/{rel}","templated":true}]}}