{"id":4349,"date":"2018-06-25T09:48:15","date_gmt":"2018-06-25T08:48:15","guid":{"rendered":"https:\/\/sei.gov.cz\/?page_id=4349"},"modified":"2025-08-28T06:08:22","modified_gmt":"2025-08-28T05:08:22","slug":"ochrana-osobnich-udaju","status":"publish","type":"page","link":"https:\/\/sei.gov.cz\/?page_id=4349","title":{"rendered":"Ochrana osobn\u00edch \u00fadaj\u016f"},"content":{"rendered":"<h1>Prohl\u00e1\u0161en\u00ed o zpracov\u00e1n\u00ed osobn\u00edch \u00fadaj\u016f na St\u00e1tn\u00ed energetick\u00e9 inspekci<\/h1>\n<hr \/>\n<p>&nbsp;<\/p>\n<h2>Identifikace spr\u00e1vce<\/h2>\n<p style=\"text-align: justify;\">St\u00e1tn\u00ed energetick\u00e1 inspekce, se s\u00eddlem Gorazdova 24, 120 00 Praha 2 &#8211; Nov\u00e9 m\u011bsto, I\u010c: 61387584 (d\u00e1le jen \u201eSpr\u00e1vce\u201c), jako\u017eto spr\u00e1vce osobn\u00edch \u00fadaj\u016f, si t\u00edmto dovoluje informovat subjekty \u00fadaj\u016f, se kter\u00fdmi p\u0159ich\u00e1z\u00ed do styku o zp\u016fsobu a\u00a0rozsahu zpracov\u00e1n\u00ed osobn\u00edch \u00fadaj\u016f subjekt\u016f \u00fadaj\u016f ze strany Spr\u00e1vce, v\u010detn\u011b rozsahu pr\u00e1v \u00fadaj\u016f souvisej\u00edc\u00edch se zpracov\u00e1n\u00edm jejich osobn\u00edch \u00fadaj\u016f Spr\u00e1vcem.<\/p>\n<h2>\u00da\u010dely a pr\u00e1vn\u00ed z\u00e1klady<\/h2>\n<p style=\"text-align: justify;\">Zpracov\u00e1n\u00ed osobn\u00edch \u00fadaj\u016f prob\u00edh\u00e1 v souladu s Na\u0159\u00edzen\u00edm Evropsk\u00e9ho parlamentu a Rady EU 2016\/679 ze dne 27. dubna 2016 o ochran\u011b fyzick\u00fdch osob v souvislosti se zpracov\u00e1n\u00edm osobn\u00edch \u00fadaj\u016f a o voln\u00e9m pohybu t\u011bchto \u00fadaj\u016f a o zru\u0161en\u00ed sm\u011brnice 95\/46\/ES (obecn\u00e9 na\u0159\u00edzen\u00ed o ochran\u011b osobn\u00edch \u00fadaj\u016f; d\u00e1le jen \u201e<strong>GDPR<\/strong>\u201c) a d\u00e1le v souladu s relevantn\u00edmi vnitrost\u00e1tn\u00edmi pr\u00e1vn\u00edmi p\u0159edpisy v\u00a0oblasti ochrany osobn\u00edch \u00fadaj\u016f. Jako spr\u00e1vce osobn\u00edch \u00fadaj\u016f na z\u00e1klad\u011b povinnosti dan\u00e9 zvl\u00e1\u0161tn\u00edmi z\u00e1kony p\u0159i zpracov\u00e1n\u00ed osobn\u00edch \u00fadaj\u016f Spr\u00e1vce db\u00e1 pr\u00e1va na ochranu soukrom\u00e9ho a osobn\u00edho \u017eivota subjektu \u00fadaj\u016f.<\/p>\n<p><strong>P\u016fsobnost Spr\u00e1vce a z\u00a0n\u011bj vypl\u00fdvaj\u00edc\u00ed oblasti \u00fa\u010del\u016f zpracov\u00e1n\u00ed osobn\u00edch \u00fadaj\u016f.<\/strong><\/p>\n<p style=\"text-align: justify;\">Spr\u00e1vce zpracov\u00e1v\u00e1 na z\u00e1klad\u011b zvl\u00e1\u0161tn\u00edch pr\u00e1vn\u00edch p\u0159edpis\u016f osobn\u00ed \u00fadaje nutn\u00e9 k identifikaci subjektu \u00fadaj\u016f a k\u00a0pln\u011bn\u00ed pr\u00e1vn\u00edch povinnost\u00ed stanoven\u00fdch pr\u00e1vn\u00edmi p\u0159edpisy v\u00a0r\u00e1mci oblast\u00ed spadaj\u00edc\u00edch do p\u016fsobnosti <strong>Spr\u00e1vce<\/strong>, kter\u00fdmi jsou:<\/p>\n<ul>\n<li>Kontrola a dozor nad dodr\u017eov\u00e1n\u00edm ustanoven\u00ed z\u00e1kona \u010d. 406\/2000 Sb., o\u00a0hospoda\u0159en\u00ed energi\u00ed, ve zn\u011bn\u00ed pozd\u011bj\u0161\u00edch p\u0159edpis\u016f, z\u00e1kona \u010d. 165\/2012 Sb., o podporovan\u00fdch zdroj\u00edch energie a o zm\u011bn\u011b n\u011bkter\u00fdch z\u00e1kon\u016f, ve zn\u011bn\u00ed pozd\u011bj\u0161\u00edch p\u0159edpis\u016f, z\u00e1kona \u010d. 526\/1990 Sb., o cen\u00e1ch, ve zn\u011bn\u00ed pozd\u011bj\u0161\u00edch p\u0159edpis\u016f, kontrola ochrann\u00e9ho p\u00e1sma skladovac\u00edch za\u0159\u00edzen\u00ed, produktovod\u016f a\u00a0ropovod\u016f podle z\u00e1kona \u010d. 189\/1999 Sb., o nouzov\u00fdch z\u00e1sob\u00e1ch ropy, ve zn\u011bn\u00ed pozd\u011bj\u0161\u00edch p\u0159edpis\u016f, \u0159e\u0161en\u00ed p\u0159estupk\u016f a ukl\u00e1d\u00e1n\u00ed pokut,<\/li>\n<\/ul>\n<ul>\n<li>Jmenov\u00e1n\u00ed zku\u0161ebn\u00ed komise, po\u0159\u00e1d\u00e1n\u00ed odborn\u00fdch zkou\u0161ek a p\u0159ezku\u0161ov\u00e1n\u00ed energetick\u00fdch specialist\u016f, p\u0159ed\u00e1v\u00e1n\u00ed protokolu o v\u00fdsledku zkou\u0161ky a\u00a0p\u0159ezku\u0161ov\u00e1n\u00ed ministerstvu,<\/li>\n<\/ul>\n<p>Dal\u0161\u00ed z\u00e1kony a pr\u00e1vn\u00ed p\u0159edpisy, ze kter\u00fdch by SEI mohla plynout povinnost zpracov\u00e1vat osobn\u00ed \u00fadaje m\u016f\u017eete naleznout v <a href=\"https:\/\/sei.gov.cz\/?page_id=1202\">p\u0159ehledu pr\u00e1vn\u00edch p\u0159edpis\u016f.<\/a><\/p>\n<p><strong>Pr\u00e1vn\u00ed tituly zpracov\u00e1n\u00ed osobn\u00edch \u00fadaj\u016f<\/strong><\/p>\n<p style=\"text-align: justify;\">Spr\u00e1vce prim\u00e1rn\u011b vyu\u017e\u00edv\u00e1\u00a0pr\u00e1vn\u00ed tituly ke zpracov\u00e1n\u00ed osobn\u00edch \u00fadaj\u016f pro spln\u011bn\u00ed pr\u00e1vn\u00ed povinnosti, pro spln\u011bn\u00ed \u00fakol\u016f ve ve\u0159ejn\u00e9m z\u00e1jmu nebo p\u0159i v\u00fdkonu ve\u0159ejn\u00e9 moci a k pln\u011bn\u00ed nezbytn\u00e9 pro spln\u011bn\u00ed smlouvy.<\/p>\n<h2>Kategorie \u00fadaj\u016f<\/h2>\n<p style=\"text-align: justify;\">Spr\u00e1vce z\u00edsk\u00e1v\u00e1 osobn\u00ed \u00fadaje zejm\u00e9na od Subjekt\u016f \u00fadaj\u016f, ze z\u00e1kladn\u00edch registr\u016f, z\u00a0agendov\u00fdch informa\u010dn\u00edch syst\u00e9m\u016f, z\u00a0informa\u010dn\u00edch syst\u00e9m\u016f ve\u0159ejn\u00e9 spr\u00e1vy. D\u00e1le pak z\u00a0voln\u011b p\u0159\u00edstupn\u00fdch ve\u0159ejn\u00fdch rejst\u0159\u00edk\u016f.<\/p>\n<p><strong>Kategorie zpracov\u00e1van\u00fdch osobn\u00edch \u00fadaj\u016f: <\/strong><\/p>\n<ul>\n<li>identifika\u010dn\u00ed \u00fadaje \u2013 nap\u0159. jm\u00e9no, p\u0159\u00edjmen\u00ed, titul, datum narozen\u00ed, I\u010cO, DI\u010c, rodn\u00e9 \u010d\u00edslo<\/li>\n<li>kontaktn\u00ed \u00fadaje \u2013 nap\u0159. adresa trval\u00e9ho pobytu, doru\u010dovac\u00ed adresa, emailov\u00e1 adresa, \u010d\u00edslo telefonu, datov\u00e9 schr\u00e1nky<\/li>\n<li>platebn\u00ed \u00fadaje \u2013 nap\u0159. \u010d\u00edslo bankovn\u00edho spojen\u00ed<\/li>\n<li>dal\u0161\u00ed \u00fadaje nezbytn\u00e9 pro pln\u011bn\u00ed smlouvy,<\/li>\n<\/ul>\n<p>U fyzick\u00fdch osob mohou b\u00fdt osobn\u00ed \u00fadaje zpracov\u00e1v\u00e1ny nap\u0159. v souvislosti s kontrolou, vy\u0159izov\u00e1n\u00edm st\u00ed\u017enost\u00ed, podn\u011bt\u016f \u010di ozn\u00e1men\u00ed. Osobn\u00ed \u00fadaje z\u00e1stupc\u016f pr\u00e1vnick\u00fdch osob mohou b\u00fdt zpracov\u00e1v\u00e1ny v p\u0159\u00edpad\u011b, kdy jsou zapojeni do kontroln\u00edch nebo spr\u00e1vn\u00edch \u0159\u00edzen\u00ed. U zam\u011bstnanc\u016f a uchaze\u010d\u016f o zam\u011bstn\u00e1n\u00ed doch\u00e1z\u00ed ke zpracov\u00e1n\u00ed osobn\u00edch \u00fadaj\u016f v r\u00e1mci person\u00e1ln\u00ed a mzdov\u00e9 agendy. P\u0159i pln\u011bn\u00ed smluvn\u00edch vztah\u016f doch\u00e1z\u00ed ke zpracov\u00e1n\u00ed osobn\u00edch \u00fadaj\u016f dodavatel\u016f a smluvn\u00edch partner\u016f.<\/p>\n<h2>Zabezpe\u010den\u00ed osobn\u00edch \u00fadaj\u016f<\/h2>\n<p style=\"text-align: justify;\">Zpracov\u00e1n\u00ed osobn\u00edch \u00fadaj\u016f prov\u00e1d\u00ed Spr\u00e1vce. Ke zpracov\u00e1n\u00ed doch\u00e1z\u00ed prost\u0159ednictv\u00edm v\u00fdpo\u010detn\u00ed techniky nebo manu\u00e1ln\u00edm zp\u016fsobem u osobn\u00edch \u00fadaj\u016f v\u00a0listinn\u00e9 podob\u011b, p\u0159i dodr\u017een\u00ed v\u0161ech bezpe\u010dnostn\u00edch z\u00e1sad pro spr\u00e1vu a\u00a0zpracov\u00e1n\u00ed osobn\u00edch \u00fadaj\u016f.<\/p>\n<p>D\u016fv\u011brnost, integrita a dostupnost osobn\u00edch \u00fadaj\u016f je v elektronick\u00e9 podob\u011b zaji\u0161t\u011bna \u0161ifrov\u00e1n\u00edm a \u0159\u00edzen\u00edm p\u0159\u00edstupu k t\u011bmto \u00fadaj\u016fm. U osobn\u00edch \u00fadaj\u016f poskytnut\u00fdch v listinn\u00e9 podob\u011b je vyu\u017e\u00edv\u00e1no zejm\u00e9na \u0159\u00edzen\u00ed p\u0159\u00edstupu. Zam\u011bstnanci SEI jsou pravideln\u011b \u0161koleni jak nakl\u00e1dat s osobn\u00edmi \u00fadaji. SEI pravideln\u011b vyhodnocuje rizika spojen\u00e1 se zpracov\u00e1n\u00edm a ukl\u00e1d\u00e1n\u00edm osobn\u00edch \u00fadaj\u016f a v p\u0159\u00edpad\u011b pot\u0159eby upravuje nastaven\u00e1 opat\u0159en\u00ed k zaji\u0161t\u011bn\u00ed maxim\u00e1ln\u00ed bezpe\u010dnosti osobn\u00edch \u00fadaj\u016f.<\/p>\n<h2>Doba uchov\u00e1n\u00ed \u00fadaj\u016f<\/h2>\n<p style=\"text-align: justify;\">Doba zpracov\u00e1n\u00ed osobn\u00edch \u00fadaj\u016f je odvozena od lh\u016ft uveden\u00fdch v\u00a0p\u0159\u00edslu\u0161n\u00fdch smlouv\u00e1ch, ve Spisov\u00e9m a skarta\u010dn\u00edm \u0159\u00e1du, \u010di v\u00a0p\u0159\u00edslu\u0161n\u00fdch pr\u00e1vn\u00edch p\u0159edpisech. Jde o dobu nezbytn\u011b nutnou k\u00a0zaji\u0161t\u011bn\u00ed pr\u00e1v a povinnost\u00ed plynouc\u00edch jak ze z\u00e1vazkov\u00e9ho vztahu, tak i z\u00a0p\u0159\u00edslu\u0161n\u00fdch pr\u00e1vn\u00edch p\u0159edpis\u016f.<\/p>\n<h2>P\u0159\u00edjemci osobn\u00edch \u00fadaj\u016f<\/h2>\n<p style=\"text-align: justify;\">Na z\u00e1klad\u011b v\u00fd\u0161e uveden\u00e9ho mohou b\u00fdt osobn\u00ed \u00fadaje Subjektu \u00fadaj\u016f p\u0159ed\u00e1v\u00e1ny nebo zp\u0159\u00edstup\u0148ov\u00e1ny pouze osob\u00e1m, org\u00e1n\u016fm \u010di instituc\u00edm, kter\u00fdm takov\u00e9 pr\u00e1vo plyne z\u00a0v\u00fd\u0161e uveden\u00e9ho na\u0159\u00edzen\u00ed, z\u00e1kona \u010di ve\u0159ejn\u00e9ho z\u00e1jmu. V p\u0159\u00edpad\u011b SEI se jedn\u00e1 nap\u0159. o ministerstva, soudy, celn\u00ed spr\u00e1vu a dodavatele IT syst\u00e9m\u016f.<\/p>\n<p>SEI jako\u017eto spr\u00e1vce osobn\u00edch \u00fadaj\u016f nep\u0159ed\u00e1v\u00e1 osobn\u00ed \u00fadaje do zahrani\u010d\u00ed.<\/p>\n<p>V\u00a0r\u00e1mci zpracov\u00e1n\u00ed osobn\u00edch \u00fadaj\u016f nedoch\u00e1z\u00ed k\u00a0automatizovan\u00e9mu rozhodov\u00e1n\u00ed nebo profilov\u00e1n\u00ed.<\/p>\n<h2>Uplatn\u011bn\u00ed pr\u00e1v subjektu \u00fadaj\u016f<\/h2>\n<p style=\"text-align: justify;\">Pr\u00e1va Subjektu \u00fadaj\u016f jsou stanovena zejm\u00e9na III. kapitolou Na\u0159\u00edzen\u00ed GDPR \u2013 <span style=\"color: #00ccff;\"><a style=\"color: #00ccff;\" href=\"https:\/\/sei.gov.cz\/?page_id=4351\">,,<strong><em><b>Pr\u00e1va subjektu \u00fadaj\u016f<\/b><\/em><\/strong>\u2018<\/a>\u2018<\/span>\u00a0a \u00a7 81 a n\u00e1sl. z\u00e1kona \u010d. 89\/2012 Sb. Jedn\u00e1 se o pr\u00e1va:<\/p>\n<ul>\n<li><strong>Pr\u00e1vo p\u0159\u00edstupu k\u00a0osobn\u00edm \u00fadaj\u016fm<\/strong><\/li>\n<li><strong>Pr\u00e1vo na opravu, dopln\u011bn\u00ed \u010di v\u00fdmaz<\/strong><\/li>\n<li><strong>Pr\u00e1vo na omezen\u00ed<\/strong><\/li>\n<li><strong>Pr\u00e1vo na p\u0159enositelnost \u00fadaj\u016f<\/strong><\/li>\n<li><strong>Pr\u00e1vo vzn\u00e9st n\u00e1mitku<\/strong><\/li>\n<li><strong>Pr\u00e1vo neb\u00fdt p\u0159edm\u011btem automatizovan\u00e9ho individu\u00e1ln\u00edho rozhodov\u00e1n\u00ed s pr\u00e1vn\u00edmi \u010di obdobn\u00fdmi \u00fa\u010dinky, zahrnuj\u00edce i profilov\u00e1n\u00ed<\/strong><\/li>\n<\/ul>\n<p style=\"text-align: justify;\">V\u00fd\u0161e uveden\u00e1 pr\u00e1va m\u016f\u017ee Subjekt \u00fadaj\u016f uplatnit prost\u0159ednictv\u00edm formul\u00e1\u0159e <span style=\"color: #00ccff;\"><b><a style=\"color: #00ccff;\" href=\"https:\/\/sei.gov.cz\/wp-content\/uploads\/Zadost_subjektu_udaju.docx\">Zadost_subjektu_udaju<\/a><\/b><\/span>.<\/p>\n<p>Vypln\u011bn\u00fd formul\u00e1\u0159 je mo\u017en\u00e9 doru\u010dit n\u00e1sleduj\u00edc\u00edmi zp\u016fsoby:<\/p>\n<ul>\n<li><strong>osobn\u011b nebo p\u00edsemn\u011b<\/strong> na adresu St\u00e1tn\u00ed energetick\u00e1 inspekce, Gorazdova 24, 120 00 Praha 2 \u2013 Nov\u00e9 M\u011bsto<\/li>\n<li><strong>elektronicky<\/strong> podepsan\u00e9 platn\u00fdm kvalifikovan\u00fdm podpisem na adresu <a href=\"mailto:posta@sei.gov.cz\">posta@sei.gov.cz<\/a><\/li>\n<li><strong>prost\u0159ednictv\u00edm datov\u00e9 schr\u00e1nky<\/strong> &#8211; do ID: hq2aev4<\/li>\n<\/ul>\n<h2>DPO a kontakty<\/h2>\n<p><strong>Dozorov\u00fd org\u00e1n<\/strong><\/p>\n<p>Subjekt \u00fadaj\u016f m\u00e1 pr\u00e1vo kdykoliv se obr\u00e1tit se sv\u00fdm podn\u011btem na dozorov\u00fd org\u00e1n, kter\u00fdm je:<\/p>\n<p><strong>\u00da\u0159ad pro ochranu osobn\u00edch \u00fadaj\u016f<\/strong><\/p>\n<p>S\u00eddlo: pplk.. Sochora 727\/27, 170 00 Praha 7 \u2013 Hole\u0161ovice<\/p>\n<p>Tel. \u010d.: +420 234 665\u00a0111<\/p>\n<p><strong>Pov\u011b\u0159enec pro ochranu osobn\u00edch \u00fadaj\u016f (DPO)<\/strong><\/p>\n<p style=\"text-align: justify;\">V\u00a0p\u0159\u00edpad\u011b zji\u0161t\u011bn\u00ed poru\u0161en\u00ed ochrany osobn\u00edch \u00fadaj\u016f je mo\u017en\u00e9 p\u0159\u00edmo kontaktovat pov\u011b\u0159ence pro ochranu osobn\u00edch \u00fadaj\u016f Spr\u00e1vce.<\/p>\n<p style=\"text-align: justify;\">\u017d\u00e1dost na uplatn\u011bn\u00ed pr\u00e1v Subjektu \u00fadaj\u016f je mo\u017en\u00e9 podat v\u00fd\u0161e uveden\u00fdm zp\u016fsobem nebo m\u016f\u017eete p\u0159\u00edmo kontaktovat pov\u011b\u0159ence pro ochranu osobn\u00edch \u00fadaj\u016f:<\/p>\n<p><em>Pov\u011b\u0159enec pro ochranu osobn\u00edch \u00fadaj\u016f (DPO):<\/em><\/p>\n<p><em>Jm\u00e9no: Mgr. Jarmila Marta \u0160mardov\u00e1<\/em><\/p>\n<p><em>E-mail: <a href=\"mailto:poverenec@mpo.cz\">poverenec@mpo.cz<\/a><\/em><\/p>\n<p><em>Tel.: 224 851\u00a0111<\/em><\/p>\n<h2>Z\u00e1sady pou\u017e\u00edv\u00e1n\u00ed cookies<\/h2>\n<p>V souladu s ustanoven\u00edm \u00a7 89 odst. 3 z\u00e1kona \u010d. 127\/2005 Sb., o elektronick\u00fdch komunikac\u00edch, ve zn\u011bn\u00ed pozd\u011bj\u0161\u00edch p\u0159edpis\u016f, V\u00e1s t\u00edmto informujeme, \u017ee na\u0161e webov\u00e9 str\u00e1nky pro svoji \u010dinnost nevyu\u017e\u00edvaj\u00ed tzv. cookies.<\/p>\n<p style=\"text-align: justify;\">Toto Prohl\u00e1\u0161en\u00ed o zpracov\u00e1n\u00ed osobn\u00edch \u00fadaj\u016f je ve\u0159ejn\u011b p\u0159\u00edstupn\u00e9 na internetov\u00fdch str\u00e1nk\u00e1ch spr\u00e1vce a bude dle pot\u0159eby pr\u016fb\u011b\u017en\u011b aktualizov\u00e1no.<\/p>\n<p>&nbsp;<\/p>\n","protected":false},"excerpt":{"rendered":"<p>Prohl\u00e1\u0161en\u00ed o zpracov\u00e1n\u00ed osobn\u00edch \u00fadaj\u016f na St\u00e1tn\u00ed energetick\u00e9 inspekci &nbsp; Identifikace spr\u00e1vce St\u00e1tn\u00ed energetick\u00e1 inspekce, se s\u00eddlem Gorazdova 24, 120 00 Praha 2 &#8211; Nov\u00e9 m\u011bsto, I\u010c: 61387584 (d\u00e1le jen \u201eSpr\u00e1vce\u201c), jako\u017eto spr\u00e1vce osobn\u00edch \u00fadaj\u016f, si t\u00edmto dovoluje informovat subjekty \u00fadaj\u016f, se kter\u00fdmi p\u0159ich\u00e1z\u00ed do styku o zp\u016fsobu a\u00a0rozsahu zpracov\u00e1n\u00ed osobn\u00edch \u00fadaj\u016f subjekt\u016f \u00fadaj\u016f ze &hellip; <\/p>\n","protected":false},"author":1,"featured_media":0,"parent":77,"menu_order":0,"comment_status":"closed","ping_status":"closed","template":"","meta":{"footnotes":""},"class_list":["post-4349","page","type-page","status-publish","hentry","latest_post"],"_links":{"self":[{"href":"https:\/\/sei.gov.cz\/index.php?rest_route=\/wp\/v2\/pages\/4349","targetHints":{"allow":["GET"]}}],"collection":[{"href":"https:\/\/sei.gov.cz\/index.php?rest_route=\/wp\/v2\/pages"}],"about":[{"href":"https:\/\/sei.gov.cz\/index.php?rest_route=\/wp\/v2\/types\/page"}],"author":[{"embeddable":true,"href":"https:\/\/sei.gov.cz\/index.php?rest_route=\/wp\/v2\/users\/1"}],"replies":[{"embeddable":true,"href":"https:\/\/sei.gov.cz\/index.php?rest_route=%2Fwp%2Fv2%2Fcomments&post=4349"}],"version-history":[{"count":19,"href":"https:\/\/sei.gov.cz\/index.php?rest_route=\/wp\/v2\/pages\/4349\/revisions"}],"predecessor-version":[{"id":9603,"href":"https:\/\/sei.gov.cz\/index.php?rest_route=\/wp\/v2\/pages\/4349\/revisions\/9603"}],"up":[{"embeddable":true,"href":"https:\/\/sei.gov.cz\/index.php?rest_route=\/wp\/v2\/pages\/77"}],"wp:attachment":[{"href":"https:\/\/sei.gov.cz\/index.php?rest_route=%2Fwp%2Fv2%2Fmedia&parent=4349"}],"curies":[{"name":"wp","href":"https:\/\/api.w.org\/{rel}","templated":true}]}}