{"id":372,"date":"2015-08-31T15:00:14","date_gmt":"2015-08-31T15:00:14","guid":{"rendered":"http:\/\/10.1.1.10:8080\/wordpress\/?page_id=372"},"modified":"2016-04-05T11:59:54","modified_gmt":"2016-04-05T11:59:54","slug":"zakladni-informace-o-sei","status":"publish","type":"page","link":"https:\/\/sei.gov.cz\/?page_id=372","title":{"rendered":"Z\u00e1kladn\u00ed informace o SEI"},"content":{"rendered":"<p>St\u00e1tn\u00ed energetick\u00e1 inspekce (SEI) prov\u00e1d\u00ed kontroln\u00ed \u010dinnost. P\u016fsobnost kontroln\u00ed \u010dinnosti je d\u00e1na <a href=\"http:\/\/10.1.1.10:8080\/wordpress\/?page_id=1202\">Energetick\u00fdm z\u00e1konem.<\/a> Zde je vymezena p\u016fsobnost SEI k prov\u00e1d\u011bn\u00ed kontroln\u00ed \u010dinnosti v re\u017eimu z\u00e1kon\u016f<br \/>\n<a href=\"http:\/\/10.1.1.10:8080\/wordpress\/?page_id=1202\">o podporovan\u00fdch zdroj\u00edch energie,<\/a><br \/>\n<a href=\"http:\/\/10.1.1.10:8080\/wordpress\/?page_id=1202#1\">o hospoda\u0159en\u00ed energi\u00ed,<\/a><br \/>\n<a href=\"http:\/\/10.1.1.10:8080\/wordpress\/?page_id=1202#2\">o p\u016fsobnosti org\u00e1n\u016f \u010cesk\u00e9 republiky v oblasti cen.<\/a><\/p>\n<p>Prokazateln\u00e9 poru\u0161en\u00ed ustanoven\u00ed a jejich kvalifikace jsou specifikov\u00e1ny p\u0159\u00edmo v t\u011bchto z\u00e1konech. Inspekce nem\u016f\u017ee prov\u00e1d\u011bt kontroly nad r\u00e1mec sv\u00e9 v\u011bcn\u00e9 p\u0159\u00edslu\u0161nosti vymezen\u00e9 uveden\u00fdmi z\u00e1kony a zjist\u00ed-li naopak p\u0159i v\u00fdkonu sv\u00e9 kontroln\u00ed \u010dinnosti poru\u0161en\u00ed jin\u00fdch pr\u00e1vn\u00edch p\u0159edpis\u016f, je povinna o tom informovat org\u00e1ny, j\u00edm\u017e tato problematika p\u0159\u00edslu\u0161\u00ed.<\/p>\n<p>SEI v souladu s \u00a7 93 odst. 1 z\u00e1k. \u010d. 458\/2000 Sb. kontroluje na n\u00e1vrh Ministerstva pr\u016fmyslu a obchodu \u010cR, Energetick\u00e9ho regula\u010dn\u00edho \u00fa\u0159adu a z vlastn\u00edho podn\u011btu dodr\u017eov\u00e1n\u00ed:<\/p>\n<p>a) z\u00e1kona \u010d. 406\/2000 Sb., o hospoda\u0159en\u00ed energi\u00ed ve zn\u011bn\u00ed pozd\u011bj\u0161\u00edch p\u0159edpis\u016f,<\/p>\n<p>b) z\u00e1kona \u010d. 526\/1990 Sb., o cen\u00e1ch ve zn\u011bn\u00ed pozd\u011bj\u0161\u00edch p\u0159edpis\u016f v rozsahu podle z\u00e1kona \u010d. 265\/1991 Sb., o p\u016fsobnosti org\u00e1n\u016f \u010cesk\u00e9 republiky v oblasti cen ve zn\u011bn\u00ed pozd\u011bj\u0161\u00edch p\u0159edpis\u016f,<\/p>\n<p>c) z\u00e1kona \u010d. 165\/2012 Sb., o podporovan\u00fdch zdroj\u00edch energie a o zm\u011bn\u011b n\u011bkter\u00fdch z\u00e1kon\u016f (d\u0159\u00edve z\u00e1kon \u010d. 180\/2005 Sb.),<\/p>\n<p>SEI d\u00e1le v souladu s \u00a7 93 odst. 2 z\u00e1kona \u010d. 458\/2000 Sb. ve zn\u011bn\u00ed z\u00e1kona \u010d. 211\/2011 Sb. za poru\u0161en\u00ed pr\u00e1vn\u00edch p\u0159edpis\u016f dle p\u0159edchoz\u00edho odstavce ukl\u00e1d\u00e1 pokuty na z\u00e1klad\u011b vlastn\u00edho zji\u0161t\u011bn\u00ed. V\u00fdsledkem kontroln\u00ed \u010dinnosti SEI jsou sank\u010dn\u00ed opat\u0159en\u00ed v\u016f\u010di subjekt\u016fm poru\u0161uj\u00edc\u00edm zm\u00edn\u011bn\u00e9 pr\u00e1vn\u00ed p\u0159edpisy, ale p\u0159edev\u0161\u00edm umo\u017e\u0148uj\u00ed st\u00e1tn\u00edm org\u00e1n\u016fm objektivn\u011b analyzovat chov\u00e1n\u00ed v\u0161ech subjekt\u016f a n\u00e1sledn\u011b z pozice st\u00e1tu p\u0159ij\u00edmat \u00fa\u010dinn\u00e1 opat\u0159en\u00ed. D\u00edky sv\u00e9mu \u00fazemn\u00edmu \u010dlen\u011bn\u00ed jsou jej\u00ed \u00fazemn\u00ed inspektor\u00e1ty schopny citliv\u011b respektovat m\u00edstn\u00ed specifika a spolu s \u00fast\u0159edn\u00edm inspektor\u00e1tem v Praze dostate\u010dn\u011b rychle, objektivn\u011b a na pat\u0159i\u010dn\u00e9 odborn\u00e9 \u00farovni analyzovat z\u00edskan\u00e9 informace. Proto je SEI vyu\u017e\u00edv\u00e1na i k cel\u00e9 \u0159ad\u011b d\u00e1le specifikovan\u00fdch odborn\u00fdch \u010dinnost\u00ed nejen MPO, ale i ostatn\u00edmi p\u0159ev\u00e1\u017en\u011b st\u00e1tn\u00edmi institucemi.<\/p>\n<p>Na \u00faseku kontroly a ochrany spot\u0159ebitele je \u010dinnost zam\u011b\u0159ena do dvou n\u00e1sleduj\u00edc\u00edch oblast\u00ed: V r\u00e1mci kontroln\u00ed \u010dinnosti je prov\u00e1d\u011bn dozor nad pln\u011bn\u00edm povinnost\u00ed vypl\u00fdvaj\u00edc\u00edch ze z\u00e1kona u v\u00fdrobc\u016f, provozovatel\u016f podporovan\u00fdch zdroj\u016f energie, a to z kategorie mal\u00fdch vodn\u00edch elektr\u00e1ren, zdroj\u016f vyu\u017e\u00edvaj\u00edc\u00edch biomasu a bioplyn, skl\u00e1dkov\u00fd plyn, kalov\u00fd plyn a d\u016fln\u00ed plyn z uzav\u0159en\u00fdch dol\u016f, v\u011btrn\u00e9 elektr\u00e1rny, v\u00fdrobny vyu\u017e\u00edvaj\u00edc\u00ed slune\u010dn\u00ed z\u00e1\u0159en\u00ed a geoterm\u00e1ln\u00ed energii. Jedn\u00e1 se zejm\u00e9na o povinnosti spojen\u00e9 s provozem t\u011bchto zdroj\u016f, m\u011b\u0159en\u00ed vyroben\u00e9 elekt\u0159iny, uplatn\u011bn\u00edm podpory na elekt\u0159inu vyrobenou, spot\u0159ebovanou, resp. dodanou do soustav, a jej\u00ed\u017e rozsah je vymezen platn\u00fdmi pr\u00e1vn\u00edmi p\u0159edpisy. P\u0159edm\u011btem kontrol je t\u00e9\u017e pln\u011bn\u00ed povinnost\u00ed provozovatel\u016f POZE p\u0159i vykazov\u00e1n\u00ed vyroben\u00e9 elekt\u0159iny a p\u0159ed\u00e1n\u00ed t\u011bchto \u00fadaj\u016f Oper\u00e1torovi trhu (OTE).<\/p>\n<p>V oblasti ochrany spot\u0159ebitele je \u010dinnost inspekce realizov\u00e1na dohledem nad pln\u011bn\u00edm z\u00e1sad, na jejich\u017e z\u00e1klad\u011b jsou vybran\u00e9 v\u00fdrobky um\u00edst\u011bn\u00e9 na tuzemsk\u00e9m trhu spot\u0159ebov\u00e1vaj\u00edc\u00ed elektrickou energii, kupuj\u00edc\u00ed \u2013 spot\u0159ebitel\u00e9 informov\u00e1ni o jejich technick\u00fdch parametrech ovliv\u0148uj\u00edc\u00edch spot\u0159ebu elekt\u0159iny, \u00fa\u010dinnost provozu, atd. Jedn\u00e1 se o problematiku \u0161t\u00edtkov\u00e1n\u00ed spot\u0159ebi\u010d\u016f vyu\u017e\u00edvaj\u00edc\u00edch ke sv\u00e9mu provozu elektrickou energii a d\u00e1le pak celou oblast pln\u011bn\u00ed po\u017eadavk\u016f na ekodesign v\u00fdrobk\u016f spojenou se spot\u0159ebou elekt\u0159iny. Oba tyto okruhy \u010dinnosti vypl\u00fdvaj\u00ed z nutnosti zaji\u0161t\u011bn\u00ed povinnost\u00ed, kter\u00e9 jsou prom\u00edtnut\u00edm direktiv Evropsk\u00e9 unie do na\u0161eho pr\u00e1vn\u00edho \u0159\u00e1du. Jejich c\u00edlem je informovat spot\u0159ebitele o vlastnostech v\u00fdrobk\u016f a motivov\u00e1n\u00edm provozov\u00e1n\u00edm v\u00fdrobk\u016f s vy\u0161\u0161\u00ed energetickou \u00fa\u010dinnost\u00ed a t\u00edm sn\u00ed\u017een\u00ed z\u00e1t\u011b\u017ee \u017eivotn\u00edho prost\u0159ed\u00ed.<\/p>\n<p>Na \u00faseku kontroly a \u00faspor energie je rovn\u011b\u017e \u010dinnost zam\u011b\u0159ena do dvou oblast\u00ed: V r\u00e1mci kontroln\u00ed \u010dinnosti je prov\u00e1d\u011bn zejm\u00e9na dozor pln\u011bn\u00ed ustanoven\u00ed z\u00e1kona o POZE a to v oblastech \u2013 dodr\u017eov\u00e1n\u00ed v\u00fd\u0161e podpory el. energie p\u0159i spalov\u00e1n\u00ed biomasy, zdali podpora je realizov\u00e1na stanovenou v\u00fdkupn\u00ed cenou nebo formou zelen\u00fdch bonus\u016f a zda v\u00fdrobce spr\u00e1vn\u011b p\u0159i\u0159adil stanovenou v\u00fdkupn\u00ed cenu nebo zelen\u00fd bonus k pou\u017e\u00edvan\u00e9mu druhu biomasy, dodr\u017eov\u00e1n\u00ed v\u00fd\u0161e p\u0159\u00edsp\u011bvk\u016f p\u0159i kombinovan\u00e9 v\u00fdrob\u011b elekt\u0159iny a tepla z druhotn\u00fdch zdroj\u016f dle CR ER\u00da a dodr\u017eov\u00e1n\u00ed v\u00fd\u0161e podpory el. energie p\u0159i vyu\u017e\u00edv\u00e1n\u00ed energetick\u00e9ho potenci\u00e1lu OZE. D\u00e1le je kontroln\u00ed \u010dinnost zam\u011b\u0159ena na koncesovan\u00e9 v\u00fdrobce zdroj\u016f tepla (z\u00e1kon \u010d. 455\/1991 Sb.), zda tito dodr\u017euj\u00ed po\u017eadavky \u017eivnostensk\u00e9ho z\u00e1kona a dal\u0161\u00edch souvisej\u00edc\u00edch p\u0159edpis\u016f a zda podnikaj\u00ed ve smyslu tohoto z\u00e1kona.<\/p>\n<p>V oblasti \u00faspor energie je \u010dinnost zam\u011b\u0159ena zejm\u00e9na na dodr\u017eov\u00e1n\u00ed ustanoven\u00ed z\u00e1kona o hospoda\u0159en\u00ed a to na kontrolu energetick\u00fdch audit\u016f, zda subjekty maj\u00edc\u00ed povinnost podrobit sv\u00e9 budovy a energetick\u00e9 hospod\u00e1\u0159stv\u00ed energetick\u00e9mu auditu tuto povinnost splnily a zda tyto audity spl\u0148uj\u00ed n\u00e1le\u017eitosti uveden\u00e9 v legislativ\u011b, kontroly kotl\u016f a klimatiza\u010dn\u00edch syst\u00e9m\u016f, kontroly vn\u011bj\u0161\u00edch a vnit\u0159n\u00edch distribu\u010dn\u00edch syst\u00e9m\u016f dod\u00e1vky tepla a chladu z hlediska vybavenosti t\u011bchto syst\u00e9m\u016f regula\u010dn\u00ed a m\u011b\u0159ic\u00ed technikou, dodr\u017eov\u00e1n\u00ed vnit\u0159n\u00edch teplot v m\u00edstnostech (p\u0159et\u00e1p\u011bn\u00ed a nedot\u00e1p\u011bn\u00ed) a to zejm\u00e9na v bytov\u00fdch objektech a kontroly pln\u011bn\u00ed po\u017eadavk\u016f u budov z hlediska PENB. D\u00e1le SEI vyd\u00e1v\u00e1 stanoviska a z\u00e1vazn\u00e1 stanoviska v r\u00e1mci \u00fazemn\u00edho pl\u00e1nov\u00e1n\u00ed a stavebn\u00edho \u0159\u00edzen\u00ed.<\/p>\n","protected":false},"excerpt":{"rendered":"<p>St\u00e1tn\u00ed energetick\u00e1 inspekce (SEI) prov\u00e1d\u00ed kontroln\u00ed \u010dinnost. P\u016fsobnost kontroln\u00ed \u010dinnosti je d\u00e1na Energetick\u00fdm z\u00e1konem. Zde je vymezena p\u016fsobnost SEI k prov\u00e1d\u011bn\u00ed kontroln\u00ed \u010dinnosti v re\u017eimu z\u00e1kon\u016f o podporovan\u00fdch zdroj\u00edch energie, o hospoda\u0159en\u00ed energi\u00ed, o p\u016fsobnosti org\u00e1n\u016f \u010cesk\u00e9 republiky v oblasti cen. Prokazateln\u00e9 poru\u0161en\u00ed ustanoven\u00ed a jejich kvalifikace jsou specifikov\u00e1ny p\u0159\u00edmo v t\u011bchto z\u00e1konech. Inspekce nem\u016f\u017ee &hellip; <\/p>\n","protected":false},"author":1,"featured_media":0,"parent":77,"menu_order":0,"comment_status":"closed","ping_status":"closed","template":"","meta":{"footnotes":""},"class_list":["post-372","page","type-page","status-publish","hentry","latest_post"],"_links":{"self":[{"href":"https:\/\/sei.gov.cz\/index.php?rest_route=\/wp\/v2\/pages\/372","targetHints":{"allow":["GET"]}}],"collection":[{"href":"https:\/\/sei.gov.cz\/index.php?rest_route=\/wp\/v2\/pages"}],"about":[{"href":"https:\/\/sei.gov.cz\/index.php?rest_route=\/wp\/v2\/types\/page"}],"author":[{"embeddable":true,"href":"https:\/\/sei.gov.cz\/index.php?rest_route=\/wp\/v2\/users\/1"}],"replies":[{"embeddable":true,"href":"https:\/\/sei.gov.cz\/index.php?rest_route=%2Fwp%2Fv2%2Fcomments&post=372"}],"version-history":[{"count":1,"href":"https:\/\/sei.gov.cz\/index.php?rest_route=\/wp\/v2\/pages\/372\/revisions"}],"predecessor-version":[{"id":2808,"href":"https:\/\/sei.gov.cz\/index.php?rest_route=\/wp\/v2\/pages\/372\/revisions\/2808"}],"up":[{"embeddable":true,"href":"https:\/\/sei.gov.cz\/index.php?rest_route=\/wp\/v2\/pages\/77"}],"wp:attachment":[{"href":"https:\/\/sei.gov.cz\/index.php?rest_route=%2Fwp%2Fv2%2Fmedia&parent=372"}],"curies":[{"name":"wp","href":"https:\/\/api.w.org\/{rel}","templated":true}]}}