{"id":1345,"date":"2015-09-16T10:53:26","date_gmt":"2015-09-16T08:53:26","guid":{"rendered":"http:\/\/10.1.1.10:8080\/wordpress\/?page_id=1345"},"modified":"2015-09-16T10:53:26","modified_gmt":"2015-09-16T08:53:26","slug":"casto-kladene-otazky","status":"publish","type":"page","link":"https:\/\/sei.gov.cz\/?page_id=1345","title":{"rendered":"\u010casto kladen\u00e9 ot\u00e1zky"},"content":{"rendered":"<p><a name=\"1\"><\/a><span class=\"collapseomatic \" id=\"id69f5c0302fa11\"  tabindex=\"0\" title=\"Definice velk\u00e9ho podniku\"    >Definice velk\u00e9ho podniku<\/span><div id=\"target-id69f5c0302fa11\" class=\"collapseomatic_content \">Odpov\u011b\u010f, odpov\u011b\u010f, odpov\u011b\u010f, odpov\u011b\u010f, odpov\u011b\u010f, odpov\u011b\u010f, odpov\u011b\u010f, odpov\u011b\u010f, <\/div>\n<p><a name=\"2\"><\/a><span class=\"collapseomatic \" id=\"id69f5c0302fa41\"  tabindex=\"0\" title=\"Musej\u00ed m\u00edt objekty v pam\u00e1tkov\u00e9 z\u00f3n\u011b a objekty postaven\u00e9 p\u0159ed rokem 1947 PENB?\"    >Musej\u00ed m\u00edt objekty v pam\u00e1tkov\u00e9 z\u00f3n\u011b a objekty postaven\u00e9 p\u0159ed rokem 1947 PENB?<\/span><div id=\"target-id69f5c0302fa41\" class=\"collapseomatic_content \">Odpov\u011b\u010f, odpov\u011b\u010f, odpov\u011b\u010f, odpov\u011b\u010f, odpov\u011b\u010f, odpov\u011b\u010f, odpov\u011b\u010f, odpov\u011b\u010f, <\/div>\n<p><a name=\"3\"><\/a><span class=\"collapseomatic \" id=\"id69f5c0302fa5a\"  tabindex=\"0\" title=\"Kdo m\u00e1 povinnost zpracovat EA pro prostory, kter\u00e9 vyu\u017e\u00edv\u00e1 velk\u00fd podnik, ale nejsou jeho majetkem?\"    >Kdo m\u00e1 povinnost zpracovat EA pro prostory, kter\u00e9 vyu\u017e\u00edv\u00e1 velk\u00fd podnik, ale nejsou jeho majetkem?<\/span><div id=\"target-id69f5c0302fa5a\" class=\"collapseomatic_content \">Odpov\u011b\u010f, odpov\u011b\u010f, odpov\u011b\u010f, odpov\u011b\u010f, odpov\u011b\u010f, odpov\u011b\u010f, odpov\u011b\u010f, odpov\u011b\u010f, <\/div>\n<p><a name=\"4\"><\/a><span class=\"collapseomatic \" id=\"id69f5c0302fa6d\"  tabindex=\"0\" title=\"Kter\u00e9 pr\u016fmyslov\u00e9 objekty naj\u00ed povinnost opat\u0159it si PENB?\"    >Kter\u00e9 pr\u016fmyslov\u00e9 objekty naj\u00ed povinnost opat\u0159it si PENB?<\/span><div id=\"target-id69f5c0302fa6d\" class=\"collapseomatic_content \">Odpov\u011b\u010f, odpov\u011b\u010f, odpov\u011b\u010f, odpov\u011b\u010f, odpov\u011b\u010f, odpov\u011b\u010f, odpov\u011b\u010f, odpov\u011b\u010f, <\/div>\n","protected":false},"excerpt":{"rendered":"","protected":false},"author":6,"featured_media":0,"parent":1249,"menu_order":0,"comment_status":"closed","ping_status":"closed","template":"","meta":{"footnotes":""},"class_list":["post-1345","page","type-page","status-publish","hentry","latest_post"],"_links":{"self":[{"href":"https:\/\/sei.gov.cz\/index.php?rest_route=\/wp\/v2\/pages\/1345","targetHints":{"allow":["GET"]}}],"collection":[{"href":"https:\/\/sei.gov.cz\/index.php?rest_route=\/wp\/v2\/pages"}],"about":[{"href":"https:\/\/sei.gov.cz\/index.php?rest_route=\/wp\/v2\/types\/page"}],"author":[{"embeddable":true,"href":"https:\/\/sei.gov.cz\/index.php?rest_route=\/wp\/v2\/users\/6"}],"replies":[{"embeddable":true,"href":"https:\/\/sei.gov.cz\/index.php?rest_route=%2Fwp%2Fv2%2Fcomments&post=1345"}],"version-history":[{"count":0,"href":"https:\/\/sei.gov.cz\/index.php?rest_route=\/wp\/v2\/pages\/1345\/revisions"}],"up":[{"embeddable":true,"href":"https:\/\/sei.gov.cz\/index.php?rest_route=\/wp\/v2\/pages\/1249"}],"wp:attachment":[{"href":"https:\/\/sei.gov.cz\/index.php?rest_route=%2Fwp%2Fv2%2Fmedia&parent=1345"}],"curies":[{"name":"wp","href":"https:\/\/api.w.org\/{rel}","templated":true}]}}