{"id":1152,"date":"2015-09-09T09:58:59","date_gmt":"2015-09-09T07:58:59","guid":{"rendered":"http:\/\/10.1.1.10:8080\/wordpress\/?page_id=1152"},"modified":"2015-09-09T09:58:59","modified_gmt":"2015-09-09T07:58:59","slug":"merice-tepla","status":"publish","type":"page","link":"https:\/\/sei.gov.cz\/?page_id=1152","title":{"rendered":"M\u011b\u0159i\u010de tepla"},"content":{"rendered":"","protected":false},"excerpt":{"rendered":"","protected":false},"author":2,"featured_media":0,"parent":1249,"menu_order":0,"comment_status":"closed","ping_status":"closed","template":"","meta":{"footnotes":""},"class_list":["post-1152","page","type-page","status-publish","hentry","latest_post"],"_links":{"self":[{"href":"https:\/\/sei.gov.cz\/index.php?rest_route=\/wp\/v2\/pages\/1152","targetHints":{"allow":["GET"]}}],"collection":[{"href":"https:\/\/sei.gov.cz\/index.php?rest_route=\/wp\/v2\/pages"}],"about":[{"href":"https:\/\/sei.gov.cz\/index.php?rest_route=\/wp\/v2\/types\/page"}],"author":[{"embeddable":true,"href":"https:\/\/sei.gov.cz\/index.php?rest_route=\/wp\/v2\/users\/2"}],"replies":[{"embeddable":true,"href":"https:\/\/sei.gov.cz\/index.php?rest_route=%2Fwp%2Fv2%2Fcomments&post=1152"}],"version-history":[{"count":0,"href":"https:\/\/sei.gov.cz\/index.php?rest_route=\/wp\/v2\/pages\/1152\/revisions"}],"up":[{"embeddable":true,"href":"https:\/\/sei.gov.cz\/index.php?rest_route=\/wp\/v2\/pages\/1249"}],"wp:attachment":[{"href":"https:\/\/sei.gov.cz\/index.php?rest_route=%2Fwp%2Fv2%2Fmedia&parent=1152"}],"curies":[{"name":"wp","href":"https:\/\/api.w.org\/{rel}","templated":true}]}}