{"id":1139,"date":"2015-09-08T18:13:18","date_gmt":"2015-09-08T16:13:18","guid":{"rendered":"http:\/\/10.1.1.10:8080\/wordpress\/?page_id=1139"},"modified":"2015-09-08T18:13:18","modified_gmt":"2015-09-08T16:13:18","slug":"vyjadreni-statni-energeticke-inspekce-k-nove-povinnosti-zpracovat-energeticky-audit","status":"publish","type":"page","link":"https:\/\/sei.gov.cz\/?page_id=1139","title":{"rendered":"Vyj\u00e1d\u0159en\u00ed St\u00e1tn\u00ed energetick\u00e9 inspekce k nov\u00e9 povinnosti zpracovat energetick\u00fd audit"},"content":{"rendered":"<p>Novela z\u00e1kona \u010d. 406\/2000 Sb., o hospoda\u0159en\u00ed energi\u00ed, ve zn\u011bn\u00ed pozd\u011bj\u0161\u00edch p\u0159edpis\u016f (d\u00e1le jen \u201ez\u00e1kon\u201c), kter\u00e1 vstoupila v \u00fa\u010dinnost 1. \u010dervence 2015, zav\u00e1d\u00ed novou povinnost pro podnikatele, kter\u00fd nen\u00ed mal\u00fdm nebo st\u0159edn\u00edm podnikatelem, opakovan\u011b zpracovat energetick\u00fd audit.<\/p>\n<p>\u00a7 9 odst. 2:<br \/>\nPodnikatel, kter\u00fd nen\u00ed mal\u00fdm nebo st\u0159edn\u00edm podnikatelem, je povinen zpracovat pro j\u00edm u\u017e\u00edvan\u00e9 nebo vlastn\u011bn\u00e9 energetick\u00e9 hospod\u00e1\u0159stv\u00ed energetick\u00fd audit a d\u00e1le jej pravideln\u011b zpracov\u00e1vat nejm\u00e9n\u011b jednou za 4 roky. Povinnost zpracovat audit nem\u00e1 ten podnikatel, kter\u00fd m\u00e1 zaveden a akreditovanou osobou certifikov\u00e1n syst\u00e9m hospoda\u0159en\u00ed s energi\u00ed podle \u010desk\u00e9 harmonizovan\u00e9 normy upravuj\u00edc\u00ed syst\u00e9m managementu hospoda\u0159en\u00ed s energi\u00ed19) nebo m\u00e1 zaveden a akreditovanou osobou certifikov\u00e1n syst\u00e9m environment\u00e1ln\u00edho \u0159\u00edzen\u00ed podle \u010desk\u00e9 harmonizovan\u00e9 normy upravuj\u00edc\u00ed syst\u00e9my environment\u00e1ln\u00edho managementu20), kter\u00fd zahrnuje energetick\u00fd audit.<\/p>\n<p>19) \u010cSN EN ISO 50001 &#8211; Syst\u00e9m managementu hospoda\u0159en\u00ed s energi\u00ed.<br \/>\n20) \u010cSN EN ISO 14001 &#8211; Syst\u00e9my environment\u00e1ln\u00edho managementu.<\/p>\n<p>Vzhledem k dlouh\u00e9mu legislativn\u00edmu procesu p\u0159ij\u00edm\u00e1n\u00ed novely z\u00e1kona, vstoupila v \u00fa\u010dinnost se zpo\u017ed\u011bn\u00edm. Povinnost m\u00edt zpracovan\u00fd energetick\u00fd audit pro povinn\u00e9 strany ke konkr\u00e9tn\u00edmu datu 5. prosince 2015 v\u0161ak vych\u00e1z\u00ed p\u0159\u00edmo z evropsk\u00e9 sm\u011brnice a nebylo tedy mo\u017en\u00e9 lh\u016ftu v z\u00e1kon\u011b posunout. Z\u00e1rove\u0148 si SEI uv\u011bdomuje, \u017ee proces zpracov\u00e1n\u00ed obzvl\u00e1\u0161t\u011b certifikace normy u velk\u00fdch podnik\u016f m\u016f\u017ee b\u00fdt del\u0161\u00ed ne\u017e 5 m\u011bs\u00edc\u016f. Nav\u00edc i energeti\u010dt\u00ed specialist\u00e9 zpracov\u00e1vaj\u00edc\u00ed energetick\u00e9 audity maj\u00ed omezen\u00e9 kapacity, co\u017e zp\u016fsobuje, \u017ee ji\u017e odm\u00edtaj\u00ed zak\u00e1zky na zpracov\u00e1n\u00ed auditu nebo je oddaluj\u00ed do roku 2016. Z t\u011bchto d\u016fvod\u016f SEI, jak uvedl jej\u00ed \u00fast\u0159edn\u00ed \u0159editel Ing. Pavel Gebauer v rozhovoru pro T\u00dcV S\u00dcD Journal 3\/2015, nebude prvn\u00ed \u010d\u00e1st roku 2016 zahajovat kontroly t\u00e9to povinnosti z vlastn\u00ed aktivity. \u201ePokud bychom v\u0161ak obdr\u017eeli pod\u00e1n\u00ed, kter\u00e9 mus\u00ed b\u00fdt ze z\u00e1kona prov\u011b\u0159eno, budeme po\u017eadovat bu\u010f zpracovan\u00fd energetick\u00fd audit, nebo doklady o tom, \u017ee se na n\u011bm ji\u017e pracuje\u201c, uvedl Gebauer. To stejn\u00e9 bude aplikov\u00e1no v p\u0159\u00edpad\u011b certifikac\u00ed.<\/p>\n","protected":false},"excerpt":{"rendered":"<p>Novela z\u00e1kona \u010d. 406\/2000 Sb., o hospoda\u0159en\u00ed energi\u00ed, ve zn\u011bn\u00ed pozd\u011bj\u0161\u00edch p\u0159edpis\u016f (d\u00e1le jen \u201ez\u00e1kon\u201c), kter\u00e1 vstoupila v \u00fa\u010dinnost 1. \u010dervence 2015, zav\u00e1d\u00ed novou povinnost pro podnikatele, kter\u00fd nen\u00ed mal\u00fdm nebo st\u0159edn\u00edm podnikatelem, opakovan\u011b zpracovat energetick\u00fd audit. \u00a7 9 odst. 2: Podnikatel, kter\u00fd nen\u00ed mal\u00fdm nebo st\u0159edn\u00edm podnikatelem, je povinen zpracovat pro j\u00edm u\u017e\u00edvan\u00e9 nebo &hellip; <\/p>\n","protected":false},"author":2,"featured_media":0,"parent":0,"menu_order":0,"comment_status":"closed","ping_status":"open","template":"template-blog.php","meta":{"footnotes":""},"class_list":["post-1139","page","type-page","status-publish","hentry","latest_post"],"_links":{"self":[{"href":"https:\/\/sei.gov.cz\/index.php?rest_route=\/wp\/v2\/pages\/1139","targetHints":{"allow":["GET"]}}],"collection":[{"href":"https:\/\/sei.gov.cz\/index.php?rest_route=\/wp\/v2\/pages"}],"about":[{"href":"https:\/\/sei.gov.cz\/index.php?rest_route=\/wp\/v2\/types\/page"}],"author":[{"embeddable":true,"href":"https:\/\/sei.gov.cz\/index.php?rest_route=\/wp\/v2\/users\/2"}],"replies":[{"embeddable":true,"href":"https:\/\/sei.gov.cz\/index.php?rest_route=%2Fwp%2Fv2%2Fcomments&post=1139"}],"version-history":[{"count":0,"href":"https:\/\/sei.gov.cz\/index.php?rest_route=\/wp\/v2\/pages\/1139\/revisions"}],"wp:attachment":[{"href":"https:\/\/sei.gov.cz\/index.php?rest_route=%2Fwp%2Fv2%2Fmedia&parent=1139"}],"curies":[{"name":"wp","href":"https:\/\/api.w.org\/{rel}","templated":true}]}}